{"id":165,"date":"2015-07-10T15:21:44","date_gmt":"2015-07-10T15:21:44","guid":{"rendered":"http:\/\/buressa.com\/?post_type=product&#038;p=165"},"modified":"2021-06-08T08:43:12","modified_gmt":"2021-06-08T06:43:12","slug":"estiercol-de-caballo","status":"publish","type":"product","link":"https:\/\/buressa.com\/es\/producto\/estiercol-de-caballo\/","title":{"rendered":"Esti\u00e9rcol de Caballo"},"content":{"rendered":"<p style=\"text-align: justify;\">Compost de esti\u00e9rcol de caballo y fibras vegetales, madurado y cribado, adecuado para su aplicaci\u00f3n en la mejora de la tierra de huertos y jardines.<\/p>\n<p style=\"text-align: justify;\">Producto higienizado libre de hierbas y pat\u00f3genos.<br \/>\n\u00b7 Incorporado al suelo mejora la retenci\u00f3n de agua y nutrientes.<br \/>\n\u00b7 Elevado contenido en materia org\u00e1nica de origen animal.<\/p>\n<p style=\"text-align: justify;\">\u00a0DOSIS RECOMENDADA: Aplicar en un grosor de 2 a 4 cm. Un saco de 50 litros para 2 m\u00b2. Incorporar.<\/p>","protected":false},"excerpt":{"rendered":"<p>Compost de esti\u00e9rcol de caballo y fibras vegetales, madurado y cribado, adecuado para su aplicaci\u00f3n en la mejora de la tierra de huertos y jardines. Producto higienizado libre de hierbas y pat\u00f3genos. \u00b7 Incorporado al suelo mejora la retenci\u00f3n de agua y nutrientes. \u00b7 Elevado contenido en materia org\u00e1nica de origen animal. \u00a0DOSIS RECOMENDADA: Aplicar&#8230;<\/p>\n","protected":false},"featured_media":1036,"comment_status":"open","ping_status":"closed","template":"","meta":[],"yoast_head":"<!-- This site is optimized with the Yoast SEO plugin v19.10 - https:\/\/yoast.com\/wordpress\/plugins\/seo\/ -->\n<title>Esti\u00e9rcol de caballo para mejorar huertos y jardines.<\/title>\n<meta name=\"description\" content=\"Compost de esti\u00e9rcol de caballo y fibras vegetales, madurado y cribado, adecuado para su aplicaci\u00f3n en la mejora del suelo de huertos y jardines.\" \/>\n<meta name=\"robots\" content=\"index, follow, max-snippet:-1, max-image-preview:large, max-video-preview:-1\" \/>\n<link rel=\"canonical\" href=\"https:\/\/buressa.com\/en\/product\/horse-manure\/\" \/>\n<meta property=\"og:locale\" content=\"es_ES\" \/>\n<meta property=\"og:type\" content=\"article\" \/>\n<meta property=\"og:title\" content=\"Esti\u00e9rcol de caballo para mejorar huertos y jardines.\" \/>\n<meta property=\"og:description\" content=\"Compost de esti\u00e9rcol de caballo y fibras vegetales, madurado y cribado, adecuado para su aplicaci\u00f3n en la mejora del suelo de huertos y jardines.\" \/>\n<meta property=\"og:url\" content=\"https:\/\/buressa.com\/en\/product\/horse-manure\/\" \/>\n<meta property=\"og:site_name\" content=\"Bur\u00e9s S.A.U.\" \/>\n<meta property=\"article:modified_time\" content=\"2021-06-08T06:43:12+00:00\" \/>\n<meta property=\"og:image\" content=\"https:\/\/buressa.com\/wp-content\/uploads\/2015\/07\/Estiercol-de-Caballo-15L_nansa.png\" \/>\n\t<meta property=\"og:image:width\" content=\"700\" \/>\n\t<meta property=\"og:image:height\" content=\"450\" \/>\n\t<meta property=\"og:image:type\" content=\"image\/png\" \/>\n<meta name=\"twitter:card\" content=\"summary_large_image\" \/>\n<meta name=\"twitter:label1\" content=\"Tiempo de lectura\" \/>\n\t<meta name=\"twitter:data1\" content=\"1 minuto\" \/>\n<script type=\"application\/ld+json\" class=\"yoast-schema-graph\">{\"@context\":\"https:\/\/schema.org\",\"@graph\":[{\"@type\":\"WebPage\",\"@id\":\"https:\/\/buressa.com\/en\/product\/horse-manure\/\",\"url\":\"https:\/\/buressa.com\/en\/product\/horse-manure\/\",\"name\":\"Esti\u00e9rcol de caballo para mejorar huertos y jardines.\",\"isPartOf\":{\"@id\":\"https:\/\/buressa.com\/en\/#website\"},\"datePublished\":\"2015-07-10T15:21:44+00:00\",\"dateModified\":\"2021-06-08T06:43:12+00:00\",\"description\":\"Compost de esti\u00e9rcol de caballo y fibras vegetales, madurado y cribado, adecuado para su aplicaci\u00f3n en la mejora del suelo de huertos y jardines.\",\"breadcrumb\":{\"@id\":\"https:\/\/buressa.com\/en\/product\/horse-manure\/#breadcrumb\"},\"inLanguage\":\"es\",\"potentialAction\":[{\"@type\":\"ReadAction\",\"target\":[\"https:\/\/buressa.com\/en\/product\/horse-manure\/\"]}]},{\"@type\":\"BreadcrumbList\",\"@id\":\"https:\/\/buressa.com\/en\/product\/horse-manure\/#breadcrumb\",\"itemListElement\":[{\"@type\":\"ListItem\",\"position\":1,\"name\":\"Portada\",\"item\":\"https:\/\/buressa.com\/en\/\"},{\"@type\":\"ListItem\",\"position\":2,\"name\":\"Productos\",\"item\":\"https:\/\/buressa.com\/es\/shop\/\"},{\"@type\":\"ListItem\",\"position\":3,\"name\":\"Horse Manure\"}]},{\"@type\":\"WebSite\",\"@id\":\"https:\/\/buressa.com\/en\/#website\",\"url\":\"https:\/\/buressa.com\/en\/\",\"name\":\"Bur\u00e9s S.A.U.\",\"description\":\"Bur\u00e9s, la buena tierra. Fabricantes de tierras y sustratos para jardiner\u00eda.\",\"publisher\":{\"@id\":\"https:\/\/buressa.com\/en\/#organization\"},\"potentialAction\":[{\"@type\":\"SearchAction\",\"target\":{\"@type\":\"EntryPoint\",\"urlTemplate\":\"https:\/\/buressa.com\/en\/?s={search_term_string}\"},\"query-input\":\"required name=search_term_string\"}],\"inLanguage\":\"es\"},{\"@type\":\"Organization\",\"@id\":\"https:\/\/buressa.com\/en\/#organization\",\"name\":\"BUR\u00c9S, S.A.U.\",\"url\":\"https:\/\/buressa.com\/en\/\",\"logo\":{\"@type\":\"ImageObject\",\"inLanguage\":\"es\",\"@id\":\"https:\/\/buressa.com\/en\/#\/schema\/logo\/image\/\",\"url\":\"https:\/\/buressa.com\/wp-content\/uploads\/2015\/06\/bures-sense-marge-marro_ok.png\",\"contentUrl\":\"https:\/\/buressa.com\/wp-content\/uploads\/2015\/06\/bures-sense-marge-marro_ok.png\",\"width\":141,\"height\":102,\"caption\":\"BUR\u00c9S, S.A.U.\"},\"image\":{\"@id\":\"https:\/\/buressa.com\/en\/#\/schema\/logo\/image\/\"}}]}<\/script>\n<!-- \/ Yoast SEO plugin. -->","yoast_head_json":{"title":"Esti\u00e9rcol de caballo para mejorar huertos y jardines.","description":"Compost de esti\u00e9rcol de caballo y fibras vegetales, madurado y cribado, adecuado para su aplicaci\u00f3n en la mejora del suelo de huertos y jardines.","robots":{"index":"index","follow":"follow","max-snippet":"max-snippet:-1","max-image-preview":"max-image-preview:large","max-video-preview":"max-video-preview:-1"},"canonical":"https:\/\/buressa.com\/en\/product\/horse-manure\/","og_locale":"es_ES","og_type":"article","og_title":"Esti\u00e9rcol de caballo para mejorar huertos y jardines.","og_description":"Compost de esti\u00e9rcol de caballo y fibras vegetales, madurado y cribado, adecuado para su aplicaci\u00f3n en la mejora del suelo de huertos y jardines.","og_url":"https:\/\/buressa.com\/en\/product\/horse-manure\/","og_site_name":"Bur\u00e9s S.A.U.","article_modified_time":"2021-06-08T06:43:12+00:00","og_image":[{"width":700,"height":450,"url":"https:\/\/buressa.com\/wp-content\/uploads\/2015\/07\/Estiercol-de-Caballo-15L_nansa.png","type":"image\/png"}],"twitter_card":"summary_large_image","twitter_misc":{"Tiempo de lectura":"1 minuto"},"schema":{"@context":"https:\/\/schema.org","@graph":[{"@type":"WebPage","@id":"https:\/\/buressa.com\/en\/product\/horse-manure\/","url":"https:\/\/buressa.com\/en\/product\/horse-manure\/","name":"Esti\u00e9rcol de caballo para mejorar huertos y jardines.","isPartOf":{"@id":"https:\/\/buressa.com\/en\/#website"},"datePublished":"2015-07-10T15:21:44+00:00","dateModified":"2021-06-08T06:43:12+00:00","description":"Compost de esti\u00e9rcol de caballo y fibras vegetales, madurado y cribado, adecuado para su aplicaci\u00f3n en la mejora del suelo de huertos y jardines.","breadcrumb":{"@id":"https:\/\/buressa.com\/en\/product\/horse-manure\/#breadcrumb"},"inLanguage":"es","potentialAction":[{"@type":"ReadAction","target":["https:\/\/buressa.com\/en\/product\/horse-manure\/"]}]},{"@type":"BreadcrumbList","@id":"https:\/\/buressa.com\/en\/product\/horse-manure\/#breadcrumb","itemListElement":[{"@type":"ListItem","position":1,"name":"Portada","item":"https:\/\/buressa.com\/en\/"},{"@type":"ListItem","position":2,"name":"Productos","item":"https:\/\/buressa.com\/es\/shop\/"},{"@type":"ListItem","position":3,"name":"Horse Manure"}]},{"@type":"WebSite","@id":"https:\/\/buressa.com\/en\/#website","url":"https:\/\/buressa.com\/en\/","name":"Bur\u00e9s S.A.U.","description":"Bur\u00e9s, la buena tierra. Fabricantes de tierras y sustratos para jardiner\u00eda.","publisher":{"@id":"https:\/\/buressa.com\/en\/#organization"},"potentialAction":[{"@type":"SearchAction","target":{"@type":"EntryPoint","urlTemplate":"https:\/\/buressa.com\/en\/?s={search_term_string}"},"query-input":"required name=search_term_string"}],"inLanguage":"es"},{"@type":"Organization","@id":"https:\/\/buressa.com\/en\/#organization","name":"BUR\u00c9S, S.A.U.","url":"https:\/\/buressa.com\/en\/","logo":{"@type":"ImageObject","inLanguage":"es","@id":"https:\/\/buressa.com\/en\/#\/schema\/logo\/image\/","url":"https:\/\/buressa.com\/wp-content\/uploads\/2015\/06\/bures-sense-marge-marro_ok.png","contentUrl":"https:\/\/buressa.com\/wp-content\/uploads\/2015\/06\/bures-sense-marge-marro_ok.png","width":141,"height":102,"caption":"BUR\u00c9S, S.A.U."},"image":{"@id":"https:\/\/buressa.com\/en\/#\/schema\/logo\/image\/"}}]}},"_links":{"self":[{"href":"https:\/\/buressa.com\/es\/wp-json\/wp\/v2\/product\/165"}],"collection":[{"href":"https:\/\/buressa.com\/es\/wp-json\/wp\/v2\/product"}],"about":[{"href":"https:\/\/buressa.com\/es\/wp-json\/wp\/v2\/types\/product"}],"replies":[{"embeddable":true,"href":"https:\/\/buressa.com\/es\/wp-json\/wp\/v2\/comments?post=165"}],"wp:featuredmedia":[{"embeddable":true,"href":"https:\/\/buressa.com\/es\/wp-json\/wp\/v2\/media\/1036"}],"wp:attachment":[{"href":"https:\/\/buressa.com\/es\/wp-json\/wp\/v2\/media?parent=165"}],"curies":[{"name":"wp","href":"https:\/\/api.w.org\/{rel}","templated":true}]}}