{"id":166,"date":"2015-07-10T15:24:02","date_gmt":"2015-07-10T15:24:02","guid":{"rendered":"http:\/\/buressa.com\/?post_type=product&#038;p=166"},"modified":"2023-02-10T15:45:30","modified_gmt":"2023-02-10T14:45:30","slug":"mantillo","status":"publish","type":"product","link":"https:\/\/buressa.com\/es\/producto\/mantillo-ecologico\/","title":{"rendered":"Mantillo Ecol\u00f3gico"},"content":{"rendered":"El mantillo es un producto obtenido a partir del compostaje de poda de jardiner\u00eda y fibras vegetales, madurado y cribado. Est\u00e1 indicado para la mejora de tierras de cultivo en agricultura, fruiticultura, jardiner\u00eda y \u00e1reas verdes, y tambi\u00e9n para el trasplante en suelos de jard\u00edn y huerto.<\/p>\n<p>Mezclado con la tierra de cultivo aumenta la capacidad de retenci\u00f3n de agua y nutrientes y favorece la actividad biol\u00f3gica y el drenaje. Adem\u00e1s incorpora al suelo nutrientes de origen natural.<\/p>\n<p>El mantillo fabricado en Bur\u00e9s es un producto con certificaci\u00f3n ecol\u00f3gica seg\u00fan el organismo de control Sohiscert. Utilizable en agricultura ecol\u00f3gica conforme al Reglamento (CE) n\u00ba 834\/2007.","protected":false},"excerpt":{"rendered":"<p>El mantillo es un producto obtenido a partir del compostaje de poda de jardiner\u00eda y fibras vegetales, madurado y cribado. Est\u00e1 indicado para la mejora de tierras de cultivo en agricultura, fruiticultura, jardiner\u00eda y \u00e1reas verdes, y tambi\u00e9n para el trasplante en suelos de jard\u00edn y huerto. Mezclado con la tierra de cultivo aumenta la&#8230;<\/p>\n","protected":false},"featured_media":456,"comment_status":"open","ping_status":"closed","template":"","meta":[],"yoast_head":"<!-- This site is optimized with the Yoast SEO plugin v19.10 - https:\/\/yoast.com\/wordpress\/plugins\/seo\/ -->\n<title>Mantillo, compost vegetal para el huerto y jard\u00edn. Con certificado ecol\u00f3gico.<\/title>\n<meta name=\"description\" content=\"El mantillo de Bur\u00e9s es un producto procedente de compostaje de poda de jard\u00edn que incorporado al suelo de cultivo lo mejora y aporta nutrientes naturales.\" \/>\n<meta name=\"robots\" content=\"index, follow, max-snippet:-1, max-image-preview:large, max-video-preview:-1\" \/>\n<link rel=\"canonical\" href=\"https:\/\/buressa.com\/es\/producto\/mantillo-ecologico\/\" \/>\n<meta property=\"og:locale\" content=\"es_ES\" \/>\n<meta property=\"og:type\" content=\"article\" \/>\n<meta property=\"og:title\" content=\"Mantillo, compost vegetal para el huerto y jard\u00edn. Con certificado ecol\u00f3gico.\" \/>\n<meta property=\"og:description\" content=\"El mantillo de Bur\u00e9s es un producto procedente de compostaje de poda de jard\u00edn que incorporado al suelo de cultivo lo mejora y aporta nutrientes naturales.\" \/>\n<meta property=\"og:url\" content=\"https:\/\/buressa.com\/es\/producto\/mantillo-ecologico\/\" \/>\n<meta property=\"og:site_name\" content=\"Bur\u00e9s S.A.U.\" \/>\n<meta property=\"article:modified_time\" content=\"2023-02-10T14:45:30+00:00\" \/>\n<meta property=\"og:image\" content=\"https:\/\/buressa.com\/wp-content\/uploads\/2015\/07\/sac_3D_mantillo.png\" \/>\n\t<meta property=\"og:image:width\" content=\"700\" \/>\n\t<meta property=\"og:image:height\" content=\"450\" \/>\n\t<meta property=\"og:image:type\" content=\"image\/png\" \/>\n<meta name=\"twitter:card\" content=\"summary_large_image\" \/>\n<meta name=\"twitter:label1\" content=\"Tiempo de lectura\" \/>\n\t<meta name=\"twitter:data1\" content=\"1 minuto\" \/>\n<script type=\"application\/ld+json\" class=\"yoast-schema-graph\">{\"@context\":\"https:\/\/schema.org\",\"@graph\":[{\"@type\":\"WebPage\",\"@id\":\"https:\/\/buressa.com\/es\/producto\/mantillo-ecologico\/\",\"url\":\"https:\/\/buressa.com\/es\/producto\/mantillo-ecologico\/\",\"name\":\"Mantillo, compost vegetal para el huerto y jard\u00edn. Con certificado ecol\u00f3gico.\",\"isPartOf\":{\"@id\":\"https:\/\/buressa.com\/en\/#website\"},\"datePublished\":\"2015-07-10T15:24:02+00:00\",\"dateModified\":\"2023-02-10T14:45:30+00:00\",\"description\":\"El mantillo de Bur\u00e9s es un producto procedente de compostaje de poda de jard\u00edn que incorporado al suelo de cultivo lo mejora y aporta nutrientes naturales.\",\"breadcrumb\":{\"@id\":\"https:\/\/buressa.com\/es\/producto\/mantillo-ecologico\/#breadcrumb\"},\"inLanguage\":\"es\",\"potentialAction\":[{\"@type\":\"ReadAction\",\"target\":[\"https:\/\/buressa.com\/es\/producto\/mantillo-ecologico\/\"]}]},{\"@type\":\"BreadcrumbList\",\"@id\":\"https:\/\/buressa.com\/es\/producto\/mantillo-ecologico\/#breadcrumb\",\"itemListElement\":[{\"@type\":\"ListItem\",\"position\":1,\"name\":\"Portada\",\"item\":\"https:\/\/buressa.com\/en\/\"},{\"@type\":\"ListItem\",\"position\":2,\"name\":\"Productos\",\"item\":\"https:\/\/buressa.com\/es\/shop\/\"},{\"@type\":\"ListItem\",\"position\":3,\"name\":\"Mantillo Ecol\u00f3gico\"}]},{\"@type\":\"WebSite\",\"@id\":\"https:\/\/buressa.com\/en\/#website\",\"url\":\"https:\/\/buressa.com\/en\/\",\"name\":\"Bur\u00e9s S.A.U.\",\"description\":\"Bur\u00e9s, la buena tierra. Fabricantes de tierras y sustratos para jardiner\u00eda.\",\"publisher\":{\"@id\":\"https:\/\/buressa.com\/en\/#organization\"},\"potentialAction\":[{\"@type\":\"SearchAction\",\"target\":{\"@type\":\"EntryPoint\",\"urlTemplate\":\"https:\/\/buressa.com\/en\/?s={search_term_string}\"},\"query-input\":\"required name=search_term_string\"}],\"inLanguage\":\"es\"},{\"@type\":\"Organization\",\"@id\":\"https:\/\/buressa.com\/en\/#organization\",\"name\":\"BUR\u00c9S, S.A.U.\",\"url\":\"https:\/\/buressa.com\/en\/\",\"logo\":{\"@type\":\"ImageObject\",\"inLanguage\":\"es\",\"@id\":\"https:\/\/buressa.com\/en\/#\/schema\/logo\/image\/\",\"url\":\"https:\/\/buressa.com\/wp-content\/uploads\/2015\/06\/bures-sense-marge-marro_ok.png\",\"contentUrl\":\"https:\/\/buressa.com\/wp-content\/uploads\/2015\/06\/bures-sense-marge-marro_ok.png\",\"width\":141,\"height\":102,\"caption\":\"BUR\u00c9S, S.A.U.\"},\"image\":{\"@id\":\"https:\/\/buressa.com\/en\/#\/schema\/logo\/image\/\"}}]}<\/script>\n<!-- \/ Yoast SEO plugin. -->","yoast_head_json":{"title":"Mantillo, compost vegetal para el huerto y jard\u00edn. Con certificado ecol\u00f3gico.","description":"El mantillo de Bur\u00e9s es un producto procedente de compostaje de poda de jard\u00edn que incorporado al suelo de cultivo lo mejora y aporta nutrientes naturales.","robots":{"index":"index","follow":"follow","max-snippet":"max-snippet:-1","max-image-preview":"max-image-preview:large","max-video-preview":"max-video-preview:-1"},"canonical":"https:\/\/buressa.com\/es\/producto\/mantillo-ecologico\/","og_locale":"es_ES","og_type":"article","og_title":"Mantillo, compost vegetal para el huerto y jard\u00edn. Con certificado ecol\u00f3gico.","og_description":"El mantillo de Bur\u00e9s es un producto procedente de compostaje de poda de jard\u00edn que incorporado al suelo de cultivo lo mejora y aporta nutrientes naturales.","og_url":"https:\/\/buressa.com\/es\/producto\/mantillo-ecologico\/","og_site_name":"Bur\u00e9s S.A.U.","article_modified_time":"2023-02-10T14:45:30+00:00","og_image":[{"width":700,"height":450,"url":"https:\/\/buressa.com\/wp-content\/uploads\/2015\/07\/sac_3D_mantillo.png","type":"image\/png"}],"twitter_card":"summary_large_image","twitter_misc":{"Tiempo de lectura":"1 minuto"},"schema":{"@context":"https:\/\/schema.org","@graph":[{"@type":"WebPage","@id":"https:\/\/buressa.com\/es\/producto\/mantillo-ecologico\/","url":"https:\/\/buressa.com\/es\/producto\/mantillo-ecologico\/","name":"Mantillo, compost vegetal para el huerto y jard\u00edn. Con certificado ecol\u00f3gico.","isPartOf":{"@id":"https:\/\/buressa.com\/en\/#website"},"datePublished":"2015-07-10T15:24:02+00:00","dateModified":"2023-02-10T14:45:30+00:00","description":"El mantillo de Bur\u00e9s es un producto procedente de compostaje de poda de jard\u00edn que incorporado al suelo de cultivo lo mejora y aporta nutrientes naturales.","breadcrumb":{"@id":"https:\/\/buressa.com\/es\/producto\/mantillo-ecologico\/#breadcrumb"},"inLanguage":"es","potentialAction":[{"@type":"ReadAction","target":["https:\/\/buressa.com\/es\/producto\/mantillo-ecologico\/"]}]},{"@type":"BreadcrumbList","@id":"https:\/\/buressa.com\/es\/producto\/mantillo-ecologico\/#breadcrumb","itemListElement":[{"@type":"ListItem","position":1,"name":"Portada","item":"https:\/\/buressa.com\/en\/"},{"@type":"ListItem","position":2,"name":"Productos","item":"https:\/\/buressa.com\/es\/shop\/"},{"@type":"ListItem","position":3,"name":"Mantillo Ecol\u00f3gico"}]},{"@type":"WebSite","@id":"https:\/\/buressa.com\/en\/#website","url":"https:\/\/buressa.com\/en\/","name":"Bur\u00e9s S.A.U.","description":"Bur\u00e9s, la buena tierra. Fabricantes de tierras y sustratos para jardiner\u00eda.","publisher":{"@id":"https:\/\/buressa.com\/en\/#organization"},"potentialAction":[{"@type":"SearchAction","target":{"@type":"EntryPoint","urlTemplate":"https:\/\/buressa.com\/en\/?s={search_term_string}"},"query-input":"required name=search_term_string"}],"inLanguage":"es"},{"@type":"Organization","@id":"https:\/\/buressa.com\/en\/#organization","name":"BUR\u00c9S, S.A.U.","url":"https:\/\/buressa.com\/en\/","logo":{"@type":"ImageObject","inLanguage":"es","@id":"https:\/\/buressa.com\/en\/#\/schema\/logo\/image\/","url":"https:\/\/buressa.com\/wp-content\/uploads\/2015\/06\/bures-sense-marge-marro_ok.png","contentUrl":"https:\/\/buressa.com\/wp-content\/uploads\/2015\/06\/bures-sense-marge-marro_ok.png","width":141,"height":102,"caption":"BUR\u00c9S, S.A.U."},"image":{"@id":"https:\/\/buressa.com\/en\/#\/schema\/logo\/image\/"}}]}},"_links":{"self":[{"href":"https:\/\/buressa.com\/es\/wp-json\/wp\/v2\/product\/166"}],"collection":[{"href":"https:\/\/buressa.com\/es\/wp-json\/wp\/v2\/product"}],"about":[{"href":"https:\/\/buressa.com\/es\/wp-json\/wp\/v2\/types\/product"}],"replies":[{"embeddable":true,"href":"https:\/\/buressa.com\/es\/wp-json\/wp\/v2\/comments?post=166"}],"wp:featuredmedia":[{"embeddable":true,"href":"https:\/\/buressa.com\/es\/wp-json\/wp\/v2\/media\/456"}],"wp:attachment":[{"href":"https:\/\/buressa.com\/es\/wp-json\/wp\/v2\/media?parent=166"}],"curies":[{"name":"wp","href":"https:\/\/api.w.org\/{rel}","templated":true}]}}