{"id":172,"date":"2015-07-10T15:38:51","date_gmt":"2015-07-10T15:38:51","guid":{"rendered":"http:\/\/buressa.com\/?post_type=product&#038;p=172"},"modified":"2021-06-14T15:58:34","modified_gmt":"2021-06-14T13:58:34","slug":"cubresuelos-coco","status":"publish","type":"product","link":"https:\/\/buressa.com\/es\/producto\/cubresuelos-coco\/","title":{"rendered":"Cubresuelos Coco"},"content":{"rendered":"El Cubresuelos Coco, es un producto natural obtenido a partir de la c\u00e1scara del coco: chips de coco. Es un material de coloraci\u00f3n rojiza, en forma de chip, tama\u00f1o de part\u00edcula de 10 a 30 mm, con un bajo contenido en finos y de agradable sensaci\u00f3n al tacto.<\/p>\n<p>Ideal para mulch de jard\u00edn, decoraci\u00f3n interior, zonas de paso. Puede utilizarse en la creaci\u00f3n de h\u00e1bitats naturales para r\u00e9ptiles.<\/p>\n<ul>\n<li>Aportado a la dosis recomendada garantiza los beneficios de los cubresuelos.<\/li>\n<li>Debido a su naturaleza tiene un efecto confort en el jard\u00edn.<\/li>\n<li>Apto para ser utilizado en zonas de paso: mulching transitable.<\/li>\n<\/ul>\n<p>Dosis recomendada: Aplicar de forma uniforme sobre la tierra o el sustrato en un grosor de 5 cm. Un saco de 50 litros para 1 m2.<\/p>\n<p>&nbsp;","protected":false},"excerpt":{"rendered":"<p>El Cubresuelos Coco, es un producto natural obtenido a partir de la c\u00e1scara del coco: chips de coco. Es un material de coloraci\u00f3n rojiza, en forma de chip, tama\u00f1o de part\u00edcula de 10 a 30 mm, con un bajo contenido en finos y de agradable sensaci\u00f3n al tacto. Ideal para mulch de jard\u00edn, decoraci\u00f3n interior,&#8230;<\/p>\n","protected":false},"featured_media":1600,"comment_status":"open","ping_status":"closed","template":"","meta":[],"yoast_head":"<!-- This site is optimized with the Yoast SEO plugin v19.10 - https:\/\/yoast.com\/wordpress\/plugins\/seo\/ -->\n<title>Cubresuelos coco (chip de coco) para mulching en jardiner\u00eda.<\/title>\n<meta name=\"description\" content=\"El cubresuelos coco es un producto obtenido del fruto del coco para acolchado en jardiner\u00eda. Es decorativo y ventajoso para las plantas.\" \/>\n<meta name=\"robots\" content=\"index, follow, max-snippet:-1, max-image-preview:large, max-video-preview:-1\" \/>\n<link rel=\"canonical\" href=\"https:\/\/buressa.com\/es\/producto\/cubresuelos-coco\/\" \/>\n<meta property=\"og:locale\" content=\"es_ES\" \/>\n<meta property=\"og:type\" content=\"article\" \/>\n<meta property=\"og:title\" content=\"Cubresuelos coco (chip de coco) para mulching en jardiner\u00eda.\" \/>\n<meta property=\"og:description\" content=\"El cubresuelos coco es un producto obtenido del fruto del coco para acolchado en jardiner\u00eda. Es decorativo y ventajoso para las plantas.\" \/>\n<meta property=\"og:url\" content=\"https:\/\/buressa.com\/es\/producto\/cubresuelos-coco\/\" \/>\n<meta property=\"og:site_name\" content=\"Bur\u00e9s S.A.U.\" \/>\n<meta property=\"article:modified_time\" content=\"2021-06-14T13:58:34+00:00\" \/>\n<meta property=\"og:image\" content=\"https:\/\/buressa.com\/wp-content\/uploads\/2015\/07\/cubresuelos-coco.jpg\" \/>\n\t<meta property=\"og:image:width\" content=\"350\" \/>\n\t<meta property=\"og:image:height\" content=\"225\" \/>\n\t<meta property=\"og:image:type\" content=\"image\/jpeg\" \/>\n<meta name=\"twitter:card\" content=\"summary_large_image\" \/>\n<meta name=\"twitter:label1\" content=\"Tiempo de lectura\" \/>\n\t<meta name=\"twitter:data1\" content=\"1 minuto\" \/>\n<script type=\"application\/ld+json\" class=\"yoast-schema-graph\">{\"@context\":\"https:\/\/schema.org\",\"@graph\":[{\"@type\":\"WebPage\",\"@id\":\"https:\/\/buressa.com\/es\/producto\/cubresuelos-coco\/\",\"url\":\"https:\/\/buressa.com\/es\/producto\/cubresuelos-coco\/\",\"name\":\"Cubresuelos coco (chip de coco) para mulching en jardiner\u00eda.\",\"isPartOf\":{\"@id\":\"https:\/\/buressa.com\/en\/#website\"},\"datePublished\":\"2015-07-10T15:38:51+00:00\",\"dateModified\":\"2021-06-14T13:58:34+00:00\",\"description\":\"El cubresuelos coco es un producto obtenido del fruto del coco para acolchado en jardiner\u00eda. Es decorativo y ventajoso para las plantas.\",\"breadcrumb\":{\"@id\":\"https:\/\/buressa.com\/es\/producto\/cubresuelos-coco\/#breadcrumb\"},\"inLanguage\":\"es\",\"potentialAction\":[{\"@type\":\"ReadAction\",\"target\":[\"https:\/\/buressa.com\/es\/producto\/cubresuelos-coco\/\"]}]},{\"@type\":\"BreadcrumbList\",\"@id\":\"https:\/\/buressa.com\/es\/producto\/cubresuelos-coco\/#breadcrumb\",\"itemListElement\":[{\"@type\":\"ListItem\",\"position\":1,\"name\":\"Portada\",\"item\":\"https:\/\/buressa.com\/en\/\"},{\"@type\":\"ListItem\",\"position\":2,\"name\":\"Productos\",\"item\":\"https:\/\/buressa.com\/es\/shop\/\"},{\"@type\":\"ListItem\",\"position\":3,\"name\":\"Cubresuelos Coco\"}]},{\"@type\":\"WebSite\",\"@id\":\"https:\/\/buressa.com\/en\/#website\",\"url\":\"https:\/\/buressa.com\/en\/\",\"name\":\"Bur\u00e9s S.A.U.\",\"description\":\"Bur\u00e9s, la buena tierra. Fabricantes de tierras y sustratos para jardiner\u00eda.\",\"publisher\":{\"@id\":\"https:\/\/buressa.com\/en\/#organization\"},\"potentialAction\":[{\"@type\":\"SearchAction\",\"target\":{\"@type\":\"EntryPoint\",\"urlTemplate\":\"https:\/\/buressa.com\/en\/?s={search_term_string}\"},\"query-input\":\"required name=search_term_string\"}],\"inLanguage\":\"es\"},{\"@type\":\"Organization\",\"@id\":\"https:\/\/buressa.com\/en\/#organization\",\"name\":\"BUR\u00c9S, S.A.U.\",\"url\":\"https:\/\/buressa.com\/en\/\",\"logo\":{\"@type\":\"ImageObject\",\"inLanguage\":\"es\",\"@id\":\"https:\/\/buressa.com\/en\/#\/schema\/logo\/image\/\",\"url\":\"https:\/\/buressa.com\/wp-content\/uploads\/2015\/06\/bures-sense-marge-marro_ok.png\",\"contentUrl\":\"https:\/\/buressa.com\/wp-content\/uploads\/2015\/06\/bures-sense-marge-marro_ok.png\",\"width\":141,\"height\":102,\"caption\":\"BUR\u00c9S, S.A.U.\"},\"image\":{\"@id\":\"https:\/\/buressa.com\/en\/#\/schema\/logo\/image\/\"}}]}<\/script>\n<!-- \/ Yoast SEO plugin. -->","yoast_head_json":{"title":"Cubresuelos coco (chip de coco) para mulching en jardiner\u00eda.","description":"El cubresuelos coco es un producto obtenido del fruto del coco para acolchado en jardiner\u00eda. Es decorativo y ventajoso para las plantas.","robots":{"index":"index","follow":"follow","max-snippet":"max-snippet:-1","max-image-preview":"max-image-preview:large","max-video-preview":"max-video-preview:-1"},"canonical":"https:\/\/buressa.com\/es\/producto\/cubresuelos-coco\/","og_locale":"es_ES","og_type":"article","og_title":"Cubresuelos coco (chip de coco) para mulching en jardiner\u00eda.","og_description":"El cubresuelos coco es un producto obtenido del fruto del coco para acolchado en jardiner\u00eda. Es decorativo y ventajoso para las plantas.","og_url":"https:\/\/buressa.com\/es\/producto\/cubresuelos-coco\/","og_site_name":"Bur\u00e9s S.A.U.","article_modified_time":"2021-06-14T13:58:34+00:00","og_image":[{"width":350,"height":225,"url":"https:\/\/buressa.com\/wp-content\/uploads\/2015\/07\/cubresuelos-coco.jpg","type":"image\/jpeg"}],"twitter_card":"summary_large_image","twitter_misc":{"Tiempo de lectura":"1 minuto"},"schema":{"@context":"https:\/\/schema.org","@graph":[{"@type":"WebPage","@id":"https:\/\/buressa.com\/es\/producto\/cubresuelos-coco\/","url":"https:\/\/buressa.com\/es\/producto\/cubresuelos-coco\/","name":"Cubresuelos coco (chip de coco) para mulching en jardiner\u00eda.","isPartOf":{"@id":"https:\/\/buressa.com\/en\/#website"},"datePublished":"2015-07-10T15:38:51+00:00","dateModified":"2021-06-14T13:58:34+00:00","description":"El cubresuelos coco es un producto obtenido del fruto del coco para acolchado en jardiner\u00eda. Es decorativo y ventajoso para las plantas.","breadcrumb":{"@id":"https:\/\/buressa.com\/es\/producto\/cubresuelos-coco\/#breadcrumb"},"inLanguage":"es","potentialAction":[{"@type":"ReadAction","target":["https:\/\/buressa.com\/es\/producto\/cubresuelos-coco\/"]}]},{"@type":"BreadcrumbList","@id":"https:\/\/buressa.com\/es\/producto\/cubresuelos-coco\/#breadcrumb","itemListElement":[{"@type":"ListItem","position":1,"name":"Portada","item":"https:\/\/buressa.com\/en\/"},{"@type":"ListItem","position":2,"name":"Productos","item":"https:\/\/buressa.com\/es\/shop\/"},{"@type":"ListItem","position":3,"name":"Cubresuelos Coco"}]},{"@type":"WebSite","@id":"https:\/\/buressa.com\/en\/#website","url":"https:\/\/buressa.com\/en\/","name":"Bur\u00e9s S.A.U.","description":"Bur\u00e9s, la buena tierra. Fabricantes de tierras y sustratos para jardiner\u00eda.","publisher":{"@id":"https:\/\/buressa.com\/en\/#organization"},"potentialAction":[{"@type":"SearchAction","target":{"@type":"EntryPoint","urlTemplate":"https:\/\/buressa.com\/en\/?s={search_term_string}"},"query-input":"required name=search_term_string"}],"inLanguage":"es"},{"@type":"Organization","@id":"https:\/\/buressa.com\/en\/#organization","name":"BUR\u00c9S, S.A.U.","url":"https:\/\/buressa.com\/en\/","logo":{"@type":"ImageObject","inLanguage":"es","@id":"https:\/\/buressa.com\/en\/#\/schema\/logo\/image\/","url":"https:\/\/buressa.com\/wp-content\/uploads\/2015\/06\/bures-sense-marge-marro_ok.png","contentUrl":"https:\/\/buressa.com\/wp-content\/uploads\/2015\/06\/bures-sense-marge-marro_ok.png","width":141,"height":102,"caption":"BUR\u00c9S, S.A.U."},"image":{"@id":"https:\/\/buressa.com\/en\/#\/schema\/logo\/image\/"}}]}},"_links":{"self":[{"href":"https:\/\/buressa.com\/es\/wp-json\/wp\/v2\/product\/172"}],"collection":[{"href":"https:\/\/buressa.com\/es\/wp-json\/wp\/v2\/product"}],"about":[{"href":"https:\/\/buressa.com\/es\/wp-json\/wp\/v2\/types\/product"}],"replies":[{"embeddable":true,"href":"https:\/\/buressa.com\/es\/wp-json\/wp\/v2\/comments?post=172"}],"wp:featuredmedia":[{"embeddable":true,"href":"https:\/\/buressa.com\/es\/wp-json\/wp\/v2\/media\/1600"}],"wp:attachment":[{"href":"https:\/\/buressa.com\/es\/wp-json\/wp\/v2\/media?parent=172"}],"curies":[{"name":"wp","href":"https:\/\/api.w.org\/{rel}","templated":true}]}}