{"id":173,"date":"2015-07-10T15:40:29","date_gmt":"2015-07-10T15:40:29","guid":{"rendered":"http:\/\/buressa.com\/?post_type=product&#038;p=173"},"modified":"2021-06-14T13:29:55","modified_gmt":"2021-06-14T11:29:55","slug":"cubresuelos-corteza-de-pino","status":"publish","type":"product","link":"https:\/\/buressa.com\/es\/producto\/cubresuelos-corteza-de-pino\/","title":{"rendered":"Cubresuelos Corteza de Pino"},"content":{"rendered":"El Cubresuelos Corteza de Pino, es un producto 100% natural obtenido a partir de cortezas de pino seleccionadas. Es un material de color rojizo de agradable olor a pino, y tama\u00f1o de part\u00edcula de 10 a 18 mm.<\/p>\n<p>Es ideal para acolchado (mulching) de jard\u00edn, macetas y jardineras.\u00a0 Decoraci\u00f3n interior y tambi\u00e9n zonas de paso. Puede utilizarse como en la creaci\u00f3n de h\u00e1bitats naturales para reptiles.<\/p>\n<ul>\n<li>Aportado a la dosis recomendada garantiza los beneficios de los Cubresuelos.<\/li>\n<li>Debido a su naturaleza tiene un efecto confort en el jard\u00edn: aroma a pino.<\/li>\n<li>Apto para ser utilizado en zonas de paso: mulching transitable.<\/li>\n<\/ul>\n<p>Dosis recomendada: Aplicar de forma uniforme sobre la tierra o el sustrato en un grosor de 5 cm. Un saco de 50 litros para 1 m2.<\/p>\n<p>&nbsp;<\/p>\n<p>&nbsp;","protected":false},"excerpt":{"rendered":"<p>El Cubresuelos Corteza de Pino, es un producto 100% natural obtenido a partir de cortezas de pino seleccionadas. Es un material de color rojizo de agradable olor a pino, y tama\u00f1o de part\u00edcula de 10 a 18 mm. Es ideal para acolchado (mulching) de jard\u00edn, macetas y jardineras.\u00a0 Decoraci\u00f3n interior y tambi\u00e9n zonas de paso&#8230;.<\/p>\n","protected":false},"featured_media":1597,"comment_status":"open","ping_status":"closed","template":"","meta":[],"yoast_head":"<!-- This site is optimized with the Yoast SEO plugin v19.10 - https:\/\/yoast.com\/wordpress\/plugins\/seo\/ -->\n<title>Cubresuelos Corteza de Pino, mulching para jardiner\u00eda sostenible.<\/title>\n<meta name=\"description\" content=\"Cubresuelos de cortezas de pino finas, de color rojizo, ideal para el acolchado en jardines, huertos, macetas y jardineras.\" \/>\n<meta name=\"robots\" content=\"index, follow, max-snippet:-1, max-image-preview:large, max-video-preview:-1\" \/>\n<link rel=\"canonical\" href=\"https:\/\/buressa.com\/en\/product\/es-cubresuelos-corteza-de-pino\/\" \/>\n<meta property=\"og:locale\" content=\"es_ES\" \/>\n<meta property=\"og:type\" content=\"article\" \/>\n<meta property=\"og:title\" content=\"Cubresuelos Corteza de Pino, mulching para jardiner\u00eda sostenible.\" \/>\n<meta property=\"og:description\" content=\"Cubresuelos de cortezas de pino finas, de color rojizo, ideal para el acolchado en jardines, huertos, macetas y jardineras.\" \/>\n<meta property=\"og:url\" content=\"https:\/\/buressa.com\/en\/product\/es-cubresuelos-corteza-de-pino\/\" \/>\n<meta property=\"og:site_name\" content=\"Bur\u00e9s S.A.U.\" \/>\n<meta property=\"article:modified_time\" content=\"2021-06-14T11:29:55+00:00\" \/>\n<meta property=\"og:image\" content=\"https:\/\/buressa.com\/wp-content\/uploads\/2015\/07\/cubresuelos-corteza-pino.jpg\" \/>\n\t<meta property=\"og:image:width\" content=\"350\" \/>\n\t<meta property=\"og:image:height\" content=\"225\" \/>\n\t<meta property=\"og:image:type\" content=\"image\/jpeg\" \/>\n<meta name=\"twitter:card\" content=\"summary_large_image\" \/>\n<meta name=\"twitter:label1\" content=\"Tiempo de lectura\" \/>\n\t<meta name=\"twitter:data1\" content=\"1 minuto\" \/>\n<script type=\"application\/ld+json\" class=\"yoast-schema-graph\">{\"@context\":\"https:\/\/schema.org\",\"@graph\":[{\"@type\":\"WebPage\",\"@id\":\"https:\/\/buressa.com\/en\/product\/es-cubresuelos-corteza-de-pino\/\",\"url\":\"https:\/\/buressa.com\/en\/product\/es-cubresuelos-corteza-de-pino\/\",\"name\":\"Cubresuelos Corteza de Pino, mulching para jardiner\u00eda sostenible.\",\"isPartOf\":{\"@id\":\"https:\/\/buressa.com\/en\/#website\"},\"datePublished\":\"2015-07-10T15:40:29+00:00\",\"dateModified\":\"2021-06-14T11:29:55+00:00\",\"description\":\"Cubresuelos de cortezas de pino finas, de color rojizo, ideal para el acolchado en jardines, huertos, macetas y jardineras.\",\"breadcrumb\":{\"@id\":\"https:\/\/buressa.com\/en\/product\/es-cubresuelos-corteza-de-pino\/#breadcrumb\"},\"inLanguage\":\"es\",\"potentialAction\":[{\"@type\":\"ReadAction\",\"target\":[\"https:\/\/buressa.com\/en\/product\/es-cubresuelos-corteza-de-pino\/\"]}]},{\"@type\":\"BreadcrumbList\",\"@id\":\"https:\/\/buressa.com\/en\/product\/es-cubresuelos-corteza-de-pino\/#breadcrumb\",\"itemListElement\":[{\"@type\":\"ListItem\",\"position\":1,\"name\":\"Portada\",\"item\":\"https:\/\/buressa.com\/en\/\"},{\"@type\":\"ListItem\",\"position\":2,\"name\":\"Productos\",\"item\":\"https:\/\/buressa.com\/es\/shop\/\"},{\"@type\":\"ListItem\",\"position\":3,\"name\":\"(ES) Cubresuelos Corteza de Pino\"}]},{\"@type\":\"WebSite\",\"@id\":\"https:\/\/buressa.com\/en\/#website\",\"url\":\"https:\/\/buressa.com\/en\/\",\"name\":\"Bur\u00e9s S.A.U.\",\"description\":\"Bur\u00e9s, la buena tierra. Fabricantes de tierras y sustratos para jardiner\u00eda.\",\"publisher\":{\"@id\":\"https:\/\/buressa.com\/en\/#organization\"},\"potentialAction\":[{\"@type\":\"SearchAction\",\"target\":{\"@type\":\"EntryPoint\",\"urlTemplate\":\"https:\/\/buressa.com\/en\/?s={search_term_string}\"},\"query-input\":\"required name=search_term_string\"}],\"inLanguage\":\"es\"},{\"@type\":\"Organization\",\"@id\":\"https:\/\/buressa.com\/en\/#organization\",\"name\":\"BUR\u00c9S, S.A.U.\",\"url\":\"https:\/\/buressa.com\/en\/\",\"logo\":{\"@type\":\"ImageObject\",\"inLanguage\":\"es\",\"@id\":\"https:\/\/buressa.com\/en\/#\/schema\/logo\/image\/\",\"url\":\"https:\/\/buressa.com\/wp-content\/uploads\/2015\/06\/bures-sense-marge-marro_ok.png\",\"contentUrl\":\"https:\/\/buressa.com\/wp-content\/uploads\/2015\/06\/bures-sense-marge-marro_ok.png\",\"width\":141,\"height\":102,\"caption\":\"BUR\u00c9S, S.A.U.\"},\"image\":{\"@id\":\"https:\/\/buressa.com\/en\/#\/schema\/logo\/image\/\"}}]}<\/script>\n<!-- \/ Yoast SEO plugin. -->","yoast_head_json":{"title":"Cubresuelos Corteza de Pino, mulching para jardiner\u00eda sostenible.","description":"Cubresuelos de cortezas de pino finas, de color rojizo, ideal para el acolchado en jardines, huertos, macetas y jardineras.","robots":{"index":"index","follow":"follow","max-snippet":"max-snippet:-1","max-image-preview":"max-image-preview:large","max-video-preview":"max-video-preview:-1"},"canonical":"https:\/\/buressa.com\/en\/product\/es-cubresuelos-corteza-de-pino\/","og_locale":"es_ES","og_type":"article","og_title":"Cubresuelos Corteza de Pino, mulching para jardiner\u00eda sostenible.","og_description":"Cubresuelos de cortezas de pino finas, de color rojizo, ideal para el acolchado en jardines, huertos, macetas y jardineras.","og_url":"https:\/\/buressa.com\/en\/product\/es-cubresuelos-corteza-de-pino\/","og_site_name":"Bur\u00e9s S.A.U.","article_modified_time":"2021-06-14T11:29:55+00:00","og_image":[{"width":350,"height":225,"url":"https:\/\/buressa.com\/wp-content\/uploads\/2015\/07\/cubresuelos-corteza-pino.jpg","type":"image\/jpeg"}],"twitter_card":"summary_large_image","twitter_misc":{"Tiempo de lectura":"1 minuto"},"schema":{"@context":"https:\/\/schema.org","@graph":[{"@type":"WebPage","@id":"https:\/\/buressa.com\/en\/product\/es-cubresuelos-corteza-de-pino\/","url":"https:\/\/buressa.com\/en\/product\/es-cubresuelos-corteza-de-pino\/","name":"Cubresuelos Corteza de Pino, mulching para jardiner\u00eda sostenible.","isPartOf":{"@id":"https:\/\/buressa.com\/en\/#website"},"datePublished":"2015-07-10T15:40:29+00:00","dateModified":"2021-06-14T11:29:55+00:00","description":"Cubresuelos de cortezas de pino finas, de color rojizo, ideal para el acolchado en jardines, huertos, macetas y jardineras.","breadcrumb":{"@id":"https:\/\/buressa.com\/en\/product\/es-cubresuelos-corteza-de-pino\/#breadcrumb"},"inLanguage":"es","potentialAction":[{"@type":"ReadAction","target":["https:\/\/buressa.com\/en\/product\/es-cubresuelos-corteza-de-pino\/"]}]},{"@type":"BreadcrumbList","@id":"https:\/\/buressa.com\/en\/product\/es-cubresuelos-corteza-de-pino\/#breadcrumb","itemListElement":[{"@type":"ListItem","position":1,"name":"Portada","item":"https:\/\/buressa.com\/en\/"},{"@type":"ListItem","position":2,"name":"Productos","item":"https:\/\/buressa.com\/es\/shop\/"},{"@type":"ListItem","position":3,"name":"(ES) Cubresuelos Corteza de Pino"}]},{"@type":"WebSite","@id":"https:\/\/buressa.com\/en\/#website","url":"https:\/\/buressa.com\/en\/","name":"Bur\u00e9s S.A.U.","description":"Bur\u00e9s, la buena tierra. Fabricantes de tierras y sustratos para jardiner\u00eda.","publisher":{"@id":"https:\/\/buressa.com\/en\/#organization"},"potentialAction":[{"@type":"SearchAction","target":{"@type":"EntryPoint","urlTemplate":"https:\/\/buressa.com\/en\/?s={search_term_string}"},"query-input":"required name=search_term_string"}],"inLanguage":"es"},{"@type":"Organization","@id":"https:\/\/buressa.com\/en\/#organization","name":"BUR\u00c9S, S.A.U.","url":"https:\/\/buressa.com\/en\/","logo":{"@type":"ImageObject","inLanguage":"es","@id":"https:\/\/buressa.com\/en\/#\/schema\/logo\/image\/","url":"https:\/\/buressa.com\/wp-content\/uploads\/2015\/06\/bures-sense-marge-marro_ok.png","contentUrl":"https:\/\/buressa.com\/wp-content\/uploads\/2015\/06\/bures-sense-marge-marro_ok.png","width":141,"height":102,"caption":"BUR\u00c9S, S.A.U."},"image":{"@id":"https:\/\/buressa.com\/en\/#\/schema\/logo\/image\/"}}]}},"_links":{"self":[{"href":"https:\/\/buressa.com\/es\/wp-json\/wp\/v2\/product\/173"}],"collection":[{"href":"https:\/\/buressa.com\/es\/wp-json\/wp\/v2\/product"}],"about":[{"href":"https:\/\/buressa.com\/es\/wp-json\/wp\/v2\/types\/product"}],"replies":[{"embeddable":true,"href":"https:\/\/buressa.com\/es\/wp-json\/wp\/v2\/comments?post=173"}],"wp:featuredmedia":[{"embeddable":true,"href":"https:\/\/buressa.com\/es\/wp-json\/wp\/v2\/media\/1597"}],"wp:attachment":[{"href":"https:\/\/buressa.com\/es\/wp-json\/wp\/v2\/media?parent=173"}],"curies":[{"name":"wp","href":"https:\/\/api.w.org\/{rel}","templated":true}]}}