{"id":181,"date":"2015-07-13T14:46:56","date_gmt":"2015-07-13T14:46:56","guid":{"rendered":"http:\/\/buressa.com\/?post_type=product&#038;p=181"},"modified":"2022-06-22T07:55:34","modified_gmt":"2022-06-22T05:55:34","slug":"arena-de-silice","status":"publish","type":"product","link":"https:\/\/buressa.com\/es\/producto\/arena-de-silice\/","title":{"rendered":"Arena de S\u00edlice"},"content":{"rendered":"Arena fina pura de s\u00edlice de color blanco cristalino.<\/p>\n<ul>\n<li>Adecuada para su aplicaci\u00f3n como arena de lastre en la instalaci\u00f3n de c\u00e9spedes artificiales.<\/li>\n<li>Producto adecuado para la creaci\u00f3n de h\u00e1bitats en terrarios y acuarios.<\/li>\n<\/ul>\n<p>Granulometr\u00eda de 0,8 a 1,5 mm","protected":false},"excerpt":{"rendered":"<p>Arena fina pura de s\u00edlice de color blanco cristalino. Adecuada para su aplicaci\u00f3n como arena de lastre en la instalaci\u00f3n de c\u00e9spedes artificiales. Producto adecuado para la creaci\u00f3n de h\u00e1bitats en terrarios y acuarios. Granulometr\u00eda de 0,8 a 1,5 mm<\/p>\n","protected":false},"featured_media":1323,"comment_status":"open","ping_status":"closed","template":"","meta":[],"yoast_head":"<!-- This site is optimized with the Yoast SEO plugin v19.10 - https:\/\/yoast.com\/wordpress\/plugins\/seo\/ -->\n<title>Arena de S\u00edlice - Bur\u00e9s S.A.U.<\/title>\n<meta name=\"robots\" content=\"index, follow, max-snippet:-1, max-image-preview:large, max-video-preview:-1\" \/>\n<link rel=\"canonical\" href=\"https:\/\/buressa.com\/fr\/product\/es-arena-de-silice\/\" \/>\n<meta property=\"og:locale\" content=\"es_ES\" \/>\n<meta property=\"og:type\" content=\"article\" \/>\n<meta property=\"og:title\" content=\"[:es]Arena de S\u00edlice[:ca]Sorra de s\u00edlice[:en]Arena de S\u00edlice[:] - Bur\u00e9s S.A.U.\" \/>\n<meta property=\"og:description\" content=\"Arena fina pura de s\u00edlice de color blanco cristalino. Adecuada para su aplicaci\u00f3n como arena de lastre en la instalaci\u00f3n de c\u00e9spedes artificiales. Producto adecuado para la creaci\u00f3n de h\u00e1bitats en terrarios y acuarios. Granulometr\u00eda de 0,8 a 1,5 mm\" \/>\n<meta property=\"og:url\" content=\"https:\/\/buressa.com\/fr\/product\/es-arena-de-silice\/\" \/>\n<meta property=\"og:site_name\" content=\"Bur\u00e9s S.A.U.\" \/>\n<meta property=\"article:modified_time\" content=\"2022-06-22T05:55:34+00:00\" \/>\n<meta property=\"og:image\" content=\"https:\/\/buressa.com\/wp-content\/uploads\/2015\/07\/ARENA-SILICEA-1.1.jpg\" \/>\n\t<meta property=\"og:image:width\" content=\"600\" \/>\n\t<meta property=\"og:image:height\" content=\"600\" \/>\n\t<meta property=\"og:image:type\" content=\"image\/jpeg\" \/>\n<meta name=\"twitter:card\" content=\"summary_large_image\" \/>\n<script type=\"application\/ld+json\" class=\"yoast-schema-graph\">{\"@context\":\"https:\/\/schema.org\",\"@graph\":[{\"@type\":\"WebPage\",\"@id\":\"https:\/\/buressa.com\/fr\/product\/es-arena-de-silice\/\",\"url\":\"https:\/\/buressa.com\/fr\/product\/es-arena-de-silice\/\",\"name\":\"[:es]Arena de S\u00edlice[:ca]Sorra de s\u00edlice[:en]Arena de S\u00edlice[:] - Bur\u00e9s S.A.U.\",\"isPartOf\":{\"@id\":\"https:\/\/buressa.com\/en\/#website\"},\"datePublished\":\"2015-07-13T14:46:56+00:00\",\"dateModified\":\"2022-06-22T05:55:34+00:00\",\"breadcrumb\":{\"@id\":\"https:\/\/buressa.com\/fr\/product\/es-arena-de-silice\/#breadcrumb\"},\"inLanguage\":\"es\",\"potentialAction\":[{\"@type\":\"ReadAction\",\"target\":[\"https:\/\/buressa.com\/fr\/product\/es-arena-de-silice\/\"]}]},{\"@type\":\"BreadcrumbList\",\"@id\":\"https:\/\/buressa.com\/fr\/product\/es-arena-de-silice\/#breadcrumb\",\"itemListElement\":[{\"@type\":\"ListItem\",\"position\":1,\"name\":\"Portada\",\"item\":\"https:\/\/buressa.com\/en\/\"},{\"@type\":\"ListItem\",\"position\":2,\"name\":\"Productos\",\"item\":\"https:\/\/buressa.com\/es\/shop\/\"},{\"@type\":\"ListItem\",\"position\":3,\"name\":\"(ES) Arena de S\u00edlice\"}]},{\"@type\":\"WebSite\",\"@id\":\"https:\/\/buressa.com\/en\/#website\",\"url\":\"https:\/\/buressa.com\/en\/\",\"name\":\"Bur\u00e9s S.A.U.\",\"description\":\"Bur\u00e9s, la buena tierra. Fabricantes de tierras y sustratos para jardiner\u00eda.\",\"publisher\":{\"@id\":\"https:\/\/buressa.com\/en\/#organization\"},\"potentialAction\":[{\"@type\":\"SearchAction\",\"target\":{\"@type\":\"EntryPoint\",\"urlTemplate\":\"https:\/\/buressa.com\/en\/?s={search_term_string}\"},\"query-input\":\"required name=search_term_string\"}],\"inLanguage\":\"es\"},{\"@type\":\"Organization\",\"@id\":\"https:\/\/buressa.com\/en\/#organization\",\"name\":\"BUR\u00c9S, S.A.U.\",\"url\":\"https:\/\/buressa.com\/en\/\",\"logo\":{\"@type\":\"ImageObject\",\"inLanguage\":\"es\",\"@id\":\"https:\/\/buressa.com\/en\/#\/schema\/logo\/image\/\",\"url\":\"https:\/\/buressa.com\/wp-content\/uploads\/2015\/06\/bures-sense-marge-marro_ok.png\",\"contentUrl\":\"https:\/\/buressa.com\/wp-content\/uploads\/2015\/06\/bures-sense-marge-marro_ok.png\",\"width\":141,\"height\":102,\"caption\":\"BUR\u00c9S, S.A.U.\"},\"image\":{\"@id\":\"https:\/\/buressa.com\/en\/#\/schema\/logo\/image\/\"}}]}<\/script>\n<!-- \/ Yoast SEO plugin. -->","yoast_head_json":{"title":"[:es]Arena de S\u00edlice[:ca]Sorra de s\u00edlice[:en]Arena de S\u00edlice[:] - Bur\u00e9s S.A.U.","robots":{"index":"index","follow":"follow","max-snippet":"max-snippet:-1","max-image-preview":"max-image-preview:large","max-video-preview":"max-video-preview:-1"},"canonical":"https:\/\/buressa.com\/fr\/product\/es-arena-de-silice\/","og_locale":"es_ES","og_type":"article","og_title":"[:es]Arena de S\u00edlice[:ca]Sorra de s\u00edlice[:en]Arena de S\u00edlice[:] - Bur\u00e9s S.A.U.","og_description":"Arena fina pura de s\u00edlice de color blanco cristalino. Adecuada para su aplicaci\u00f3n como arena de lastre en la instalaci\u00f3n de c\u00e9spedes artificiales. Producto adecuado para la creaci\u00f3n de h\u00e1bitats en terrarios y acuarios. Granulometr\u00eda de 0,8 a 1,5 mm","og_url":"https:\/\/buressa.com\/fr\/product\/es-arena-de-silice\/","og_site_name":"Bur\u00e9s S.A.U.","article_modified_time":"2022-06-22T05:55:34+00:00","og_image":[{"width":600,"height":600,"url":"https:\/\/buressa.com\/wp-content\/uploads\/2015\/07\/ARENA-SILICEA-1.1.jpg","type":"image\/jpeg"}],"twitter_card":"summary_large_image","schema":{"@context":"https:\/\/schema.org","@graph":[{"@type":"WebPage","@id":"https:\/\/buressa.com\/fr\/product\/es-arena-de-silice\/","url":"https:\/\/buressa.com\/fr\/product\/es-arena-de-silice\/","name":"[:es]Arena de S\u00edlice[:ca]Sorra de s\u00edlice[:en]Arena de S\u00edlice[:] - Bur\u00e9s S.A.U.","isPartOf":{"@id":"https:\/\/buressa.com\/en\/#website"},"datePublished":"2015-07-13T14:46:56+00:00","dateModified":"2022-06-22T05:55:34+00:00","breadcrumb":{"@id":"https:\/\/buressa.com\/fr\/product\/es-arena-de-silice\/#breadcrumb"},"inLanguage":"es","potentialAction":[{"@type":"ReadAction","target":["https:\/\/buressa.com\/fr\/product\/es-arena-de-silice\/"]}]},{"@type":"BreadcrumbList","@id":"https:\/\/buressa.com\/fr\/product\/es-arena-de-silice\/#breadcrumb","itemListElement":[{"@type":"ListItem","position":1,"name":"Portada","item":"https:\/\/buressa.com\/en\/"},{"@type":"ListItem","position":2,"name":"Productos","item":"https:\/\/buressa.com\/es\/shop\/"},{"@type":"ListItem","position":3,"name":"(ES) Arena de S\u00edlice"}]},{"@type":"WebSite","@id":"https:\/\/buressa.com\/en\/#website","url":"https:\/\/buressa.com\/en\/","name":"Bur\u00e9s S.A.U.","description":"Bur\u00e9s, la buena tierra. Fabricantes de tierras y sustratos para jardiner\u00eda.","publisher":{"@id":"https:\/\/buressa.com\/en\/#organization"},"potentialAction":[{"@type":"SearchAction","target":{"@type":"EntryPoint","urlTemplate":"https:\/\/buressa.com\/en\/?s={search_term_string}"},"query-input":"required name=search_term_string"}],"inLanguage":"es"},{"@type":"Organization","@id":"https:\/\/buressa.com\/en\/#organization","name":"BUR\u00c9S, S.A.U.","url":"https:\/\/buressa.com\/en\/","logo":{"@type":"ImageObject","inLanguage":"es","@id":"https:\/\/buressa.com\/en\/#\/schema\/logo\/image\/","url":"https:\/\/buressa.com\/wp-content\/uploads\/2015\/06\/bures-sense-marge-marro_ok.png","contentUrl":"https:\/\/buressa.com\/wp-content\/uploads\/2015\/06\/bures-sense-marge-marro_ok.png","width":141,"height":102,"caption":"BUR\u00c9S, S.A.U."},"image":{"@id":"https:\/\/buressa.com\/en\/#\/schema\/logo\/image\/"}}]}},"_links":{"self":[{"href":"https:\/\/buressa.com\/es\/wp-json\/wp\/v2\/product\/181"}],"collection":[{"href":"https:\/\/buressa.com\/es\/wp-json\/wp\/v2\/product"}],"about":[{"href":"https:\/\/buressa.com\/es\/wp-json\/wp\/v2\/types\/product"}],"replies":[{"embeddable":true,"href":"https:\/\/buressa.com\/es\/wp-json\/wp\/v2\/comments?post=181"}],"wp:featuredmedia":[{"embeddable":true,"href":"https:\/\/buressa.com\/es\/wp-json\/wp\/v2\/media\/1323"}],"wp:attachment":[{"href":"https:\/\/buressa.com\/es\/wp-json\/wp\/v2\/media?parent=181"}],"curies":[{"name":"wp","href":"https:\/\/api.w.org\/{rel}","templated":true}]}}