{"id":1851,"date":"2020-11-24T09:06:48","date_gmt":"2020-11-24T08:06:48","guid":{"rendered":"https:\/\/buressa.com\/es\/?post_type=product&#038;p=1851"},"modified":"2021-06-29T11:25:11","modified_gmt":"2021-06-29T09:25:11","slug":"cubierta-verde-extensiva","status":"publish","type":"product","link":"https:\/\/buressa.com\/es\/producto\/cubierta-verde-extensiva\/","title":{"rendered":"Cubierta verde extensiva"},"content":{"rendered":"El sistema multicapa adaptado a cubierta verde extensiva permite disponer de un capa de sustrato espec\u00edfico\u00a0 para este tipo de ajardinamiento, de un grosor de hasta 15 cm de altura.<\/p>\n<p>Para este tipo de cubierta es importante utilizar sustratos de naturaleza mineral, muy drenantes que pemitan bien el desarrollo de vegetaci\u00f3n crasa.<\/p>\n<p>Las cubiertas verdes extensivas se caracterizan por ser m\u00e1s ligeras que otro tipo de cubiertas\u00a0 y tener un bajo mantenimiento. Suelen contener vegetaci\u00f3n tipo Sedum sp. , aunque no exclusivamente.<\/p>\n<p>&nbsp;","protected":false},"excerpt":{"rendered":"<p>El sistema multicapa adaptado a cubierta verde extensiva permite disponer de un capa de sustrato espec\u00edfico\u00a0 para este tipo de ajardinamiento, de un grosor de hasta 15 cm de altura. Para este tipo de cubierta es importante utilizar sustratos de naturaleza mineral, muy drenantes que pemitan bien el desarrollo de vegetaci\u00f3n crasa. Las cubiertas verdes&#8230;<\/p>\n","protected":false},"featured_media":1852,"comment_status":"open","ping_status":"closed","template":"","meta":[],"yoast_head":"<!-- This site is optimized with the Yoast SEO plugin v19.10 - https:\/\/yoast.com\/wordpress\/plugins\/seo\/ -->\n<title>Sistema multicapa para el ajardinamiento de cubierta verde extensiva<\/title>\n<meta name=\"description\" content=\"El sistema cubierta verde extensiva se caracteriza por ser ligero y de bajo mantenimiento. Suelecontener plantas crasas y un sustrato espec\u00edfico.\" \/>\n<meta name=\"robots\" content=\"index, follow, max-snippet:-1, max-image-preview:large, max-video-preview:-1\" \/>\n<link rel=\"canonical\" href=\"https:\/\/buressa.com\/ca\/producte\/es-cubierta-verde-extensiva\/\" \/>\n<meta property=\"og:locale\" content=\"es_ES\" \/>\n<meta property=\"og:type\" content=\"article\" \/>\n<meta property=\"og:title\" content=\"Sistema multicapa para el ajardinamiento de cubierta verde extensiva\" \/>\n<meta property=\"og:description\" content=\"El sistema cubierta verde extensiva se caracteriza por ser ligero y de bajo mantenimiento. Suelecontener plantas crasas y un sustrato espec\u00edfico.\" \/>\n<meta property=\"og:url\" content=\"https:\/\/buressa.com\/ca\/producte\/es-cubierta-verde-extensiva\/\" \/>\n<meta property=\"og:site_name\" content=\"Bur\u00e9s S.A.U.\" \/>\n<meta property=\"article:modified_time\" content=\"2021-06-29T09:25:11+00:00\" \/>\n<meta property=\"og:image\" content=\"https:\/\/buressa.com\/wp-content\/uploads\/2020\/11\/extensiva-1.jpg\" \/>\n\t<meta property=\"og:image:width\" content=\"800\" \/>\n\t<meta property=\"og:image:height\" content=\"600\" \/>\n\t<meta property=\"og:image:type\" content=\"image\/jpeg\" \/>\n<meta name=\"twitter:card\" content=\"summary_large_image\" \/>\n<meta name=\"twitter:label1\" content=\"Tiempo de lectura\" \/>\n\t<meta name=\"twitter:data1\" content=\"1 minuto\" \/>\n<script type=\"application\/ld+json\" class=\"yoast-schema-graph\">{\"@context\":\"https:\/\/schema.org\",\"@graph\":[{\"@type\":\"WebPage\",\"@id\":\"https:\/\/buressa.com\/ca\/producte\/es-cubierta-verde-extensiva\/\",\"url\":\"https:\/\/buressa.com\/ca\/producte\/es-cubierta-verde-extensiva\/\",\"name\":\"Sistema multicapa para el ajardinamiento de cubierta verde extensiva\",\"isPartOf\":{\"@id\":\"https:\/\/buressa.com\/en\/#website\"},\"datePublished\":\"2020-11-24T08:06:48+00:00\",\"dateModified\":\"2021-06-29T09:25:11+00:00\",\"description\":\"El sistema cubierta verde extensiva se caracteriza por ser ligero y de bajo mantenimiento. Suelecontener plantas crasas y un sustrato espec\u00edfico.\",\"breadcrumb\":{\"@id\":\"https:\/\/buressa.com\/ca\/producte\/es-cubierta-verde-extensiva\/#breadcrumb\"},\"inLanguage\":\"es\",\"potentialAction\":[{\"@type\":\"ReadAction\",\"target\":[\"https:\/\/buressa.com\/ca\/producte\/es-cubierta-verde-extensiva\/\"]}]},{\"@type\":\"BreadcrumbList\",\"@id\":\"https:\/\/buressa.com\/ca\/producte\/es-cubierta-verde-extensiva\/#breadcrumb\",\"itemListElement\":[{\"@type\":\"ListItem\",\"position\":1,\"name\":\"Portada\",\"item\":\"https:\/\/buressa.com\/en\/\"},{\"@type\":\"ListItem\",\"position\":2,\"name\":\"Productos\",\"item\":\"https:\/\/buressa.com\/es\/shop\/\"},{\"@type\":\"ListItem\",\"position\":3,\"name\":\"Coberta verda extensiva\"}]},{\"@type\":\"WebSite\",\"@id\":\"https:\/\/buressa.com\/en\/#website\",\"url\":\"https:\/\/buressa.com\/en\/\",\"name\":\"Bur\u00e9s S.A.U.\",\"description\":\"Bur\u00e9s, la buena tierra. Fabricantes de tierras y sustratos para jardiner\u00eda.\",\"publisher\":{\"@id\":\"https:\/\/buressa.com\/en\/#organization\"},\"potentialAction\":[{\"@type\":\"SearchAction\",\"target\":{\"@type\":\"EntryPoint\",\"urlTemplate\":\"https:\/\/buressa.com\/en\/?s={search_term_string}\"},\"query-input\":\"required name=search_term_string\"}],\"inLanguage\":\"es\"},{\"@type\":\"Organization\",\"@id\":\"https:\/\/buressa.com\/en\/#organization\",\"name\":\"BUR\u00c9S, S.A.U.\",\"url\":\"https:\/\/buressa.com\/en\/\",\"logo\":{\"@type\":\"ImageObject\",\"inLanguage\":\"es\",\"@id\":\"https:\/\/buressa.com\/en\/#\/schema\/logo\/image\/\",\"url\":\"https:\/\/buressa.com\/wp-content\/uploads\/2015\/06\/bures-sense-marge-marro_ok.png\",\"contentUrl\":\"https:\/\/buressa.com\/wp-content\/uploads\/2015\/06\/bures-sense-marge-marro_ok.png\",\"width\":141,\"height\":102,\"caption\":\"BUR\u00c9S, S.A.U.\"},\"image\":{\"@id\":\"https:\/\/buressa.com\/en\/#\/schema\/logo\/image\/\"}}]}<\/script>\n<!-- \/ Yoast SEO plugin. -->","yoast_head_json":{"title":"Sistema multicapa para el ajardinamiento de cubierta verde extensiva","description":"El sistema cubierta verde extensiva se caracteriza por ser ligero y de bajo mantenimiento. Suelecontener plantas crasas y un sustrato espec\u00edfico.","robots":{"index":"index","follow":"follow","max-snippet":"max-snippet:-1","max-image-preview":"max-image-preview:large","max-video-preview":"max-video-preview:-1"},"canonical":"https:\/\/buressa.com\/ca\/producte\/es-cubierta-verde-extensiva\/","og_locale":"es_ES","og_type":"article","og_title":"Sistema multicapa para el ajardinamiento de cubierta verde extensiva","og_description":"El sistema cubierta verde extensiva se caracteriza por ser ligero y de bajo mantenimiento. Suelecontener plantas crasas y un sustrato espec\u00edfico.","og_url":"https:\/\/buressa.com\/ca\/producte\/es-cubierta-verde-extensiva\/","og_site_name":"Bur\u00e9s S.A.U.","article_modified_time":"2021-06-29T09:25:11+00:00","og_image":[{"width":800,"height":600,"url":"https:\/\/buressa.com\/wp-content\/uploads\/2020\/11\/extensiva-1.jpg","type":"image\/jpeg"}],"twitter_card":"summary_large_image","twitter_misc":{"Tiempo de lectura":"1 minuto"},"schema":{"@context":"https:\/\/schema.org","@graph":[{"@type":"WebPage","@id":"https:\/\/buressa.com\/ca\/producte\/es-cubierta-verde-extensiva\/","url":"https:\/\/buressa.com\/ca\/producte\/es-cubierta-verde-extensiva\/","name":"Sistema multicapa para el ajardinamiento de cubierta verde extensiva","isPartOf":{"@id":"https:\/\/buressa.com\/en\/#website"},"datePublished":"2020-11-24T08:06:48+00:00","dateModified":"2021-06-29T09:25:11+00:00","description":"El sistema cubierta verde extensiva se caracteriza por ser ligero y de bajo mantenimiento. Suelecontener plantas crasas y un sustrato espec\u00edfico.","breadcrumb":{"@id":"https:\/\/buressa.com\/ca\/producte\/es-cubierta-verde-extensiva\/#breadcrumb"},"inLanguage":"es","potentialAction":[{"@type":"ReadAction","target":["https:\/\/buressa.com\/ca\/producte\/es-cubierta-verde-extensiva\/"]}]},{"@type":"BreadcrumbList","@id":"https:\/\/buressa.com\/ca\/producte\/es-cubierta-verde-extensiva\/#breadcrumb","itemListElement":[{"@type":"ListItem","position":1,"name":"Portada","item":"https:\/\/buressa.com\/en\/"},{"@type":"ListItem","position":2,"name":"Productos","item":"https:\/\/buressa.com\/es\/shop\/"},{"@type":"ListItem","position":3,"name":"Coberta verda extensiva"}]},{"@type":"WebSite","@id":"https:\/\/buressa.com\/en\/#website","url":"https:\/\/buressa.com\/en\/","name":"Bur\u00e9s S.A.U.","description":"Bur\u00e9s, la buena tierra. Fabricantes de tierras y sustratos para jardiner\u00eda.","publisher":{"@id":"https:\/\/buressa.com\/en\/#organization"},"potentialAction":[{"@type":"SearchAction","target":{"@type":"EntryPoint","urlTemplate":"https:\/\/buressa.com\/en\/?s={search_term_string}"},"query-input":"required name=search_term_string"}],"inLanguage":"es"},{"@type":"Organization","@id":"https:\/\/buressa.com\/en\/#organization","name":"BUR\u00c9S, S.A.U.","url":"https:\/\/buressa.com\/en\/","logo":{"@type":"ImageObject","inLanguage":"es","@id":"https:\/\/buressa.com\/en\/#\/schema\/logo\/image\/","url":"https:\/\/buressa.com\/wp-content\/uploads\/2015\/06\/bures-sense-marge-marro_ok.png","contentUrl":"https:\/\/buressa.com\/wp-content\/uploads\/2015\/06\/bures-sense-marge-marro_ok.png","width":141,"height":102,"caption":"BUR\u00c9S, S.A.U."},"image":{"@id":"https:\/\/buressa.com\/en\/#\/schema\/logo\/image\/"}}]}},"_links":{"self":[{"href":"https:\/\/buressa.com\/es\/wp-json\/wp\/v2\/product\/1851"}],"collection":[{"href":"https:\/\/buressa.com\/es\/wp-json\/wp\/v2\/product"}],"about":[{"href":"https:\/\/buressa.com\/es\/wp-json\/wp\/v2\/types\/product"}],"replies":[{"embeddable":true,"href":"https:\/\/buressa.com\/es\/wp-json\/wp\/v2\/comments?post=1851"}],"wp:featuredmedia":[{"embeddable":true,"href":"https:\/\/buressa.com\/es\/wp-json\/wp\/v2\/media\/1852"}],"wp:attachment":[{"href":"https:\/\/buressa.com\/es\/wp-json\/wp\/v2\/media?parent=1851"}],"curies":[{"name":"wp","href":"https:\/\/api.w.org\/{rel}","templated":true}]}}