{"id":197,"date":"2015-07-13T15:14:23","date_gmt":"2015-07-13T15:14:23","guid":{"rendered":"http:\/\/buressa.com\/?post_type=product&#038;p=197"},"modified":"2020-06-22T15:18:58","modified_gmt":"2020-06-22T13:18:58","slug":"marmolina-roja","status":"publish","type":"product","link":"https:\/\/buressa.com\/es\/producto\/marmolina-roja\/","title":{"rendered":"Marmolina Roja"},"content":{"rendered":"Piedra de m\u00e1rmol triturado de color rojo.<\/p>\n<ul>\n<li>Adecuada para decoraci\u00f3n interior y exterior.<\/li>\n<li>Producto que puede utilizarse para la creaci\u00f3n de h\u00e1bitats naturales para reptiles.<\/li>\n<\/ul>\n<p>Disponible en las granulometr\u00edas de 9 a 12 mm y 12 a 18 mm.","protected":false},"excerpt":{"rendered":"<p>Piedra de m\u00e1rmol triturado de color rojo. Adecuada para decoraci\u00f3n interior y exterior. Producto que puede utilizarse para la creaci\u00f3n de h\u00e1bitats naturales para reptiles. Disponible en las granulometr\u00edas de 9 a 12 mm y 12 a 18 mm.<\/p>\n","protected":false},"featured_media":1335,"comment_status":"open","ping_status":"closed","template":"","meta":[],"yoast_head":"<!-- This site is optimized with the Yoast SEO plugin v19.10 - https:\/\/yoast.com\/wordpress\/plugins\/seo\/ -->\n<title>Marmolina Roja - Bur\u00e9s S.A.U.<\/title>\n<meta name=\"robots\" content=\"index, follow, max-snippet:-1, max-image-preview:large, max-video-preview:-1\" \/>\n<link rel=\"canonical\" href=\"https:\/\/buressa.com\/es\/producto\/marmolina-roja\/\" \/>\n<meta property=\"og:locale\" content=\"es_ES\" \/>\n<meta property=\"og:type\" content=\"article\" \/>\n<meta property=\"og:title\" content=\"[:es]Marmolina Roja[:ca]Marmolina Vermella[:] - Bur\u00e9s S.A.U.\" \/>\n<meta property=\"og:description\" content=\"Piedra de m\u00e1rmol triturado de color rojo. Adecuada para decoraci\u00f3n interior y exterior. Producto que puede utilizarse para la creaci\u00f3n de h\u00e1bitats naturales para reptiles. Disponible en las granulometr\u00edas de 9 a 12 mm y 12 a 18 mm.\" \/>\n<meta property=\"og:url\" content=\"https:\/\/buressa.com\/es\/producto\/marmolina-roja\/\" \/>\n<meta property=\"og:site_name\" content=\"Bur\u00e9s S.A.U.\" \/>\n<meta property=\"article:modified_time\" content=\"2020-06-22T13:18:58+00:00\" \/>\n<meta property=\"og:image\" content=\"https:\/\/buressa.com\/wp-content\/uploads\/2015\/07\/marmolina-roja.jpg\" \/>\n\t<meta property=\"og:image:width\" content=\"600\" \/>\n\t<meta property=\"og:image:height\" content=\"600\" \/>\n\t<meta property=\"og:image:type\" content=\"image\/jpeg\" \/>\n<meta name=\"twitter:card\" content=\"summary_large_image\" \/>\n<script type=\"application\/ld+json\" class=\"yoast-schema-graph\">{\"@context\":\"https:\/\/schema.org\",\"@graph\":[{\"@type\":\"WebPage\",\"@id\":\"https:\/\/buressa.com\/es\/producto\/marmolina-roja\/\",\"url\":\"https:\/\/buressa.com\/es\/producto\/marmolina-roja\/\",\"name\":\"[:es]Marmolina Roja[:ca]Marmolina Vermella[:] - Bur\u00e9s S.A.U.\",\"isPartOf\":{\"@id\":\"https:\/\/buressa.com\/en\/#website\"},\"datePublished\":\"2015-07-13T15:14:23+00:00\",\"dateModified\":\"2020-06-22T13:18:58+00:00\",\"breadcrumb\":{\"@id\":\"https:\/\/buressa.com\/es\/producto\/marmolina-roja\/#breadcrumb\"},\"inLanguage\":\"es\",\"potentialAction\":[{\"@type\":\"ReadAction\",\"target\":[\"https:\/\/buressa.com\/es\/producto\/marmolina-roja\/\"]}]},{\"@type\":\"BreadcrumbList\",\"@id\":\"https:\/\/buressa.com\/es\/producto\/marmolina-roja\/#breadcrumb\",\"itemListElement\":[{\"@type\":\"ListItem\",\"position\":1,\"name\":\"Portada\",\"item\":\"https:\/\/buressa.com\/en\/\"},{\"@type\":\"ListItem\",\"position\":2,\"name\":\"Productos\",\"item\":\"https:\/\/buressa.com\/es\/shop\/\"},{\"@type\":\"ListItem\",\"position\":3,\"name\":\"Marmolina Roja\"}]},{\"@type\":\"WebSite\",\"@id\":\"https:\/\/buressa.com\/en\/#website\",\"url\":\"https:\/\/buressa.com\/en\/\",\"name\":\"Bur\u00e9s S.A.U.\",\"description\":\"Bur\u00e9s, la buena tierra. Fabricantes de tierras y sustratos para jardiner\u00eda.\",\"publisher\":{\"@id\":\"https:\/\/buressa.com\/en\/#organization\"},\"potentialAction\":[{\"@type\":\"SearchAction\",\"target\":{\"@type\":\"EntryPoint\",\"urlTemplate\":\"https:\/\/buressa.com\/en\/?s={search_term_string}\"},\"query-input\":\"required name=search_term_string\"}],\"inLanguage\":\"es\"},{\"@type\":\"Organization\",\"@id\":\"https:\/\/buressa.com\/en\/#organization\",\"name\":\"BUR\u00c9S, S.A.U.\",\"url\":\"https:\/\/buressa.com\/en\/\",\"logo\":{\"@type\":\"ImageObject\",\"inLanguage\":\"es\",\"@id\":\"https:\/\/buressa.com\/en\/#\/schema\/logo\/image\/\",\"url\":\"https:\/\/buressa.com\/wp-content\/uploads\/2015\/06\/bures-sense-marge-marro_ok.png\",\"contentUrl\":\"https:\/\/buressa.com\/wp-content\/uploads\/2015\/06\/bures-sense-marge-marro_ok.png\",\"width\":141,\"height\":102,\"caption\":\"BUR\u00c9S, S.A.U.\"},\"image\":{\"@id\":\"https:\/\/buressa.com\/en\/#\/schema\/logo\/image\/\"}}]}<\/script>\n<!-- \/ Yoast SEO plugin. -->","yoast_head_json":{"title":"[:es]Marmolina Roja[:ca]Marmolina Vermella[:] - Bur\u00e9s S.A.U.","robots":{"index":"index","follow":"follow","max-snippet":"max-snippet:-1","max-image-preview":"max-image-preview:large","max-video-preview":"max-video-preview:-1"},"canonical":"https:\/\/buressa.com\/es\/producto\/marmolina-roja\/","og_locale":"es_ES","og_type":"article","og_title":"[:es]Marmolina Roja[:ca]Marmolina Vermella[:] - Bur\u00e9s S.A.U.","og_description":"Piedra de m\u00e1rmol triturado de color rojo. Adecuada para decoraci\u00f3n interior y exterior. Producto que puede utilizarse para la creaci\u00f3n de h\u00e1bitats naturales para reptiles. Disponible en las granulometr\u00edas de 9 a 12 mm y 12 a 18 mm.","og_url":"https:\/\/buressa.com\/es\/producto\/marmolina-roja\/","og_site_name":"Bur\u00e9s S.A.U.","article_modified_time":"2020-06-22T13:18:58+00:00","og_image":[{"width":600,"height":600,"url":"https:\/\/buressa.com\/wp-content\/uploads\/2015\/07\/marmolina-roja.jpg","type":"image\/jpeg"}],"twitter_card":"summary_large_image","schema":{"@context":"https:\/\/schema.org","@graph":[{"@type":"WebPage","@id":"https:\/\/buressa.com\/es\/producto\/marmolina-roja\/","url":"https:\/\/buressa.com\/es\/producto\/marmolina-roja\/","name":"[:es]Marmolina Roja[:ca]Marmolina Vermella[:] - Bur\u00e9s S.A.U.","isPartOf":{"@id":"https:\/\/buressa.com\/en\/#website"},"datePublished":"2015-07-13T15:14:23+00:00","dateModified":"2020-06-22T13:18:58+00:00","breadcrumb":{"@id":"https:\/\/buressa.com\/es\/producto\/marmolina-roja\/#breadcrumb"},"inLanguage":"es","potentialAction":[{"@type":"ReadAction","target":["https:\/\/buressa.com\/es\/producto\/marmolina-roja\/"]}]},{"@type":"BreadcrumbList","@id":"https:\/\/buressa.com\/es\/producto\/marmolina-roja\/#breadcrumb","itemListElement":[{"@type":"ListItem","position":1,"name":"Portada","item":"https:\/\/buressa.com\/en\/"},{"@type":"ListItem","position":2,"name":"Productos","item":"https:\/\/buressa.com\/es\/shop\/"},{"@type":"ListItem","position":3,"name":"Marmolina Roja"}]},{"@type":"WebSite","@id":"https:\/\/buressa.com\/en\/#website","url":"https:\/\/buressa.com\/en\/","name":"Bur\u00e9s S.A.U.","description":"Bur\u00e9s, la buena tierra. Fabricantes de tierras y sustratos para jardiner\u00eda.","publisher":{"@id":"https:\/\/buressa.com\/en\/#organization"},"potentialAction":[{"@type":"SearchAction","target":{"@type":"EntryPoint","urlTemplate":"https:\/\/buressa.com\/en\/?s={search_term_string}"},"query-input":"required name=search_term_string"}],"inLanguage":"es"},{"@type":"Organization","@id":"https:\/\/buressa.com\/en\/#organization","name":"BUR\u00c9S, S.A.U.","url":"https:\/\/buressa.com\/en\/","logo":{"@type":"ImageObject","inLanguage":"es","@id":"https:\/\/buressa.com\/en\/#\/schema\/logo\/image\/","url":"https:\/\/buressa.com\/wp-content\/uploads\/2015\/06\/bures-sense-marge-marro_ok.png","contentUrl":"https:\/\/buressa.com\/wp-content\/uploads\/2015\/06\/bures-sense-marge-marro_ok.png","width":141,"height":102,"caption":"BUR\u00c9S, S.A.U."},"image":{"@id":"https:\/\/buressa.com\/en\/#\/schema\/logo\/image\/"}}]}},"_links":{"self":[{"href":"https:\/\/buressa.com\/es\/wp-json\/wp\/v2\/product\/197"}],"collection":[{"href":"https:\/\/buressa.com\/es\/wp-json\/wp\/v2\/product"}],"about":[{"href":"https:\/\/buressa.com\/es\/wp-json\/wp\/v2\/types\/product"}],"replies":[{"embeddable":true,"href":"https:\/\/buressa.com\/es\/wp-json\/wp\/v2\/comments?post=197"}],"wp:featuredmedia":[{"embeddable":true,"href":"https:\/\/buressa.com\/es\/wp-json\/wp\/v2\/media\/1335"}],"wp:attachment":[{"href":"https:\/\/buressa.com\/es\/wp-json\/wp\/v2\/media?parent=197"}],"curies":[{"name":"wp","href":"https:\/\/api.w.org\/{rel}","templated":true}]}}