{"id":2064,"date":"2021-06-04T13:19:42","date_gmt":"2021-06-04T11:19:42","guid":{"rendered":"https:\/\/buressa.com\/es\/?post_type=product&#038;p=2064"},"modified":"2021-06-07T15:45:56","modified_gmt":"2021-06-07T13:45:56","slug":"plantaflor-para-sembrar","status":"publish","type":"product","link":"https:\/\/buressa.com\/es\/producto\/plantaflor-para-sembrar\/","title":{"rendered":"Plantaflor para Sembrar"},"content":{"rendered":"El Plantaflor para Sembrar es un sustrato de turba negra y turba rubia, fertilizado, de granulometr\u00eda fina, listo para usar en el cultivo de plantas j\u00f3venes.<\/p>\n<p>El Plantaflor para Sembrar es un producto adecuado para su aplicaci\u00f3n como sustrato de semillero, enraizamiento de esquejes y obtenci\u00f3n de plantel hort\u00edcola y ornamental.<\/p>\n<ul>\n<li>Ideal para el cultivo de plantas j\u00f3venes.<\/li>\n<li>Granulometr\u00eda fina.<\/li>\n<\/ul>","protected":false},"excerpt":{"rendered":"<p>El Plantaflor para Sembrar es un sustrato de turba negra y turba rubia, fertilizado, de granulometr\u00eda fina, listo para usar en el cultivo de plantas j\u00f3venes. El Plantaflor para Sembrar es un producto adecuado para su aplicaci\u00f3n como sustrato de semillero, enraizamiento de esquejes y obtenci\u00f3n de plantel hort\u00edcola y ornamental. Ideal para el cultivo&#8230;<\/p>\n","protected":false},"featured_media":2070,"comment_status":"open","ping_status":"closed","template":"","meta":[],"yoast_head":"<!-- This site is optimized with the Yoast SEO plugin v19.10 - https:\/\/yoast.com\/wordpress\/plugins\/seo\/ -->\n<title>Plantaflor para Sembrar, sustrato de turba para semilleros.<\/title>\n<meta name=\"description\" content=\"El Plantaflor para Sembrar es ideal para el cultivo de plantas j\u00f3venes, enraizamiento de esquejes y obtenci\u00f3n de plantel hort\u00edcola y ornamental.\" \/>\n<meta name=\"robots\" content=\"index, follow, max-snippet:-1, max-image-preview:large, max-video-preview:-1\" \/>\n<link rel=\"canonical\" href=\"https:\/\/buressa.com\/en\/product\/es-plantaflor-para-sembrar\/\" \/>\n<meta property=\"og:locale\" content=\"es_ES\" \/>\n<meta property=\"og:type\" content=\"article\" \/>\n<meta property=\"og:title\" content=\"Plantaflor para Sembrar, sustrato de turba para semilleros.\" \/>\n<meta property=\"og:description\" content=\"El Plantaflor para Sembrar es ideal para el cultivo de plantas j\u00f3venes, enraizamiento de esquejes y obtenci\u00f3n de plantel hort\u00edcola y ornamental.\" \/>\n<meta property=\"og:url\" content=\"https:\/\/buressa.com\/en\/product\/es-plantaflor-para-sembrar\/\" \/>\n<meta property=\"og:site_name\" content=\"Bur\u00e9s S.A.U.\" \/>\n<meta property=\"article:modified_time\" content=\"2021-06-07T13:45:56+00:00\" \/>\n<meta property=\"og:image\" content=\"https:\/\/buressa.com\/wp-content\/uploads\/2021\/06\/Plantaflor-sembrar-20L.png\" \/>\n\t<meta property=\"og:image:width\" content=\"700\" \/>\n\t<meta property=\"og:image:height\" content=\"700\" \/>\n\t<meta property=\"og:image:type\" content=\"image\/png\" \/>\n<meta name=\"twitter:card\" content=\"summary_large_image\" \/>\n<meta name=\"twitter:label1\" content=\"Tiempo de lectura\" \/>\n\t<meta name=\"twitter:data1\" content=\"1 minuto\" \/>\n<script type=\"application\/ld+json\" class=\"yoast-schema-graph\">{\"@context\":\"https:\/\/schema.org\",\"@graph\":[{\"@type\":\"WebPage\",\"@id\":\"https:\/\/buressa.com\/en\/product\/es-plantaflor-para-sembrar\/\",\"url\":\"https:\/\/buressa.com\/en\/product\/es-plantaflor-para-sembrar\/\",\"name\":\"Plantaflor para Sembrar, sustrato de turba para semilleros.\",\"isPartOf\":{\"@id\":\"https:\/\/buressa.com\/en\/#website\"},\"datePublished\":\"2021-06-04T11:19:42+00:00\",\"dateModified\":\"2021-06-07T13:45:56+00:00\",\"description\":\"El Plantaflor para Sembrar es ideal para el cultivo de plantas j\u00f3venes, enraizamiento de esquejes y obtenci\u00f3n de plantel hort\u00edcola y ornamental.\",\"breadcrumb\":{\"@id\":\"https:\/\/buressa.com\/en\/product\/es-plantaflor-para-sembrar\/#breadcrumb\"},\"inLanguage\":\"es\",\"potentialAction\":[{\"@type\":\"ReadAction\",\"target\":[\"https:\/\/buressa.com\/en\/product\/es-plantaflor-para-sembrar\/\"]}]},{\"@type\":\"BreadcrumbList\",\"@id\":\"https:\/\/buressa.com\/en\/product\/es-plantaflor-para-sembrar\/#breadcrumb\",\"itemListElement\":[{\"@type\":\"ListItem\",\"position\":1,\"name\":\"Portada\",\"item\":\"https:\/\/buressa.com\/en\/\"},{\"@type\":\"ListItem\",\"position\":2,\"name\":\"Productos\",\"item\":\"https:\/\/buressa.com\/es\/shop\/\"},{\"@type\":\"ListItem\",\"position\":3,\"name\":\"(ES) Plantaflor para Sembrar\"}]},{\"@type\":\"WebSite\",\"@id\":\"https:\/\/buressa.com\/en\/#website\",\"url\":\"https:\/\/buressa.com\/en\/\",\"name\":\"Bur\u00e9s S.A.U.\",\"description\":\"Bur\u00e9s, la buena tierra. Fabricantes de tierras y sustratos para jardiner\u00eda.\",\"publisher\":{\"@id\":\"https:\/\/buressa.com\/en\/#organization\"},\"potentialAction\":[{\"@type\":\"SearchAction\",\"target\":{\"@type\":\"EntryPoint\",\"urlTemplate\":\"https:\/\/buressa.com\/en\/?s={search_term_string}\"},\"query-input\":\"required name=search_term_string\"}],\"inLanguage\":\"es\"},{\"@type\":\"Organization\",\"@id\":\"https:\/\/buressa.com\/en\/#organization\",\"name\":\"BUR\u00c9S, S.A.U.\",\"url\":\"https:\/\/buressa.com\/en\/\",\"logo\":{\"@type\":\"ImageObject\",\"inLanguage\":\"es\",\"@id\":\"https:\/\/buressa.com\/en\/#\/schema\/logo\/image\/\",\"url\":\"https:\/\/buressa.com\/wp-content\/uploads\/2015\/06\/bures-sense-marge-marro_ok.png\",\"contentUrl\":\"https:\/\/buressa.com\/wp-content\/uploads\/2015\/06\/bures-sense-marge-marro_ok.png\",\"width\":141,\"height\":102,\"caption\":\"BUR\u00c9S, S.A.U.\"},\"image\":{\"@id\":\"https:\/\/buressa.com\/en\/#\/schema\/logo\/image\/\"}}]}<\/script>\n<!-- \/ Yoast SEO plugin. -->","yoast_head_json":{"title":"Plantaflor para Sembrar, sustrato de turba para semilleros.","description":"El Plantaflor para Sembrar es ideal para el cultivo de plantas j\u00f3venes, enraizamiento de esquejes y obtenci\u00f3n de plantel hort\u00edcola y ornamental.","robots":{"index":"index","follow":"follow","max-snippet":"max-snippet:-1","max-image-preview":"max-image-preview:large","max-video-preview":"max-video-preview:-1"},"canonical":"https:\/\/buressa.com\/en\/product\/es-plantaflor-para-sembrar\/","og_locale":"es_ES","og_type":"article","og_title":"Plantaflor para Sembrar, sustrato de turba para semilleros.","og_description":"El Plantaflor para Sembrar es ideal para el cultivo de plantas j\u00f3venes, enraizamiento de esquejes y obtenci\u00f3n de plantel hort\u00edcola y ornamental.","og_url":"https:\/\/buressa.com\/en\/product\/es-plantaflor-para-sembrar\/","og_site_name":"Bur\u00e9s S.A.U.","article_modified_time":"2021-06-07T13:45:56+00:00","og_image":[{"width":700,"height":700,"url":"https:\/\/buressa.com\/wp-content\/uploads\/2021\/06\/Plantaflor-sembrar-20L.png","type":"image\/png"}],"twitter_card":"summary_large_image","twitter_misc":{"Tiempo de lectura":"1 minuto"},"schema":{"@context":"https:\/\/schema.org","@graph":[{"@type":"WebPage","@id":"https:\/\/buressa.com\/en\/product\/es-plantaflor-para-sembrar\/","url":"https:\/\/buressa.com\/en\/product\/es-plantaflor-para-sembrar\/","name":"Plantaflor para Sembrar, sustrato de turba para semilleros.","isPartOf":{"@id":"https:\/\/buressa.com\/en\/#website"},"datePublished":"2021-06-04T11:19:42+00:00","dateModified":"2021-06-07T13:45:56+00:00","description":"El Plantaflor para Sembrar es ideal para el cultivo de plantas j\u00f3venes, enraizamiento de esquejes y obtenci\u00f3n de plantel hort\u00edcola y ornamental.","breadcrumb":{"@id":"https:\/\/buressa.com\/en\/product\/es-plantaflor-para-sembrar\/#breadcrumb"},"inLanguage":"es","potentialAction":[{"@type":"ReadAction","target":["https:\/\/buressa.com\/en\/product\/es-plantaflor-para-sembrar\/"]}]},{"@type":"BreadcrumbList","@id":"https:\/\/buressa.com\/en\/product\/es-plantaflor-para-sembrar\/#breadcrumb","itemListElement":[{"@type":"ListItem","position":1,"name":"Portada","item":"https:\/\/buressa.com\/en\/"},{"@type":"ListItem","position":2,"name":"Productos","item":"https:\/\/buressa.com\/es\/shop\/"},{"@type":"ListItem","position":3,"name":"(ES) Plantaflor para Sembrar"}]},{"@type":"WebSite","@id":"https:\/\/buressa.com\/en\/#website","url":"https:\/\/buressa.com\/en\/","name":"Bur\u00e9s S.A.U.","description":"Bur\u00e9s, la buena tierra. Fabricantes de tierras y sustratos para jardiner\u00eda.","publisher":{"@id":"https:\/\/buressa.com\/en\/#organization"},"potentialAction":[{"@type":"SearchAction","target":{"@type":"EntryPoint","urlTemplate":"https:\/\/buressa.com\/en\/?s={search_term_string}"},"query-input":"required name=search_term_string"}],"inLanguage":"es"},{"@type":"Organization","@id":"https:\/\/buressa.com\/en\/#organization","name":"BUR\u00c9S, S.A.U.","url":"https:\/\/buressa.com\/en\/","logo":{"@type":"ImageObject","inLanguage":"es","@id":"https:\/\/buressa.com\/en\/#\/schema\/logo\/image\/","url":"https:\/\/buressa.com\/wp-content\/uploads\/2015\/06\/bures-sense-marge-marro_ok.png","contentUrl":"https:\/\/buressa.com\/wp-content\/uploads\/2015\/06\/bures-sense-marge-marro_ok.png","width":141,"height":102,"caption":"BUR\u00c9S, S.A.U."},"image":{"@id":"https:\/\/buressa.com\/en\/#\/schema\/logo\/image\/"}}]}},"_links":{"self":[{"href":"https:\/\/buressa.com\/es\/wp-json\/wp\/v2\/product\/2064"}],"collection":[{"href":"https:\/\/buressa.com\/es\/wp-json\/wp\/v2\/product"}],"about":[{"href":"https:\/\/buressa.com\/es\/wp-json\/wp\/v2\/types\/product"}],"replies":[{"embeddable":true,"href":"https:\/\/buressa.com\/es\/wp-json\/wp\/v2\/comments?post=2064"}],"wp:featuredmedia":[{"embeddable":true,"href":"https:\/\/buressa.com\/es\/wp-json\/wp\/v2\/media\/2070"}],"wp:attachment":[{"href":"https:\/\/buressa.com\/es\/wp-json\/wp\/v2\/media?parent=2064"}],"curies":[{"name":"wp","href":"https:\/\/api.w.org\/{rel}","templated":true}]}}