{"id":245,"date":"2015-07-14T10:23:08","date_gmt":"2015-07-14T10:23:08","guid":{"rendered":"http:\/\/buressa.com\/?post_type=product&#038;p=245"},"modified":"2020-10-16T15:16:05","modified_gmt":"2020-10-16T13:16:05","slug":"traviesa-eco-verde","status":"publish","type":"product","link":"https:\/\/buressa.com\/es\/producto\/traviesa-eco-verde\/","title":{"rendered":"Traviesa Ecol\u00f3gica Verde (2,5&#215;0,22&#215;0,12)"},"content":{"rendered":"Traviesa de madera de pino tratada (autoclave) en color verde claro. Cumpliendo con la normativa RD 1406\/1989 y modificaci\u00f3n PRE\/2666\/2002 para uso en espacios p\u00fablicos.<\/p>\n<p>Tama\u00f1o: 2,50 m x 0,22 m x 0,12 m<\/p>\n<p>&nbsp;","protected":false},"excerpt":{"rendered":"<p>Traviesa de madera de pino tratada (autoclave) en color verde claro. Cumpliendo con la normativa RD 1406\/1989 y modificaci\u00f3n PRE\/2666\/2002 para uso en espacios p\u00fablicos. Tama\u00f1o: 2,50 m x 0,22 m x 0,12 m &nbsp;<\/p>\n","protected":false},"featured_media":632,"comment_status":"open","ping_status":"closed","template":"","meta":[],"yoast_head":"<!-- This site is optimized with the Yoast SEO plugin v19.10 - https:\/\/yoast.com\/wordpress\/plugins\/seo\/ -->\n<title>Traviesa Ecol\u00f3gica Verde (2,5x0,22x0,12) - Bur\u00e9s S.A.U.<\/title>\n<meta name=\"robots\" content=\"index, follow, max-snippet:-1, max-image-preview:large, max-video-preview:-1\" \/>\n<link rel=\"canonical\" href=\"https:\/\/buressa.com\/en\/product\/es-traviesa-eco-verde\/\" \/>\n<meta property=\"og:locale\" content=\"es_ES\" \/>\n<meta property=\"og:type\" content=\"article\" \/>\n<meta property=\"og:title\" content=\"[:es]Traviesa Ecol\u00f3gica Verde (2,5x0,22x0,12)[:ca]Travessa Ecol\u00f2gica Verda (2,5x0,22x0,12)[:] - Bur\u00e9s S.A.U.\" \/>\n<meta property=\"og:description\" content=\"Traviesa de madera de pino tratada (autoclave) en color verde claro. Cumpliendo con la normativa RD 1406\/1989 y modificaci\u00f3n PRE\/2666\/2002 para uso en espacios p\u00fablicos. Tama\u00f1o: 2,50 m x 0,22 m x 0,12 m &nbsp;\" \/>\n<meta property=\"og:url\" content=\"https:\/\/buressa.com\/en\/product\/es-traviesa-eco-verde\/\" \/>\n<meta property=\"og:site_name\" content=\"Bur\u00e9s S.A.U.\" \/>\n<meta property=\"article:modified_time\" content=\"2020-10-16T13:16:05+00:00\" \/>\n<meta property=\"og:image\" content=\"https:\/\/buressa.com\/wp-content\/uploads\/2015\/07\/Traviesa-Eco-Verde-643x960.jpg\" \/>\n\t<meta property=\"og:image:width\" content=\"643\" \/>\n\t<meta property=\"og:image:height\" content=\"960\" \/>\n\t<meta property=\"og:image:type\" content=\"image\/jpeg\" \/>\n<meta name=\"twitter:card\" content=\"summary_large_image\" \/>\n<script type=\"application\/ld+json\" class=\"yoast-schema-graph\">{\"@context\":\"https:\/\/schema.org\",\"@graph\":[{\"@type\":\"WebPage\",\"@id\":\"https:\/\/buressa.com\/en\/product\/es-traviesa-eco-verde\/\",\"url\":\"https:\/\/buressa.com\/en\/product\/es-traviesa-eco-verde\/\",\"name\":\"[:es]Traviesa Ecol\u00f3gica Verde (2,5x0,22x0,12)[:ca]Travessa Ecol\u00f2gica Verda (2,5x0,22x0,12)[:] - Bur\u00e9s S.A.U.\",\"isPartOf\":{\"@id\":\"https:\/\/buressa.com\/en\/#website\"},\"datePublished\":\"2015-07-14T10:23:08+00:00\",\"dateModified\":\"2020-10-16T13:16:05+00:00\",\"breadcrumb\":{\"@id\":\"https:\/\/buressa.com\/en\/product\/es-traviesa-eco-verde\/#breadcrumb\"},\"inLanguage\":\"es\",\"potentialAction\":[{\"@type\":\"ReadAction\",\"target\":[\"https:\/\/buressa.com\/en\/product\/es-traviesa-eco-verde\/\"]}]},{\"@type\":\"BreadcrumbList\",\"@id\":\"https:\/\/buressa.com\/en\/product\/es-traviesa-eco-verde\/#breadcrumb\",\"itemListElement\":[{\"@type\":\"ListItem\",\"position\":1,\"name\":\"Portada\",\"item\":\"https:\/\/buressa.com\/en\/\"},{\"@type\":\"ListItem\",\"position\":2,\"name\":\"Productos\",\"item\":\"https:\/\/buressa.com\/es\/shop\/\"},{\"@type\":\"ListItem\",\"position\":3,\"name\":\"(ES) Traviesa Ecol\u00f3gica Verde (2,5&#215;0,22&#215;0,12)\"}]},{\"@type\":\"WebSite\",\"@id\":\"https:\/\/buressa.com\/en\/#website\",\"url\":\"https:\/\/buressa.com\/en\/\",\"name\":\"Bur\u00e9s S.A.U.\",\"description\":\"Bur\u00e9s, la buena tierra. Fabricantes de tierras y sustratos para jardiner\u00eda.\",\"publisher\":{\"@id\":\"https:\/\/buressa.com\/en\/#organization\"},\"potentialAction\":[{\"@type\":\"SearchAction\",\"target\":{\"@type\":\"EntryPoint\",\"urlTemplate\":\"https:\/\/buressa.com\/en\/?s={search_term_string}\"},\"query-input\":\"required name=search_term_string\"}],\"inLanguage\":\"es\"},{\"@type\":\"Organization\",\"@id\":\"https:\/\/buressa.com\/en\/#organization\",\"name\":\"BUR\u00c9S, S.A.U.\",\"url\":\"https:\/\/buressa.com\/en\/\",\"logo\":{\"@type\":\"ImageObject\",\"inLanguage\":\"es\",\"@id\":\"https:\/\/buressa.com\/en\/#\/schema\/logo\/image\/\",\"url\":\"https:\/\/buressa.com\/wp-content\/uploads\/2015\/06\/bures-sense-marge-marro_ok.png\",\"contentUrl\":\"https:\/\/buressa.com\/wp-content\/uploads\/2015\/06\/bures-sense-marge-marro_ok.png\",\"width\":141,\"height\":102,\"caption\":\"BUR\u00c9S, S.A.U.\"},\"image\":{\"@id\":\"https:\/\/buressa.com\/en\/#\/schema\/logo\/image\/\"}}]}<\/script>\n<!-- \/ Yoast SEO plugin. -->","yoast_head_json":{"title":"[:es]Traviesa Ecol\u00f3gica Verde (2,5x0,22x0,12)[:ca]Travessa Ecol\u00f2gica Verda (2,5x0,22x0,12)[:] - Bur\u00e9s S.A.U.","robots":{"index":"index","follow":"follow","max-snippet":"max-snippet:-1","max-image-preview":"max-image-preview:large","max-video-preview":"max-video-preview:-1"},"canonical":"https:\/\/buressa.com\/en\/product\/es-traviesa-eco-verde\/","og_locale":"es_ES","og_type":"article","og_title":"[:es]Traviesa Ecol\u00f3gica Verde (2,5x0,22x0,12)[:ca]Travessa Ecol\u00f2gica Verda (2,5x0,22x0,12)[:] - Bur\u00e9s S.A.U.","og_description":"Traviesa de madera de pino tratada (autoclave) en color verde claro. Cumpliendo con la normativa RD 1406\/1989 y modificaci\u00f3n PRE\/2666\/2002 para uso en espacios p\u00fablicos. Tama\u00f1o: 2,50 m x 0,22 m x 0,12 m &nbsp;","og_url":"https:\/\/buressa.com\/en\/product\/es-traviesa-eco-verde\/","og_site_name":"Bur\u00e9s S.A.U.","article_modified_time":"2020-10-16T13:16:05+00:00","og_image":[{"width":643,"height":960,"url":"https:\/\/buressa.com\/wp-content\/uploads\/2015\/07\/Traviesa-Eco-Verde-643x960.jpg","type":"image\/jpeg"}],"twitter_card":"summary_large_image","schema":{"@context":"https:\/\/schema.org","@graph":[{"@type":"WebPage","@id":"https:\/\/buressa.com\/en\/product\/es-traviesa-eco-verde\/","url":"https:\/\/buressa.com\/en\/product\/es-traviesa-eco-verde\/","name":"[:es]Traviesa Ecol\u00f3gica Verde (2,5x0,22x0,12)[:ca]Travessa Ecol\u00f2gica Verda (2,5x0,22x0,12)[:] - Bur\u00e9s S.A.U.","isPartOf":{"@id":"https:\/\/buressa.com\/en\/#website"},"datePublished":"2015-07-14T10:23:08+00:00","dateModified":"2020-10-16T13:16:05+00:00","breadcrumb":{"@id":"https:\/\/buressa.com\/en\/product\/es-traviesa-eco-verde\/#breadcrumb"},"inLanguage":"es","potentialAction":[{"@type":"ReadAction","target":["https:\/\/buressa.com\/en\/product\/es-traviesa-eco-verde\/"]}]},{"@type":"BreadcrumbList","@id":"https:\/\/buressa.com\/en\/product\/es-traviesa-eco-verde\/#breadcrumb","itemListElement":[{"@type":"ListItem","position":1,"name":"Portada","item":"https:\/\/buressa.com\/en\/"},{"@type":"ListItem","position":2,"name":"Productos","item":"https:\/\/buressa.com\/es\/shop\/"},{"@type":"ListItem","position":3,"name":"(ES) Traviesa Ecol\u00f3gica Verde (2,5&#215;0,22&#215;0,12)"}]},{"@type":"WebSite","@id":"https:\/\/buressa.com\/en\/#website","url":"https:\/\/buressa.com\/en\/","name":"Bur\u00e9s S.A.U.","description":"Bur\u00e9s, la buena tierra. Fabricantes de tierras y sustratos para jardiner\u00eda.","publisher":{"@id":"https:\/\/buressa.com\/en\/#organization"},"potentialAction":[{"@type":"SearchAction","target":{"@type":"EntryPoint","urlTemplate":"https:\/\/buressa.com\/en\/?s={search_term_string}"},"query-input":"required name=search_term_string"}],"inLanguage":"es"},{"@type":"Organization","@id":"https:\/\/buressa.com\/en\/#organization","name":"BUR\u00c9S, S.A.U.","url":"https:\/\/buressa.com\/en\/","logo":{"@type":"ImageObject","inLanguage":"es","@id":"https:\/\/buressa.com\/en\/#\/schema\/logo\/image\/","url":"https:\/\/buressa.com\/wp-content\/uploads\/2015\/06\/bures-sense-marge-marro_ok.png","contentUrl":"https:\/\/buressa.com\/wp-content\/uploads\/2015\/06\/bures-sense-marge-marro_ok.png","width":141,"height":102,"caption":"BUR\u00c9S, S.A.U."},"image":{"@id":"https:\/\/buressa.com\/en\/#\/schema\/logo\/image\/"}}]}},"_links":{"self":[{"href":"https:\/\/buressa.com\/es\/wp-json\/wp\/v2\/product\/245"}],"collection":[{"href":"https:\/\/buressa.com\/es\/wp-json\/wp\/v2\/product"}],"about":[{"href":"https:\/\/buressa.com\/es\/wp-json\/wp\/v2\/types\/product"}],"replies":[{"embeddable":true,"href":"https:\/\/buressa.com\/es\/wp-json\/wp\/v2\/comments?post=245"}],"wp:featuredmedia":[{"embeddable":true,"href":"https:\/\/buressa.com\/es\/wp-json\/wp\/v2\/media\/632"}],"wp:attachment":[{"href":"https:\/\/buressa.com\/es\/wp-json\/wp\/v2\/media?parent=245"}],"curies":[{"name":"wp","href":"https:\/\/api.w.org\/{rel}","templated":true}]}}