{"id":257,"date":"2015-07-14T13:50:26","date_gmt":"2015-07-14T13:50:26","guid":{"rendered":"http:\/\/buressa.com\/?post_type=product&#038;p=257"},"modified":"2020-06-25T15:09:19","modified_gmt":"2020-06-25T13:09:19","slug":"cesped-artificial-bures","status":"publish","type":"product","link":"https:\/\/buressa.com\/es\/producto\/cesped-artificial-bures\/","title":{"rendered":"C\u00e9sped Artificial"},"content":{"rendered":"C\u00e9sped de 40 mm, \u00a0monofibra de Polietileno, relleno en Polipropileno, tricolor (tres tonos de verde), 25.200 puntadas\/m2. C\u00e9sped de excelente memoria, tratamiento anti UVA, m\u00e1xima resistencia.<\/p>\n<p>Para este tipo de c\u00e9sped no es necesario un lastre de arena de s\u00edlice. Para una mejor sensaci\u00f3n confort, se recomienda aportar \u00a0arena de s\u00edlice a raz\u00f3n de 5 Kg\/m2 para control de temperatura del tapiz y mantenimiento de la sensaci\u00f3n de frescor y humedad despu\u00e9s del riego.","protected":false},"excerpt":{"rendered":"<p>C\u00e9sped de 40 mm, \u00a0monofibra de Polietileno, relleno en Polipropileno, tricolor (tres tonos de verde), 25.200 puntadas\/m2. C\u00e9sped de excelente memoria, tratamiento anti UVA, m\u00e1xima resistencia. Para este tipo de c\u00e9sped no es necesario un lastre de arena de s\u00edlice. Para una mejor sensaci\u00f3n confort, se recomienda aportar \u00a0arena de s\u00edlice a raz\u00f3n de 5&#8230;<\/p>\n","protected":false},"featured_media":744,"comment_status":"open","ping_status":"closed","template":"","meta":[],"yoast_head":"<!-- This site is optimized with the Yoast SEO plugin v19.10 - https:\/\/yoast.com\/wordpress\/plugins\/seo\/ -->\n<title>C\u00e9sped Artificial - Bur\u00e9s S.A.U.<\/title>\n<meta name=\"robots\" content=\"index, follow, max-snippet:-1, max-image-preview:large, max-video-preview:-1\" \/>\n<link rel=\"canonical\" href=\"https:\/\/buressa.com\/ca\/producte\/gespa-artificial-bures\/\" \/>\n<meta property=\"og:locale\" content=\"es_ES\" \/>\n<meta property=\"og:type\" content=\"article\" \/>\n<meta property=\"og:title\" content=\"[:es]C\u00e9sped Artificial[:ca]Gespa Artificial[:] - Bur\u00e9s S.A.U.\" \/>\n<meta property=\"og:description\" content=\"C\u00e9sped de 40 mm, \u00a0monofibra de Polietileno, relleno en Polipropileno, tricolor (tres tonos de verde), 25.200 puntadas\/m2. C\u00e9sped de excelente memoria, tratamiento anti UVA, m\u00e1xima resistencia. Para este tipo de c\u00e9sped no es necesario un lastre de arena de s\u00edlice. Para una mejor sensaci\u00f3n confort, se recomienda aportar \u00a0arena de s\u00edlice a raz\u00f3n de 5...\" \/>\n<meta property=\"og:url\" content=\"https:\/\/buressa.com\/ca\/producte\/gespa-artificial-bures\/\" \/>\n<meta property=\"og:site_name\" content=\"Bur\u00e9s S.A.U.\" \/>\n<meta property=\"article:modified_time\" content=\"2020-06-25T13:09:19+00:00\" \/>\n<meta property=\"og:image\" content=\"https:\/\/buressa.com\/wp-content\/uploads\/2015\/10\/Imag-C\u00e9sped-artificial.jpg\" \/>\n\t<meta property=\"og:image:width\" content=\"1688\" \/>\n\t<meta property=\"og:image:height\" content=\"1461\" \/>\n\t<meta property=\"og:image:type\" content=\"image\/jpeg\" \/>\n<meta name=\"twitter:card\" content=\"summary_large_image\" \/>\n<meta name=\"twitter:label1\" content=\"Tiempo de lectura\" \/>\n\t<meta name=\"twitter:data1\" content=\"1 minuto\" \/>\n<script type=\"application\/ld+json\" class=\"yoast-schema-graph\">{\"@context\":\"https:\/\/schema.org\",\"@graph\":[{\"@type\":\"WebPage\",\"@id\":\"https:\/\/buressa.com\/ca\/producte\/gespa-artificial-bures\/\",\"url\":\"https:\/\/buressa.com\/ca\/producte\/gespa-artificial-bures\/\",\"name\":\"[:es]C\u00e9sped Artificial[:ca]Gespa Artificial[:] - Bur\u00e9s S.A.U.\",\"isPartOf\":{\"@id\":\"https:\/\/buressa.com\/en\/#website\"},\"datePublished\":\"2015-07-14T13:50:26+00:00\",\"dateModified\":\"2020-06-25T13:09:19+00:00\",\"breadcrumb\":{\"@id\":\"https:\/\/buressa.com\/ca\/producte\/gespa-artificial-bures\/#breadcrumb\"},\"inLanguage\":\"es\",\"potentialAction\":[{\"@type\":\"ReadAction\",\"target\":[\"https:\/\/buressa.com\/ca\/producte\/gespa-artificial-bures\/\"]}]},{\"@type\":\"BreadcrumbList\",\"@id\":\"https:\/\/buressa.com\/ca\/producte\/gespa-artificial-bures\/#breadcrumb\",\"itemListElement\":[{\"@type\":\"ListItem\",\"position\":1,\"name\":\"Portada\",\"item\":\"https:\/\/buressa.com\/en\/\"},{\"@type\":\"ListItem\",\"position\":2,\"name\":\"Productos\",\"item\":\"https:\/\/buressa.com\/es\/shop\/\"},{\"@type\":\"ListItem\",\"position\":3,\"name\":\"Gespa Artificial\"}]},{\"@type\":\"WebSite\",\"@id\":\"https:\/\/buressa.com\/en\/#website\",\"url\":\"https:\/\/buressa.com\/en\/\",\"name\":\"Bur\u00e9s S.A.U.\",\"description\":\"Bur\u00e9s, la buena tierra. Fabricantes de tierras y sustratos para jardiner\u00eda.\",\"publisher\":{\"@id\":\"https:\/\/buressa.com\/en\/#organization\"},\"potentialAction\":[{\"@type\":\"SearchAction\",\"target\":{\"@type\":\"EntryPoint\",\"urlTemplate\":\"https:\/\/buressa.com\/en\/?s={search_term_string}\"},\"query-input\":\"required name=search_term_string\"}],\"inLanguage\":\"es\"},{\"@type\":\"Organization\",\"@id\":\"https:\/\/buressa.com\/en\/#organization\",\"name\":\"BUR\u00c9S, S.A.U.\",\"url\":\"https:\/\/buressa.com\/en\/\",\"logo\":{\"@type\":\"ImageObject\",\"inLanguage\":\"es\",\"@id\":\"https:\/\/buressa.com\/en\/#\/schema\/logo\/image\/\",\"url\":\"https:\/\/buressa.com\/wp-content\/uploads\/2015\/06\/bures-sense-marge-marro_ok.png\",\"contentUrl\":\"https:\/\/buressa.com\/wp-content\/uploads\/2015\/06\/bures-sense-marge-marro_ok.png\",\"width\":141,\"height\":102,\"caption\":\"BUR\u00c9S, S.A.U.\"},\"image\":{\"@id\":\"https:\/\/buressa.com\/en\/#\/schema\/logo\/image\/\"}}]}<\/script>\n<!-- \/ Yoast SEO plugin. -->","yoast_head_json":{"title":"[:es]C\u00e9sped Artificial[:ca]Gespa Artificial[:] - Bur\u00e9s S.A.U.","robots":{"index":"index","follow":"follow","max-snippet":"max-snippet:-1","max-image-preview":"max-image-preview:large","max-video-preview":"max-video-preview:-1"},"canonical":"https:\/\/buressa.com\/ca\/producte\/gespa-artificial-bures\/","og_locale":"es_ES","og_type":"article","og_title":"[:es]C\u00e9sped Artificial[:ca]Gespa Artificial[:] - Bur\u00e9s S.A.U.","og_description":"C\u00e9sped de 40 mm, \u00a0monofibra de Polietileno, relleno en Polipropileno, tricolor (tres tonos de verde), 25.200 puntadas\/m2. C\u00e9sped de excelente memoria, tratamiento anti UVA, m\u00e1xima resistencia. Para este tipo de c\u00e9sped no es necesario un lastre de arena de s\u00edlice. Para una mejor sensaci\u00f3n confort, se recomienda aportar \u00a0arena de s\u00edlice a raz\u00f3n de 5...","og_url":"https:\/\/buressa.com\/ca\/producte\/gespa-artificial-bures\/","og_site_name":"Bur\u00e9s S.A.U.","article_modified_time":"2020-06-25T13:09:19+00:00","og_image":[{"width":1688,"height":1461,"url":"https:\/\/buressa.com\/wp-content\/uploads\/2015\/10\/Imag-C\u00e9sped-artificial.jpg","type":"image\/jpeg"}],"twitter_card":"summary_large_image","twitter_misc":{"Tiempo de lectura":"1 minuto"},"schema":{"@context":"https:\/\/schema.org","@graph":[{"@type":"WebPage","@id":"https:\/\/buressa.com\/ca\/producte\/gespa-artificial-bures\/","url":"https:\/\/buressa.com\/ca\/producte\/gespa-artificial-bures\/","name":"[:es]C\u00e9sped Artificial[:ca]Gespa Artificial[:] - Bur\u00e9s S.A.U.","isPartOf":{"@id":"https:\/\/buressa.com\/en\/#website"},"datePublished":"2015-07-14T13:50:26+00:00","dateModified":"2020-06-25T13:09:19+00:00","breadcrumb":{"@id":"https:\/\/buressa.com\/ca\/producte\/gespa-artificial-bures\/#breadcrumb"},"inLanguage":"es","potentialAction":[{"@type":"ReadAction","target":["https:\/\/buressa.com\/ca\/producte\/gespa-artificial-bures\/"]}]},{"@type":"BreadcrumbList","@id":"https:\/\/buressa.com\/ca\/producte\/gespa-artificial-bures\/#breadcrumb","itemListElement":[{"@type":"ListItem","position":1,"name":"Portada","item":"https:\/\/buressa.com\/en\/"},{"@type":"ListItem","position":2,"name":"Productos","item":"https:\/\/buressa.com\/es\/shop\/"},{"@type":"ListItem","position":3,"name":"Gespa Artificial"}]},{"@type":"WebSite","@id":"https:\/\/buressa.com\/en\/#website","url":"https:\/\/buressa.com\/en\/","name":"Bur\u00e9s S.A.U.","description":"Bur\u00e9s, la buena tierra. Fabricantes de tierras y sustratos para jardiner\u00eda.","publisher":{"@id":"https:\/\/buressa.com\/en\/#organization"},"potentialAction":[{"@type":"SearchAction","target":{"@type":"EntryPoint","urlTemplate":"https:\/\/buressa.com\/en\/?s={search_term_string}"},"query-input":"required name=search_term_string"}],"inLanguage":"es"},{"@type":"Organization","@id":"https:\/\/buressa.com\/en\/#organization","name":"BUR\u00c9S, S.A.U.","url":"https:\/\/buressa.com\/en\/","logo":{"@type":"ImageObject","inLanguage":"es","@id":"https:\/\/buressa.com\/en\/#\/schema\/logo\/image\/","url":"https:\/\/buressa.com\/wp-content\/uploads\/2015\/06\/bures-sense-marge-marro_ok.png","contentUrl":"https:\/\/buressa.com\/wp-content\/uploads\/2015\/06\/bures-sense-marge-marro_ok.png","width":141,"height":102,"caption":"BUR\u00c9S, S.A.U."},"image":{"@id":"https:\/\/buressa.com\/en\/#\/schema\/logo\/image\/"}}]}},"_links":{"self":[{"href":"https:\/\/buressa.com\/es\/wp-json\/wp\/v2\/product\/257"}],"collection":[{"href":"https:\/\/buressa.com\/es\/wp-json\/wp\/v2\/product"}],"about":[{"href":"https:\/\/buressa.com\/es\/wp-json\/wp\/v2\/types\/product"}],"replies":[{"embeddable":true,"href":"https:\/\/buressa.com\/es\/wp-json\/wp\/v2\/comments?post=257"}],"wp:featuredmedia":[{"embeddable":true,"href":"https:\/\/buressa.com\/es\/wp-json\/wp\/v2\/media\/744"}],"wp:attachment":[{"href":"https:\/\/buressa.com\/es\/wp-json\/wp\/v2\/media?parent=257"}],"curies":[{"name":"wp","href":"https:\/\/api.w.org\/{rel}","templated":true}]}}