{"id":845,"date":"2016-02-25T14:45:41","date_gmt":"2016-02-25T13:45:41","guid":{"rendered":"http:\/\/buressa.com\/es\/?post_type=product&#038;p=845"},"modified":"2021-06-08T09:24:31","modified_gmt":"2021-06-08T07:24:31","slug":"tierra-para-huerto-y-jardin","status":"publish","type":"product","link":"https:\/\/buressa.com\/es\/producto\/tierra-para-huerto-y-jardin\/","title":{"rendered":"Tierra para Huerto y Jard\u00edn"},"content":{"rendered":"La Tierra para Huerto y Jard\u00edn es un producto parecido al suelo de huerto de m\u00e1xima calidad.\u00a0Es un sustrato de granulometr\u00eda media y densidad ligeramente elevada debido a la incorporaci\u00f3n de arenas y arcillas en su formulaci\u00f3n. Su composici\u00f3n mejora el asentamiento y arraigue de las especies en cultivo.<\/p>\n<p>La Tierra para Huerto y Jard\u00edn es una tierra vegetal de jardiner\u00eda, que al m\u00e1s estilo tradicional de preparaci\u00f3n, da respuesta a una demanda creciente de aficionados y profesionales del sector de disponer de un producto ensacado de mayor densidad y buen drenaje que los sustratos de aplicaci\u00f3n universal, preparados b\u00e1sicamente a partir de turba.<\/p>\n<ul>\n<li>Ideal para \u00e1rboles frutales, huertos.<\/li>\n<li>Tambi\u00e9n para jard\u00edn: parterres de flor y hoyos de plantaci\u00f3n.<\/li>\n<li>Adecuado para rellenos y correcci\u00f3n de desniveles en c\u00e9sped.<\/li>\n<\/ul>\n<p>La Tierra para Huerto y Jard\u00edn se comercializa en sacos de 30 litros de capacidad, contiene un elevado porcentaje en materia org\u00e1nica y una rica reserva de nutrientes.<\/p>\n<p>&nbsp;<\/p>\n<p>&nbsp;","protected":false},"excerpt":{"rendered":"<p>La Tierra para Huerto y Jard\u00edn es un producto parecido al suelo de huerto de m\u00e1xima calidad.\u00a0Es un sustrato de granulometr\u00eda media y densidad ligeramente elevada debido a la incorporaci\u00f3n de arenas y arcillas en su formulaci\u00f3n. Su composici\u00f3n mejora el asentamiento y arraigue de las especies en cultivo. La Tierra para Huerto y Jard\u00edn&#8230;<\/p>\n","protected":false},"featured_media":849,"comment_status":"open","ping_status":"closed","template":"","meta":[],"yoast_head":"<!-- This site is optimized with the Yoast SEO plugin v19.10 - https:\/\/yoast.com\/wordpress\/plugins\/seo\/ -->\n<title>Tierra para Huerto y Jard\u00edn, buen arraigue y asentamiento.<\/title>\n<meta name=\"description\" content=\"\u00bfBuscas una buena tierra para tus \u00e1rboles? La Tierra para Huerto y Jard\u00edn es ideal para pantas de porte medio - grande: arbustos y \u00e1rboles. \u00a1Pru\u00e9bala!\" \/>\n<meta name=\"robots\" content=\"index, follow, max-snippet:-1, max-image-preview:large, max-video-preview:-1\" \/>\n<link rel=\"canonical\" href=\"https:\/\/buressa.com\/es\/producto\/tierra-para-huerto-y-jardin\/\" \/>\n<meta property=\"og:locale\" content=\"es_ES\" \/>\n<meta property=\"og:type\" content=\"article\" \/>\n<meta property=\"og:title\" content=\"Tierra para Huerto y Jard\u00edn, buen arraigue y asentamiento.\" \/>\n<meta property=\"og:description\" content=\"\u00bfBuscas una buena tierra para tus \u00e1rboles? La Tierra para Huerto y Jard\u00edn es ideal para pantas de porte medio - grande: arbustos y \u00e1rboles. \u00a1Pru\u00e9bala!\" \/>\n<meta property=\"og:url\" content=\"https:\/\/buressa.com\/es\/producto\/tierra-para-huerto-y-jardin\/\" \/>\n<meta property=\"og:site_name\" content=\"Bur\u00e9s S.A.U.\" \/>\n<meta property=\"article:modified_time\" content=\"2021-06-08T07:24:31+00:00\" \/>\n<meta property=\"og:image\" content=\"https:\/\/buressa.com\/wp-content\/uploads\/2016\/02\/tierra-huerto-jardin-lienzo-3.jpg\" \/>\n\t<meta property=\"og:image:width\" content=\"960\" \/>\n\t<meta property=\"og:image:height\" content=\"400\" \/>\n\t<meta property=\"og:image:type\" content=\"image\/jpeg\" \/>\n<meta name=\"twitter:card\" content=\"summary_large_image\" \/>\n<meta name=\"twitter:label1\" content=\"Tiempo de lectura\" \/>\n\t<meta name=\"twitter:data1\" content=\"2 minutos\" \/>\n<script type=\"application\/ld+json\" class=\"yoast-schema-graph\">{\"@context\":\"https:\/\/schema.org\",\"@graph\":[{\"@type\":\"WebPage\",\"@id\":\"https:\/\/buressa.com\/es\/producto\/tierra-para-huerto-y-jardin\/\",\"url\":\"https:\/\/buressa.com\/es\/producto\/tierra-para-huerto-y-jardin\/\",\"name\":\"Tierra para Huerto y Jard\u00edn, buen arraigue y asentamiento.\",\"isPartOf\":{\"@id\":\"https:\/\/buressa.com\/en\/#website\"},\"datePublished\":\"2016-02-25T13:45:41+00:00\",\"dateModified\":\"2021-06-08T07:24:31+00:00\",\"description\":\"\u00bfBuscas una buena tierra para tus \u00e1rboles? La Tierra para Huerto y Jard\u00edn es ideal para pantas de porte medio - grande: arbustos y \u00e1rboles. \u00a1Pru\u00e9bala!\",\"breadcrumb\":{\"@id\":\"https:\/\/buressa.com\/es\/producto\/tierra-para-huerto-y-jardin\/#breadcrumb\"},\"inLanguage\":\"es\",\"potentialAction\":[{\"@type\":\"ReadAction\",\"target\":[\"https:\/\/buressa.com\/es\/producto\/tierra-para-huerto-y-jardin\/\"]}]},{\"@type\":\"BreadcrumbList\",\"@id\":\"https:\/\/buressa.com\/es\/producto\/tierra-para-huerto-y-jardin\/#breadcrumb\",\"itemListElement\":[{\"@type\":\"ListItem\",\"position\":1,\"name\":\"Portada\",\"item\":\"https:\/\/buressa.com\/en\/\"},{\"@type\":\"ListItem\",\"position\":2,\"name\":\"Productos\",\"item\":\"https:\/\/buressa.com\/es\/shop\/\"},{\"@type\":\"ListItem\",\"position\":3,\"name\":\"Tierra para Huerto y Jard\u00edn\"}]},{\"@type\":\"WebSite\",\"@id\":\"https:\/\/buressa.com\/en\/#website\",\"url\":\"https:\/\/buressa.com\/en\/\",\"name\":\"Bur\u00e9s S.A.U.\",\"description\":\"Bur\u00e9s, la buena tierra. Fabricantes de tierras y sustratos para jardiner\u00eda.\",\"publisher\":{\"@id\":\"https:\/\/buressa.com\/en\/#organization\"},\"potentialAction\":[{\"@type\":\"SearchAction\",\"target\":{\"@type\":\"EntryPoint\",\"urlTemplate\":\"https:\/\/buressa.com\/en\/?s={search_term_string}\"},\"query-input\":\"required name=search_term_string\"}],\"inLanguage\":\"es\"},{\"@type\":\"Organization\",\"@id\":\"https:\/\/buressa.com\/en\/#organization\",\"name\":\"BUR\u00c9S, S.A.U.\",\"url\":\"https:\/\/buressa.com\/en\/\",\"logo\":{\"@type\":\"ImageObject\",\"inLanguage\":\"es\",\"@id\":\"https:\/\/buressa.com\/en\/#\/schema\/logo\/image\/\",\"url\":\"https:\/\/buressa.com\/wp-content\/uploads\/2015\/06\/bures-sense-marge-marro_ok.png\",\"contentUrl\":\"https:\/\/buressa.com\/wp-content\/uploads\/2015\/06\/bures-sense-marge-marro_ok.png\",\"width\":141,\"height\":102,\"caption\":\"BUR\u00c9S, S.A.U.\"},\"image\":{\"@id\":\"https:\/\/buressa.com\/en\/#\/schema\/logo\/image\/\"}}]}<\/script>\n<!-- \/ Yoast SEO plugin. -->","yoast_head_json":{"title":"Tierra para Huerto y Jard\u00edn, buen arraigue y asentamiento.","description":"\u00bfBuscas una buena tierra para tus \u00e1rboles? La Tierra para Huerto y Jard\u00edn es ideal para pantas de porte medio - grande: arbustos y \u00e1rboles. \u00a1Pru\u00e9bala!","robots":{"index":"index","follow":"follow","max-snippet":"max-snippet:-1","max-image-preview":"max-image-preview:large","max-video-preview":"max-video-preview:-1"},"canonical":"https:\/\/buressa.com\/es\/producto\/tierra-para-huerto-y-jardin\/","og_locale":"es_ES","og_type":"article","og_title":"Tierra para Huerto y Jard\u00edn, buen arraigue y asentamiento.","og_description":"\u00bfBuscas una buena tierra para tus \u00e1rboles? La Tierra para Huerto y Jard\u00edn es ideal para pantas de porte medio - grande: arbustos y \u00e1rboles. \u00a1Pru\u00e9bala!","og_url":"https:\/\/buressa.com\/es\/producto\/tierra-para-huerto-y-jardin\/","og_site_name":"Bur\u00e9s S.A.U.","article_modified_time":"2021-06-08T07:24:31+00:00","og_image":[{"width":960,"height":400,"url":"https:\/\/buressa.com\/wp-content\/uploads\/2016\/02\/tierra-huerto-jardin-lienzo-3.jpg","type":"image\/jpeg"}],"twitter_card":"summary_large_image","twitter_misc":{"Tiempo de lectura":"2 minutos"},"schema":{"@context":"https:\/\/schema.org","@graph":[{"@type":"WebPage","@id":"https:\/\/buressa.com\/es\/producto\/tierra-para-huerto-y-jardin\/","url":"https:\/\/buressa.com\/es\/producto\/tierra-para-huerto-y-jardin\/","name":"Tierra para Huerto y Jard\u00edn, buen arraigue y asentamiento.","isPartOf":{"@id":"https:\/\/buressa.com\/en\/#website"},"datePublished":"2016-02-25T13:45:41+00:00","dateModified":"2021-06-08T07:24:31+00:00","description":"\u00bfBuscas una buena tierra para tus \u00e1rboles? La Tierra para Huerto y Jard\u00edn es ideal para pantas de porte medio - grande: arbustos y \u00e1rboles. \u00a1Pru\u00e9bala!","breadcrumb":{"@id":"https:\/\/buressa.com\/es\/producto\/tierra-para-huerto-y-jardin\/#breadcrumb"},"inLanguage":"es","potentialAction":[{"@type":"ReadAction","target":["https:\/\/buressa.com\/es\/producto\/tierra-para-huerto-y-jardin\/"]}]},{"@type":"BreadcrumbList","@id":"https:\/\/buressa.com\/es\/producto\/tierra-para-huerto-y-jardin\/#breadcrumb","itemListElement":[{"@type":"ListItem","position":1,"name":"Portada","item":"https:\/\/buressa.com\/en\/"},{"@type":"ListItem","position":2,"name":"Productos","item":"https:\/\/buressa.com\/es\/shop\/"},{"@type":"ListItem","position":3,"name":"Tierra para Huerto y Jard\u00edn"}]},{"@type":"WebSite","@id":"https:\/\/buressa.com\/en\/#website","url":"https:\/\/buressa.com\/en\/","name":"Bur\u00e9s S.A.U.","description":"Bur\u00e9s, la buena tierra. Fabricantes de tierras y sustratos para jardiner\u00eda.","publisher":{"@id":"https:\/\/buressa.com\/en\/#organization"},"potentialAction":[{"@type":"SearchAction","target":{"@type":"EntryPoint","urlTemplate":"https:\/\/buressa.com\/en\/?s={search_term_string}"},"query-input":"required name=search_term_string"}],"inLanguage":"es"},{"@type":"Organization","@id":"https:\/\/buressa.com\/en\/#organization","name":"BUR\u00c9S, S.A.U.","url":"https:\/\/buressa.com\/en\/","logo":{"@type":"ImageObject","inLanguage":"es","@id":"https:\/\/buressa.com\/en\/#\/schema\/logo\/image\/","url":"https:\/\/buressa.com\/wp-content\/uploads\/2015\/06\/bures-sense-marge-marro_ok.png","contentUrl":"https:\/\/buressa.com\/wp-content\/uploads\/2015\/06\/bures-sense-marge-marro_ok.png","width":141,"height":102,"caption":"BUR\u00c9S, S.A.U."},"image":{"@id":"https:\/\/buressa.com\/en\/#\/schema\/logo\/image\/"}}]}},"_links":{"self":[{"href":"https:\/\/buressa.com\/es\/wp-json\/wp\/v2\/product\/845"}],"collection":[{"href":"https:\/\/buressa.com\/es\/wp-json\/wp\/v2\/product"}],"about":[{"href":"https:\/\/buressa.com\/es\/wp-json\/wp\/v2\/types\/product"}],"replies":[{"embeddable":true,"href":"https:\/\/buressa.com\/es\/wp-json\/wp\/v2\/comments?post=845"}],"wp:featuredmedia":[{"embeddable":true,"href":"https:\/\/buressa.com\/es\/wp-json\/wp\/v2\/media\/849"}],"wp:attachment":[{"href":"https:\/\/buressa.com\/es\/wp-json\/wp\/v2\/media?parent=845"}],"curies":[{"name":"wp","href":"https:\/\/api.w.org\/{rel}","templated":true}]}}