{"id":989,"date":"2018-02-27T09:34:42","date_gmt":"2018-02-27T08:34:42","guid":{"rendered":"http:\/\/buressa.com\/es\/?post_type=product&#038;p=989"},"modified":"2021-12-09T09:29:30","modified_gmt":"2021-12-09T08:29:30","slug":"cubresuelos-bures-catalogo-guia-productos","status":"publish","type":"product","link":"https:\/\/buressa.com\/es\/producto\/cubresuelos-bures-catalogo-guia-de-productos\/","title":{"rendered":"CUBRESUELOS BUR\u00c9S, Cat\u00e1logo-Gu\u00eda"},"content":{"rendered":"<a class=\"download_pdf_btn\" href=\"https:\/\/buressa.com\/wp-content\/uploads\/2021\/12\/BURES_S.A.U.2011-CUBRESUELOS_BURES.pdf\" target=\"_blank\" rel=\"noopener noreferrer\"> <i class=\"i_pdf_download\"><\/i><span style=\"font-size: 24px;\">Descargar cat\u00e1logo<\/span><br \/>\n<\/a>","protected":false},"excerpt":{"rendered":"<p>Descargar cat\u00e1logo<\/p>\n","protected":false},"featured_media":998,"comment_status":"open","ping_status":"closed","template":"","meta":[],"yoast_head":"<!-- This site is optimized with the Yoast SEO plugin v19.10 - https:\/\/yoast.com\/wordpress\/plugins\/seo\/ -->\n<title>CUBRESUELOS BUR\u00c9S, Cat\u00e1logo-Gu\u00eda - Bur\u00e9s S.A.U.<\/title>\n<meta name=\"robots\" content=\"index, follow, max-snippet:-1, max-image-preview:large, max-video-preview:-1\" \/>\n<link rel=\"canonical\" href=\"https:\/\/buressa.com\/en\/product\/es-cubresuelos-bures-catalogo-guia-de-productos\/\" \/>\n<meta property=\"og:locale\" content=\"es_ES\" \/>\n<meta property=\"og:type\" content=\"article\" \/>\n<meta property=\"og:title\" content=\"[:es]CUBRESUELOS BUR\u00c9S, Cat\u00e1logo-Gu\u00eda[:ca]CUBRESUELOS BUR\u00c9S, Cat\u00e1logo-Gu\u00eda[:] - Bur\u00e9s S.A.U.\" \/>\n<meta property=\"og:description\" content=\"Descargar cat\u00e1logo\" \/>\n<meta property=\"og:url\" content=\"https:\/\/buressa.com\/en\/product\/es-cubresuelos-bures-catalogo-guia-de-productos\/\" \/>\n<meta property=\"og:site_name\" content=\"Bur\u00e9s S.A.U.\" \/>\n<meta property=\"article:modified_time\" content=\"2021-12-09T08:29:30+00:00\" \/>\n<meta property=\"og:image\" content=\"https:\/\/buressa.com\/wp-content\/uploads\/2018\/02\/portada1-2.jpg\" \/>\n\t<meta property=\"og:image:width\" content=\"1000\" \/>\n\t<meta property=\"og:image:height\" content=\"800\" \/>\n\t<meta property=\"og:image:type\" content=\"image\/jpeg\" \/>\n<meta name=\"twitter:card\" content=\"summary_large_image\" \/>\n<script type=\"application\/ld+json\" class=\"yoast-schema-graph\">{\"@context\":\"https:\/\/schema.org\",\"@graph\":[{\"@type\":\"WebPage\",\"@id\":\"https:\/\/buressa.com\/en\/product\/es-cubresuelos-bures-catalogo-guia-de-productos\/\",\"url\":\"https:\/\/buressa.com\/en\/product\/es-cubresuelos-bures-catalogo-guia-de-productos\/\",\"name\":\"[:es]CUBRESUELOS BUR\u00c9S, Cat\u00e1logo-Gu\u00eda[:ca]CUBRESUELOS BUR\u00c9S, Cat\u00e1logo-Gu\u00eda[:] - Bur\u00e9s S.A.U.\",\"isPartOf\":{\"@id\":\"https:\/\/buressa.com\/en\/#website\"},\"datePublished\":\"2018-02-27T08:34:42+00:00\",\"dateModified\":\"2021-12-09T08:29:30+00:00\",\"breadcrumb\":{\"@id\":\"https:\/\/buressa.com\/en\/product\/es-cubresuelos-bures-catalogo-guia-de-productos\/#breadcrumb\"},\"inLanguage\":\"es\",\"potentialAction\":[{\"@type\":\"ReadAction\",\"target\":[\"https:\/\/buressa.com\/en\/product\/es-cubresuelos-bures-catalogo-guia-de-productos\/\"]}]},{\"@type\":\"BreadcrumbList\",\"@id\":\"https:\/\/buressa.com\/en\/product\/es-cubresuelos-bures-catalogo-guia-de-productos\/#breadcrumb\",\"itemListElement\":[{\"@type\":\"ListItem\",\"position\":1,\"name\":\"Portada\",\"item\":\"https:\/\/buressa.com\/en\/\"},{\"@type\":\"ListItem\",\"position\":2,\"name\":\"Productos\",\"item\":\"https:\/\/buressa.com\/es\/shop\/\"},{\"@type\":\"ListItem\",\"position\":3,\"name\":\"(ES) CUBRESUELOS BUR\u00c9S, Cat\u00e1logo-Gu\u00eda\"}]},{\"@type\":\"WebSite\",\"@id\":\"https:\/\/buressa.com\/en\/#website\",\"url\":\"https:\/\/buressa.com\/en\/\",\"name\":\"Bur\u00e9s S.A.U.\",\"description\":\"Bur\u00e9s, la buena tierra. Fabricantes de tierras y sustratos para jardiner\u00eda.\",\"publisher\":{\"@id\":\"https:\/\/buressa.com\/en\/#organization\"},\"potentialAction\":[{\"@type\":\"SearchAction\",\"target\":{\"@type\":\"EntryPoint\",\"urlTemplate\":\"https:\/\/buressa.com\/en\/?s={search_term_string}\"},\"query-input\":\"required name=search_term_string\"}],\"inLanguage\":\"es\"},{\"@type\":\"Organization\",\"@id\":\"https:\/\/buressa.com\/en\/#organization\",\"name\":\"BUR\u00c9S, S.A.U.\",\"url\":\"https:\/\/buressa.com\/en\/\",\"logo\":{\"@type\":\"ImageObject\",\"inLanguage\":\"es\",\"@id\":\"https:\/\/buressa.com\/en\/#\/schema\/logo\/image\/\",\"url\":\"https:\/\/buressa.com\/wp-content\/uploads\/2015\/06\/bures-sense-marge-marro_ok.png\",\"contentUrl\":\"https:\/\/buressa.com\/wp-content\/uploads\/2015\/06\/bures-sense-marge-marro_ok.png\",\"width\":141,\"height\":102,\"caption\":\"BUR\u00c9S, S.A.U.\"},\"image\":{\"@id\":\"https:\/\/buressa.com\/en\/#\/schema\/logo\/image\/\"}}]}<\/script>\n<!-- \/ Yoast SEO plugin. -->","yoast_head_json":{"title":"[:es]CUBRESUELOS BUR\u00c9S, Cat\u00e1logo-Gu\u00eda[:ca]CUBRESUELOS BUR\u00c9S, Cat\u00e1logo-Gu\u00eda[:] - Bur\u00e9s S.A.U.","robots":{"index":"index","follow":"follow","max-snippet":"max-snippet:-1","max-image-preview":"max-image-preview:large","max-video-preview":"max-video-preview:-1"},"canonical":"https:\/\/buressa.com\/en\/product\/es-cubresuelos-bures-catalogo-guia-de-productos\/","og_locale":"es_ES","og_type":"article","og_title":"[:es]CUBRESUELOS BUR\u00c9S, Cat\u00e1logo-Gu\u00eda[:ca]CUBRESUELOS BUR\u00c9S, Cat\u00e1logo-Gu\u00eda[:] - Bur\u00e9s S.A.U.","og_description":"Descargar cat\u00e1logo","og_url":"https:\/\/buressa.com\/en\/product\/es-cubresuelos-bures-catalogo-guia-de-productos\/","og_site_name":"Bur\u00e9s S.A.U.","article_modified_time":"2021-12-09T08:29:30+00:00","og_image":[{"width":1000,"height":800,"url":"https:\/\/buressa.com\/wp-content\/uploads\/2018\/02\/portada1-2.jpg","type":"image\/jpeg"}],"twitter_card":"summary_large_image","schema":{"@context":"https:\/\/schema.org","@graph":[{"@type":"WebPage","@id":"https:\/\/buressa.com\/en\/product\/es-cubresuelos-bures-catalogo-guia-de-productos\/","url":"https:\/\/buressa.com\/en\/product\/es-cubresuelos-bures-catalogo-guia-de-productos\/","name":"[:es]CUBRESUELOS BUR\u00c9S, Cat\u00e1logo-Gu\u00eda[:ca]CUBRESUELOS BUR\u00c9S, Cat\u00e1logo-Gu\u00eda[:] - Bur\u00e9s S.A.U.","isPartOf":{"@id":"https:\/\/buressa.com\/en\/#website"},"datePublished":"2018-02-27T08:34:42+00:00","dateModified":"2021-12-09T08:29:30+00:00","breadcrumb":{"@id":"https:\/\/buressa.com\/en\/product\/es-cubresuelos-bures-catalogo-guia-de-productos\/#breadcrumb"},"inLanguage":"es","potentialAction":[{"@type":"ReadAction","target":["https:\/\/buressa.com\/en\/product\/es-cubresuelos-bures-catalogo-guia-de-productos\/"]}]},{"@type":"BreadcrumbList","@id":"https:\/\/buressa.com\/en\/product\/es-cubresuelos-bures-catalogo-guia-de-productos\/#breadcrumb","itemListElement":[{"@type":"ListItem","position":1,"name":"Portada","item":"https:\/\/buressa.com\/en\/"},{"@type":"ListItem","position":2,"name":"Productos","item":"https:\/\/buressa.com\/es\/shop\/"},{"@type":"ListItem","position":3,"name":"(ES) CUBRESUELOS BUR\u00c9S, Cat\u00e1logo-Gu\u00eda"}]},{"@type":"WebSite","@id":"https:\/\/buressa.com\/en\/#website","url":"https:\/\/buressa.com\/en\/","name":"Bur\u00e9s S.A.U.","description":"Bur\u00e9s, la buena tierra. Fabricantes de tierras y sustratos para jardiner\u00eda.","publisher":{"@id":"https:\/\/buressa.com\/en\/#organization"},"potentialAction":[{"@type":"SearchAction","target":{"@type":"EntryPoint","urlTemplate":"https:\/\/buressa.com\/en\/?s={search_term_string}"},"query-input":"required name=search_term_string"}],"inLanguage":"es"},{"@type":"Organization","@id":"https:\/\/buressa.com\/en\/#organization","name":"BUR\u00c9S, S.A.U.","url":"https:\/\/buressa.com\/en\/","logo":{"@type":"ImageObject","inLanguage":"es","@id":"https:\/\/buressa.com\/en\/#\/schema\/logo\/image\/","url":"https:\/\/buressa.com\/wp-content\/uploads\/2015\/06\/bures-sense-marge-marro_ok.png","contentUrl":"https:\/\/buressa.com\/wp-content\/uploads\/2015\/06\/bures-sense-marge-marro_ok.png","width":141,"height":102,"caption":"BUR\u00c9S, S.A.U."},"image":{"@id":"https:\/\/buressa.com\/en\/#\/schema\/logo\/image\/"}}]}},"_links":{"self":[{"href":"https:\/\/buressa.com\/es\/wp-json\/wp\/v2\/product\/989"}],"collection":[{"href":"https:\/\/buressa.com\/es\/wp-json\/wp\/v2\/product"}],"about":[{"href":"https:\/\/buressa.com\/es\/wp-json\/wp\/v2\/types\/product"}],"replies":[{"embeddable":true,"href":"https:\/\/buressa.com\/es\/wp-json\/wp\/v2\/comments?post=989"}],"wp:featuredmedia":[{"embeddable":true,"href":"https:\/\/buressa.com\/es\/wp-json\/wp\/v2\/media\/998"}],"wp:attachment":[{"href":"https:\/\/buressa.com\/es\/wp-json\/wp\/v2\/media?parent=989"}],"curies":[{"name":"wp","href":"https:\/\/api.w.org\/{rel}","templated":true}]}}