{"id":99,"date":"2015-07-09T10:33:07","date_gmt":"2015-07-09T10:33:07","guid":{"rendered":"http:\/\/buressa.com\/?page_id=99"},"modified":"2019-10-28T15:33:08","modified_gmt":"2019-10-28T14:33:08","slug":"calidad","status":"publish","type":"page","link":"https:\/\/buressa.com\/fr\/es-empresa\/es-calidad\/","title":{"rendered":"(ES) Calidad"},"content":{"rendered":"<\/p>","protected":false},"excerpt":{"rendered":"","protected":false},"author":1,"featured_media":0,"parent":97,"menu_order":0,"comment_status":"closed","ping_status":"open","template":"","meta":[],"yoast_head":"<!-- This site is optimized with the Yoast SEO plugin v19.10 - https:\/\/yoast.com\/wordpress\/plugins\/seo\/ -->\n<title>(ES) Sustratos profesionales y tierras de calidad<\/title>\n<meta name=\"description\" content=\"(ES) \u00bfBuscas tierras y sustratos de calidad? En Bur\u00e9s estamos en continua innovaci\u00f3n para encontrar las mejores f\u00f3rmulas de sustratos para cada planta o cultivo.\" \/>\n<meta name=\"robots\" content=\"index, follow, max-snippet:-1, max-image-preview:large, max-video-preview:-1\" \/>\n<link rel=\"canonical\" href=\"https:\/\/buressa.com\/ca\/empresa\/qualitat\/\" \/>\n<meta property=\"og:locale\" content=\"fr_FR\" \/>\n<meta property=\"og:type\" content=\"article\" \/>\n<meta property=\"og:title\" content=\"(ES) Sustratos profesionales y tierras de calidad\" \/>\n<meta property=\"og:description\" content=\"(ES) \u00bfBuscas tierras y sustratos de calidad? En Bur\u00e9s estamos en continua innovaci\u00f3n para encontrar las mejores f\u00f3rmulas de sustratos para cada planta o cultivo.\" \/>\n<meta property=\"og:url\" content=\"https:\/\/buressa.com\/ca\/empresa\/qualitat\/\" \/>\n<meta property=\"og:site_name\" content=\"Bur\u00e9s S.A.U.\" \/>\n<meta property=\"article:modified_time\" content=\"2019-10-28T14:33:08+00:00\" \/>\n<meta property=\"og:image\" content=\"http:\/\/buressa.com\/wp-content\/uploads\/2015\/07\/56.jpg\" \/>\n<meta name=\"twitter:card\" content=\"summary_large_image\" \/>\n<meta name=\"twitter:label1\" content=\"Dur\u00e9e de lecture estim\u00e9e\" \/>\n\t<meta name=\"twitter:data1\" content=\"1 minute\" \/>\n<script type=\"application\/ld+json\" class=\"yoast-schema-graph\">{\"@context\":\"https:\/\/schema.org\",\"@graph\":[{\"@type\":\"WebPage\",\"@id\":\"https:\/\/buressa.com\/ca\/empresa\/qualitat\/\",\"url\":\"https:\/\/buressa.com\/ca\/empresa\/qualitat\/\",\"name\":\"(ES) Sustratos profesionales y tierras de calidad\",\"isPartOf\":{\"@id\":\"https:\/\/buressa.com\/en\/#website\"},\"datePublished\":\"2015-07-09T10:33:07+00:00\",\"dateModified\":\"2019-10-28T14:33:08+00:00\",\"description\":\"(ES) \u00bfBuscas tierras y sustratos de calidad? En Bur\u00e9s estamos en continua innovaci\u00f3n para encontrar las mejores f\u00f3rmulas de sustratos para cada planta o cultivo.\",\"breadcrumb\":{\"@id\":\"https:\/\/buressa.com\/ca\/empresa\/qualitat\/#breadcrumb\"},\"inLanguage\":\"fr-FR\",\"potentialAction\":[{\"@type\":\"ReadAction\",\"target\":[\"https:\/\/buressa.com\/ca\/empresa\/qualitat\/\"]}]},{\"@type\":\"BreadcrumbList\",\"@id\":\"https:\/\/buressa.com\/ca\/empresa\/qualitat\/#breadcrumb\",\"itemListElement\":[{\"@type\":\"ListItem\",\"position\":1,\"name\":\"Portada\",\"item\":\"https:\/\/buressa.com\/en\/\"},{\"@type\":\"ListItem\",\"position\":2,\"name\":\"Empresa\",\"item\":\"https:\/\/buressa.com\/es\/empresa\/\"},{\"@type\":\"ListItem\",\"position\":3,\"name\":\"Qualitat\"}]},{\"@type\":\"WebSite\",\"@id\":\"https:\/\/buressa.com\/en\/#website\",\"url\":\"https:\/\/buressa.com\/en\/\",\"name\":\"Bur\u00e9s S.A.U.\",\"description\":\"Bur\u00e9s, la buena tierra. Fabricantes de tierras y sustratos para jardiner\u00eda.\",\"publisher\":{\"@id\":\"https:\/\/buressa.com\/en\/#organization\"},\"potentialAction\":[{\"@type\":\"SearchAction\",\"target\":{\"@type\":\"EntryPoint\",\"urlTemplate\":\"https:\/\/buressa.com\/en\/?s={search_term_string}\"},\"query-input\":\"required name=search_term_string\"}],\"inLanguage\":\"fr-FR\"},{\"@type\":\"Organization\",\"@id\":\"https:\/\/buressa.com\/en\/#organization\",\"name\":\"BUR\u00c9S, S.A.U.\",\"url\":\"https:\/\/buressa.com\/en\/\",\"logo\":{\"@type\":\"ImageObject\",\"inLanguage\":\"fr-FR\",\"@id\":\"https:\/\/buressa.com\/en\/#\/schema\/logo\/image\/\",\"url\":\"https:\/\/buressa.com\/wp-content\/uploads\/2015\/06\/bures-sense-marge-marro_ok.png\",\"contentUrl\":\"https:\/\/buressa.com\/wp-content\/uploads\/2015\/06\/bures-sense-marge-marro_ok.png\",\"width\":141,\"height\":102,\"caption\":\"BUR\u00c9S, S.A.U.\"},\"image\":{\"@id\":\"https:\/\/buressa.com\/en\/#\/schema\/logo\/image\/\"}}]}<\/script>\n<!-- \/ Yoast SEO plugin. -->","yoast_head_json":{"title":"(ES) Sustratos profesionales y tierras de calidad","description":"(ES) \u00bfBuscas tierras y sustratos de calidad? En Bur\u00e9s estamos en continua innovaci\u00f3n para encontrar las mejores f\u00f3rmulas de sustratos para cada planta o cultivo.","robots":{"index":"index","follow":"follow","max-snippet":"max-snippet:-1","max-image-preview":"max-image-preview:large","max-video-preview":"max-video-preview:-1"},"canonical":"https:\/\/buressa.com\/ca\/empresa\/qualitat\/","og_locale":"fr_FR","og_type":"article","og_title":"(ES) Sustratos profesionales y tierras de calidad","og_description":"(ES) \u00bfBuscas tierras y sustratos de calidad? En Bur\u00e9s estamos en continua innovaci\u00f3n para encontrar las mejores f\u00f3rmulas de sustratos para cada planta o cultivo.","og_url":"https:\/\/buressa.com\/ca\/empresa\/qualitat\/","og_site_name":"Bur\u00e9s S.A.U.","article_modified_time":"2019-10-28T14:33:08+00:00","og_image":[{"url":"http:\/\/buressa.com\/wp-content\/uploads\/2015\/07\/56.jpg"}],"twitter_card":"summary_large_image","twitter_misc":{"Dur\u00e9e de lecture estim\u00e9e":"1 minute"},"schema":{"@context":"https:\/\/schema.org","@graph":[{"@type":"WebPage","@id":"https:\/\/buressa.com\/ca\/empresa\/qualitat\/","url":"https:\/\/buressa.com\/ca\/empresa\/qualitat\/","name":"(ES) Sustratos profesionales y tierras de calidad","isPartOf":{"@id":"https:\/\/buressa.com\/en\/#website"},"datePublished":"2015-07-09T10:33:07+00:00","dateModified":"2019-10-28T14:33:08+00:00","description":"(ES) \u00bfBuscas tierras y sustratos de calidad? En Bur\u00e9s estamos en continua innovaci\u00f3n para encontrar las mejores f\u00f3rmulas de sustratos para cada planta o cultivo.","breadcrumb":{"@id":"https:\/\/buressa.com\/ca\/empresa\/qualitat\/#breadcrumb"},"inLanguage":"fr-FR","potentialAction":[{"@type":"ReadAction","target":["https:\/\/buressa.com\/ca\/empresa\/qualitat\/"]}]},{"@type":"BreadcrumbList","@id":"https:\/\/buressa.com\/ca\/empresa\/qualitat\/#breadcrumb","itemListElement":[{"@type":"ListItem","position":1,"name":"Portada","item":"https:\/\/buressa.com\/en\/"},{"@type":"ListItem","position":2,"name":"Empresa","item":"https:\/\/buressa.com\/es\/empresa\/"},{"@type":"ListItem","position":3,"name":"Qualitat"}]},{"@type":"WebSite","@id":"https:\/\/buressa.com\/en\/#website","url":"https:\/\/buressa.com\/en\/","name":"Bur\u00e9s S.A.U.","description":"Bur\u00e9s, la buena tierra. Fabricantes de tierras y sustratos para jardiner\u00eda.","publisher":{"@id":"https:\/\/buressa.com\/en\/#organization"},"potentialAction":[{"@type":"SearchAction","target":{"@type":"EntryPoint","urlTemplate":"https:\/\/buressa.com\/en\/?s={search_term_string}"},"query-input":"required name=search_term_string"}],"inLanguage":"fr-FR"},{"@type":"Organization","@id":"https:\/\/buressa.com\/en\/#organization","name":"BUR\u00c9S, S.A.U.","url":"https:\/\/buressa.com\/en\/","logo":{"@type":"ImageObject","inLanguage":"fr-FR","@id":"https:\/\/buressa.com\/en\/#\/schema\/logo\/image\/","url":"https:\/\/buressa.com\/wp-content\/uploads\/2015\/06\/bures-sense-marge-marro_ok.png","contentUrl":"https:\/\/buressa.com\/wp-content\/uploads\/2015\/06\/bures-sense-marge-marro_ok.png","width":141,"height":102,"caption":"BUR\u00c9S, S.A.U."},"image":{"@id":"https:\/\/buressa.com\/en\/#\/schema\/logo\/image\/"}}]}},"_links":{"self":[{"href":"https:\/\/buressa.com\/fr\/wp-json\/wp\/v2\/pages\/99"}],"collection":[{"href":"https:\/\/buressa.com\/fr\/wp-json\/wp\/v2\/pages"}],"about":[{"href":"https:\/\/buressa.com\/fr\/wp-json\/wp\/v2\/types\/page"}],"author":[{"embeddable":true,"href":"https:\/\/buressa.com\/fr\/wp-json\/wp\/v2\/users\/1"}],"replies":[{"embeddable":true,"href":"https:\/\/buressa.com\/fr\/wp-json\/wp\/v2\/comments?post=99"}],"version-history":[{"count":0,"href":"https:\/\/buressa.com\/fr\/wp-json\/wp\/v2\/pages\/99\/revisions"}],"up":[{"embeddable":true,"href":"https:\/\/buressa.com\/fr\/wp-json\/wp\/v2\/pages\/97"}],"wp:attachment":[{"href":"https:\/\/buressa.com\/fr\/wp-json\/wp\/v2\/media?parent=99"}],"curies":[{"name":"wp","href":"https:\/\/api.w.org\/{rel}","templated":true}]}}