{"id":141,"date":"2015-07-10T12:34:49","date_gmt":"2015-07-10T10:34:49","guid":{"rendered":"http:\/\/buressa.com\/?post_type=product&#038;p=141"},"modified":"2023-02-10T15:55:03","modified_gmt":"2023-02-10T14:55:03","slug":"sustrato-terratest","status":"publish","type":"product","link":"https:\/\/buressa.com\/fr\/product\/es-sustrato-terratest-ecologico\/","title":{"rendered":"Substrat TerraTest"},"content":{"rendered":"Substrat \u00e9conomique pour plantes pr\u00e9par\u00e9 \u00e0 base de compost vegetable, id\u00e9al pour la transplantation d\u2019arbustes et plantes m\u00e9diterran\u00e9ennes, parterres de fleurs et plantes du potager.<br \/>\n\u00b7 M\u00e9lange tr\u00e8s stable qui garantit une bonne assise des plantes.<br \/>\n\u00b7 Fort contenu en mati\u00e8re organique.<br \/>\n\u00b7 Riche en \u00e9l\u00e9ments nutritifs disponibles pour les plantes \u00e0 moyen et long terme.","protected":false},"excerpt":{"rendered":"<p>Substrat \u00e9conomique pour plantes pr\u00e9par\u00e9 \u00e0 base de compost vegetable, id\u00e9al pour la transplantation d\u2019arbustes et plantes m\u00e9diterran\u00e9ennes, parterres de fleurs et plantes du potager. \u00b7 M\u00e9lange tr\u00e8s stable qui garantit une bonne assise des plantes. \u00b7 Fort contenu en mati\u00e8re organique. \u00b7 Riche en \u00e9l\u00e9ments nutritifs disponibles pour les plantes \u00e0 moyen et long&#8230;<\/p>\n","protected":false},"featured_media":459,"comment_status":"open","ping_status":"closed","template":"","meta":[],"yoast_head":"<!-- This site is optimized with the Yoast SEO plugin v19.10 - https:\/\/yoast.com\/wordpress\/plugins\/seo\/ -->\n<title>Sustrato TerraTest para todo tipo de plantas de exterior.<\/title>\n<meta name=\"description\" content=\"\u00bfQuieres plantar o trasplantar tus plantas? Utiliza Sustrato TerraTest es ideal para jardines y zonas de exterior, directo en el suelo y tambi\u00e9n jardineras.\" \/>\n<meta name=\"robots\" content=\"index, follow, max-snippet:-1, max-image-preview:large, max-video-preview:-1\" \/>\n<link rel=\"canonical\" href=\"https:\/\/buressa.com\/es\/producto\/sustrato-terratest-ecologico\/\" \/>\n<meta property=\"og:locale\" content=\"fr_FR\" \/>\n<meta property=\"og:type\" content=\"article\" \/>\n<meta property=\"og:title\" content=\"Sustrato TerraTest para todo tipo de plantas de exterior.\" \/>\n<meta property=\"og:description\" content=\"\u00bfQuieres plantar o trasplantar tus plantas? Utiliza Sustrato TerraTest es ideal para jardines y zonas de exterior, directo en el suelo y tambi\u00e9n jardineras.\" \/>\n<meta property=\"og:url\" content=\"https:\/\/buressa.com\/es\/producto\/sustrato-terratest-ecologico\/\" \/>\n<meta property=\"og:site_name\" content=\"Bur\u00e9s S.A.U.\" \/>\n<meta property=\"article:modified_time\" content=\"2023-02-10T14:55:03+00:00\" \/>\n<meta property=\"og:image\" content=\"https:\/\/buressa.com\/wp-content\/uploads\/2015\/07\/terratest.png\" \/>\n\t<meta property=\"og:image:width\" content=\"700\" \/>\n\t<meta property=\"og:image:height\" content=\"450\" \/>\n\t<meta property=\"og:image:type\" content=\"image\/png\" \/>\n<meta name=\"twitter:card\" content=\"summary_large_image\" \/>\n<meta name=\"twitter:label1\" content=\"Dur\u00e9e de lecture estim\u00e9e\" \/>\n\t<meta name=\"twitter:data1\" content=\"1 minute\" \/>\n<script type=\"application\/ld+json\" class=\"yoast-schema-graph\">{\"@context\":\"https:\/\/schema.org\",\"@graph\":[{\"@type\":\"WebPage\",\"@id\":\"https:\/\/buressa.com\/es\/producto\/sustrato-terratest-ecologico\/\",\"url\":\"https:\/\/buressa.com\/es\/producto\/sustrato-terratest-ecologico\/\",\"name\":\"Sustrato TerraTest para todo tipo de plantas de exterior.\",\"isPartOf\":{\"@id\":\"https:\/\/buressa.com\/en\/#website\"},\"datePublished\":\"2015-07-10T10:34:49+00:00\",\"dateModified\":\"2023-02-10T14:55:03+00:00\",\"description\":\"\u00bfQuieres plantar o trasplantar tus plantas? Utiliza Sustrato TerraTest es ideal para jardines y zonas de exterior, directo en el suelo y tambi\u00e9n jardineras.\",\"breadcrumb\":{\"@id\":\"https:\/\/buressa.com\/es\/producto\/sustrato-terratest-ecologico\/#breadcrumb\"},\"inLanguage\":\"fr-FR\",\"potentialAction\":[{\"@type\":\"ReadAction\",\"target\":[\"https:\/\/buressa.com\/es\/producto\/sustrato-terratest-ecologico\/\"]}]},{\"@type\":\"BreadcrumbList\",\"@id\":\"https:\/\/buressa.com\/es\/producto\/sustrato-terratest-ecologico\/#breadcrumb\",\"itemListElement\":[{\"@type\":\"ListItem\",\"position\":1,\"name\":\"Portada\",\"item\":\"https:\/\/buressa.com\/en\/\"},{\"@type\":\"ListItem\",\"position\":2,\"name\":\"Productos\",\"item\":\"https:\/\/buressa.com\/es\/shop\/\"},{\"@type\":\"ListItem\",\"position\":3,\"name\":\"Sustrato TerraTest Ecol\u00f3gico\"}]},{\"@type\":\"WebSite\",\"@id\":\"https:\/\/buressa.com\/en\/#website\",\"url\":\"https:\/\/buressa.com\/en\/\",\"name\":\"Bur\u00e9s S.A.U.\",\"description\":\"Bur\u00e9s, la buena tierra. Fabricantes de tierras y sustratos para jardiner\u00eda.\",\"publisher\":{\"@id\":\"https:\/\/buressa.com\/en\/#organization\"},\"potentialAction\":[{\"@type\":\"SearchAction\",\"target\":{\"@type\":\"EntryPoint\",\"urlTemplate\":\"https:\/\/buressa.com\/en\/?s={search_term_string}\"},\"query-input\":\"required name=search_term_string\"}],\"inLanguage\":\"fr-FR\"},{\"@type\":\"Organization\",\"@id\":\"https:\/\/buressa.com\/en\/#organization\",\"name\":\"BUR\u00c9S, S.A.U.\",\"url\":\"https:\/\/buressa.com\/en\/\",\"logo\":{\"@type\":\"ImageObject\",\"inLanguage\":\"fr-FR\",\"@id\":\"https:\/\/buressa.com\/en\/#\/schema\/logo\/image\/\",\"url\":\"https:\/\/buressa.com\/wp-content\/uploads\/2015\/06\/bures-sense-marge-marro_ok.png\",\"contentUrl\":\"https:\/\/buressa.com\/wp-content\/uploads\/2015\/06\/bures-sense-marge-marro_ok.png\",\"width\":141,\"height\":102,\"caption\":\"BUR\u00c9S, S.A.U.\"},\"image\":{\"@id\":\"https:\/\/buressa.com\/en\/#\/schema\/logo\/image\/\"}}]}<\/script>\n<!-- \/ Yoast SEO plugin. -->","yoast_head_json":{"title":"Sustrato TerraTest para todo tipo de plantas de exterior.","description":"\u00bfQuieres plantar o trasplantar tus plantas? Utiliza Sustrato TerraTest es ideal para jardines y zonas de exterior, directo en el suelo y tambi\u00e9n jardineras.","robots":{"index":"index","follow":"follow","max-snippet":"max-snippet:-1","max-image-preview":"max-image-preview:large","max-video-preview":"max-video-preview:-1"},"canonical":"https:\/\/buressa.com\/es\/producto\/sustrato-terratest-ecologico\/","og_locale":"fr_FR","og_type":"article","og_title":"Sustrato TerraTest para todo tipo de plantas de exterior.","og_description":"\u00bfQuieres plantar o trasplantar tus plantas? Utiliza Sustrato TerraTest es ideal para jardines y zonas de exterior, directo en el suelo y tambi\u00e9n jardineras.","og_url":"https:\/\/buressa.com\/es\/producto\/sustrato-terratest-ecologico\/","og_site_name":"Bur\u00e9s S.A.U.","article_modified_time":"2023-02-10T14:55:03+00:00","og_image":[{"width":700,"height":450,"url":"https:\/\/buressa.com\/wp-content\/uploads\/2015\/07\/terratest.png","type":"image\/png"}],"twitter_card":"summary_large_image","twitter_misc":{"Dur\u00e9e de lecture estim\u00e9e":"1 minute"},"schema":{"@context":"https:\/\/schema.org","@graph":[{"@type":"WebPage","@id":"https:\/\/buressa.com\/es\/producto\/sustrato-terratest-ecologico\/","url":"https:\/\/buressa.com\/es\/producto\/sustrato-terratest-ecologico\/","name":"Sustrato TerraTest para todo tipo de plantas de exterior.","isPartOf":{"@id":"https:\/\/buressa.com\/en\/#website"},"datePublished":"2015-07-10T10:34:49+00:00","dateModified":"2023-02-10T14:55:03+00:00","description":"\u00bfQuieres plantar o trasplantar tus plantas? Utiliza Sustrato TerraTest es ideal para jardines y zonas de exterior, directo en el suelo y tambi\u00e9n jardineras.","breadcrumb":{"@id":"https:\/\/buressa.com\/es\/producto\/sustrato-terratest-ecologico\/#breadcrumb"},"inLanguage":"fr-FR","potentialAction":[{"@type":"ReadAction","target":["https:\/\/buressa.com\/es\/producto\/sustrato-terratest-ecologico\/"]}]},{"@type":"BreadcrumbList","@id":"https:\/\/buressa.com\/es\/producto\/sustrato-terratest-ecologico\/#breadcrumb","itemListElement":[{"@type":"ListItem","position":1,"name":"Portada","item":"https:\/\/buressa.com\/en\/"},{"@type":"ListItem","position":2,"name":"Productos","item":"https:\/\/buressa.com\/es\/shop\/"},{"@type":"ListItem","position":3,"name":"Sustrato TerraTest Ecol\u00f3gico"}]},{"@type":"WebSite","@id":"https:\/\/buressa.com\/en\/#website","url":"https:\/\/buressa.com\/en\/","name":"Bur\u00e9s S.A.U.","description":"Bur\u00e9s, la buena tierra. Fabricantes de tierras y sustratos para jardiner\u00eda.","publisher":{"@id":"https:\/\/buressa.com\/en\/#organization"},"potentialAction":[{"@type":"SearchAction","target":{"@type":"EntryPoint","urlTemplate":"https:\/\/buressa.com\/en\/?s={search_term_string}"},"query-input":"required name=search_term_string"}],"inLanguage":"fr-FR"},{"@type":"Organization","@id":"https:\/\/buressa.com\/en\/#organization","name":"BUR\u00c9S, S.A.U.","url":"https:\/\/buressa.com\/en\/","logo":{"@type":"ImageObject","inLanguage":"fr-FR","@id":"https:\/\/buressa.com\/en\/#\/schema\/logo\/image\/","url":"https:\/\/buressa.com\/wp-content\/uploads\/2015\/06\/bures-sense-marge-marro_ok.png","contentUrl":"https:\/\/buressa.com\/wp-content\/uploads\/2015\/06\/bures-sense-marge-marro_ok.png","width":141,"height":102,"caption":"BUR\u00c9S, S.A.U."},"image":{"@id":"https:\/\/buressa.com\/en\/#\/schema\/logo\/image\/"}}]}},"_links":{"self":[{"href":"https:\/\/buressa.com\/fr\/wp-json\/wp\/v2\/product\/141"}],"collection":[{"href":"https:\/\/buressa.com\/fr\/wp-json\/wp\/v2\/product"}],"about":[{"href":"https:\/\/buressa.com\/fr\/wp-json\/wp\/v2\/types\/product"}],"replies":[{"embeddable":true,"href":"https:\/\/buressa.com\/fr\/wp-json\/wp\/v2\/comments?post=141"}],"wp:featuredmedia":[{"embeddable":true,"href":"https:\/\/buressa.com\/fr\/wp-json\/wp\/v2\/media\/459"}],"wp:attachment":[{"href":"https:\/\/buressa.com\/fr\/wp-json\/wp\/v2\/media?parent=141"}],"curies":[{"name":"wp","href":"https:\/\/api.w.org\/{rel}","templated":true}]}}