{"id":143,"date":"2015-07-10T13:10:50","date_gmt":"2015-07-10T13:10:50","guid":{"rendered":"http:\/\/buressa.com\/?post_type=product&#038;p=143"},"modified":"2023-02-10T13:31:48","modified_gmt":"2023-02-10T12:31:48","slug":"sustrato-para-horticolas","status":"publish","type":"product","link":"https:\/\/buressa.com\/fr\/product\/es-sustrato-para-horticolas\/","title":{"rendered":"Terreau Hort\u00edcole"},"content":{"rendered":"<p style=\"text-align: justify;\">Substrat sp\u00e9cifique pour les plantes du potager, pr\u00e9par\u00e9 \u00e0 base de fibre de coco et compost v\u00e9g\u00e9tale. Id\u00e9al pour Potager Urbain. <strong>Produit certifi\u00e9 biologique conform\u00e9ment au R\u00e8glement (CE) N\u00ba 834\/2007<\/strong>. Pour Jardinage \u00c9cologique.<img decoding=\"async\" loading=\"lazy\" class=\"alignright\" src=\"http:\/\/www.sapecagro.es\/contenido_dinamico\/noticia\/20170103162438.jpg\" alt=\"Resultado de imagen de sohiscert\" width=\"62\" height=\"35\" \/><br \/>\n\u00b7 Sp\u00e9cial pour les plantes du potager: tomates, laitues, poivrons et \u00e9galement les herbes culinaires et aromatiques.<br \/>\n\u00b7 Produit facile \u00e0 r\u00e9hydrater, il absorbe bien l\u2019eau entre chaque arrosage.<br \/>\n\u00b7 Avec engrais organo-min\u00e9ral biologique.<\/p>","protected":false},"excerpt":{"rendered":"<p>Substrat sp\u00e9cifique pour les plantes du potager, pr\u00e9par\u00e9 \u00e0 base de fibre de coco et compost v\u00e9g\u00e9tale. Id\u00e9al pour Potager Urbain. Produit certifi\u00e9 biologique conform\u00e9ment au R\u00e8glement (CE) N\u00ba 834\/2007. Pour Jardinage \u00c9cologique. \u00b7 Sp\u00e9cial pour les plantes du potager: tomates, laitues, poivrons et \u00e9galement les herbes culinaires et aromatiques. \u00b7 Produit facile \u00e0 r\u00e9hydrater,&#8230;<\/p>\n","protected":false},"featured_media":1032,"comment_status":"open","ping_status":"closed","template":"","meta":[],"yoast_head":"<!-- This site is optimized with the Yoast SEO plugin v19.10 - https:\/\/yoast.com\/wordpress\/plugins\/seo\/ -->\n<title>Sustrato para hort\u00edcolas ecol\u00f3gico. Ideal Huerto Urbano<\/title>\n<meta name=\"description\" content=\"El sustrato para hort\u00edcolas, es un producto especial para plantas de huerta y huertos urbanos. Dispone de Certificaci\u00f3n Ecol\u00f3gica.\" \/>\n<meta name=\"robots\" content=\"index, follow, max-snippet:-1, max-image-preview:large, max-video-preview:-1\" \/>\n<link rel=\"canonical\" href=\"https:\/\/buressa.com\/es\/producto\/sustrato-para-horticolas\/\" \/>\n<meta property=\"og:locale\" content=\"fr_FR\" \/>\n<meta property=\"og:type\" content=\"article\" \/>\n<meta property=\"og:title\" content=\"Sustrato para hort\u00edcolas ecol\u00f3gico. Ideal Huerto Urbano\" \/>\n<meta property=\"og:description\" content=\"El sustrato para hort\u00edcolas, es un producto especial para plantas de huerta y huertos urbanos. Dispone de Certificaci\u00f3n Ecol\u00f3gica.\" \/>\n<meta property=\"og:url\" content=\"https:\/\/buressa.com\/es\/producto\/sustrato-para-horticolas\/\" \/>\n<meta property=\"og:site_name\" content=\"Bur\u00e9s S.A.U.\" \/>\n<meta property=\"article:modified_time\" content=\"2023-02-10T12:31:48+00:00\" \/>\n<meta property=\"og:image\" content=\"https:\/\/buressa.com\/wp-content\/uploads\/2015\/07\/Sac-Hort\u00edcolas-50L.png\" \/>\n\t<meta property=\"og:image:width\" content=\"700\" \/>\n\t<meta property=\"og:image:height\" content=\"450\" \/>\n\t<meta property=\"og:image:type\" content=\"image\/png\" \/>\n<meta name=\"twitter:card\" content=\"summary_large_image\" \/>\n<meta name=\"twitter:label1\" content=\"Dur\u00e9e de lecture estim\u00e9e\" \/>\n\t<meta name=\"twitter:data1\" content=\"1 minute\" \/>\n<script type=\"application\/ld+json\" class=\"yoast-schema-graph\">{\"@context\":\"https:\/\/schema.org\",\"@graph\":[{\"@type\":\"WebPage\",\"@id\":\"https:\/\/buressa.com\/es\/producto\/sustrato-para-horticolas\/\",\"url\":\"https:\/\/buressa.com\/es\/producto\/sustrato-para-horticolas\/\",\"name\":\"Sustrato para hort\u00edcolas ecol\u00f3gico. Ideal Huerto Urbano\",\"isPartOf\":{\"@id\":\"https:\/\/buressa.com\/en\/#website\"},\"datePublished\":\"2015-07-10T13:10:50+00:00\",\"dateModified\":\"2023-02-10T12:31:48+00:00\",\"description\":\"El sustrato para hort\u00edcolas, es un producto especial para plantas de huerta y huertos urbanos. Dispone de Certificaci\u00f3n Ecol\u00f3gica.\",\"breadcrumb\":{\"@id\":\"https:\/\/buressa.com\/es\/producto\/sustrato-para-horticolas\/#breadcrumb\"},\"inLanguage\":\"fr-FR\",\"potentialAction\":[{\"@type\":\"ReadAction\",\"target\":[\"https:\/\/buressa.com\/es\/producto\/sustrato-para-horticolas\/\"]}]},{\"@type\":\"BreadcrumbList\",\"@id\":\"https:\/\/buressa.com\/es\/producto\/sustrato-para-horticolas\/#breadcrumb\",\"itemListElement\":[{\"@type\":\"ListItem\",\"position\":1,\"name\":\"Portada\",\"item\":\"https:\/\/buressa.com\/en\/\"},{\"@type\":\"ListItem\",\"position\":2,\"name\":\"Productos\",\"item\":\"https:\/\/buressa.com\/es\/shop\/\"},{\"@type\":\"ListItem\",\"position\":3,\"name\":\"Sustrato para Hort\u00edcolas Ecol\u00f3gico\"}]},{\"@type\":\"WebSite\",\"@id\":\"https:\/\/buressa.com\/en\/#website\",\"url\":\"https:\/\/buressa.com\/en\/\",\"name\":\"Bur\u00e9s S.A.U.\",\"description\":\"Bur\u00e9s, la buena tierra. Fabricantes de tierras y sustratos para jardiner\u00eda.\",\"publisher\":{\"@id\":\"https:\/\/buressa.com\/en\/#organization\"},\"potentialAction\":[{\"@type\":\"SearchAction\",\"target\":{\"@type\":\"EntryPoint\",\"urlTemplate\":\"https:\/\/buressa.com\/en\/?s={search_term_string}\"},\"query-input\":\"required name=search_term_string\"}],\"inLanguage\":\"fr-FR\"},{\"@type\":\"Organization\",\"@id\":\"https:\/\/buressa.com\/en\/#organization\",\"name\":\"BUR\u00c9S, S.A.U.\",\"url\":\"https:\/\/buressa.com\/en\/\",\"logo\":{\"@type\":\"ImageObject\",\"inLanguage\":\"fr-FR\",\"@id\":\"https:\/\/buressa.com\/en\/#\/schema\/logo\/image\/\",\"url\":\"https:\/\/buressa.com\/wp-content\/uploads\/2015\/06\/bures-sense-marge-marro_ok.png\",\"contentUrl\":\"https:\/\/buressa.com\/wp-content\/uploads\/2015\/06\/bures-sense-marge-marro_ok.png\",\"width\":141,\"height\":102,\"caption\":\"BUR\u00c9S, S.A.U.\"},\"image\":{\"@id\":\"https:\/\/buressa.com\/en\/#\/schema\/logo\/image\/\"}}]}<\/script>\n<!-- \/ Yoast SEO plugin. -->","yoast_head_json":{"title":"Sustrato para hort\u00edcolas ecol\u00f3gico. Ideal Huerto Urbano","description":"El sustrato para hort\u00edcolas, es un producto especial para plantas de huerta y huertos urbanos. Dispone de Certificaci\u00f3n Ecol\u00f3gica.","robots":{"index":"index","follow":"follow","max-snippet":"max-snippet:-1","max-image-preview":"max-image-preview:large","max-video-preview":"max-video-preview:-1"},"canonical":"https:\/\/buressa.com\/es\/producto\/sustrato-para-horticolas\/","og_locale":"fr_FR","og_type":"article","og_title":"Sustrato para hort\u00edcolas ecol\u00f3gico. Ideal Huerto Urbano","og_description":"El sustrato para hort\u00edcolas, es un producto especial para plantas de huerta y huertos urbanos. Dispone de Certificaci\u00f3n Ecol\u00f3gica.","og_url":"https:\/\/buressa.com\/es\/producto\/sustrato-para-horticolas\/","og_site_name":"Bur\u00e9s S.A.U.","article_modified_time":"2023-02-10T12:31:48+00:00","og_image":[{"width":700,"height":450,"url":"https:\/\/buressa.com\/wp-content\/uploads\/2015\/07\/Sac-Hort\u00edcolas-50L.png","type":"image\/png"}],"twitter_card":"summary_large_image","twitter_misc":{"Dur\u00e9e de lecture estim\u00e9e":"1 minute"},"schema":{"@context":"https:\/\/schema.org","@graph":[{"@type":"WebPage","@id":"https:\/\/buressa.com\/es\/producto\/sustrato-para-horticolas\/","url":"https:\/\/buressa.com\/es\/producto\/sustrato-para-horticolas\/","name":"Sustrato para hort\u00edcolas ecol\u00f3gico. Ideal Huerto Urbano","isPartOf":{"@id":"https:\/\/buressa.com\/en\/#website"},"datePublished":"2015-07-10T13:10:50+00:00","dateModified":"2023-02-10T12:31:48+00:00","description":"El sustrato para hort\u00edcolas, es un producto especial para plantas de huerta y huertos urbanos. Dispone de Certificaci\u00f3n Ecol\u00f3gica.","breadcrumb":{"@id":"https:\/\/buressa.com\/es\/producto\/sustrato-para-horticolas\/#breadcrumb"},"inLanguage":"fr-FR","potentialAction":[{"@type":"ReadAction","target":["https:\/\/buressa.com\/es\/producto\/sustrato-para-horticolas\/"]}]},{"@type":"BreadcrumbList","@id":"https:\/\/buressa.com\/es\/producto\/sustrato-para-horticolas\/#breadcrumb","itemListElement":[{"@type":"ListItem","position":1,"name":"Portada","item":"https:\/\/buressa.com\/en\/"},{"@type":"ListItem","position":2,"name":"Productos","item":"https:\/\/buressa.com\/es\/shop\/"},{"@type":"ListItem","position":3,"name":"Sustrato para Hort\u00edcolas Ecol\u00f3gico"}]},{"@type":"WebSite","@id":"https:\/\/buressa.com\/en\/#website","url":"https:\/\/buressa.com\/en\/","name":"Bur\u00e9s S.A.U.","description":"Bur\u00e9s, la buena tierra. Fabricantes de tierras y sustratos para jardiner\u00eda.","publisher":{"@id":"https:\/\/buressa.com\/en\/#organization"},"potentialAction":[{"@type":"SearchAction","target":{"@type":"EntryPoint","urlTemplate":"https:\/\/buressa.com\/en\/?s={search_term_string}"},"query-input":"required name=search_term_string"}],"inLanguage":"fr-FR"},{"@type":"Organization","@id":"https:\/\/buressa.com\/en\/#organization","name":"BUR\u00c9S, S.A.U.","url":"https:\/\/buressa.com\/en\/","logo":{"@type":"ImageObject","inLanguage":"fr-FR","@id":"https:\/\/buressa.com\/en\/#\/schema\/logo\/image\/","url":"https:\/\/buressa.com\/wp-content\/uploads\/2015\/06\/bures-sense-marge-marro_ok.png","contentUrl":"https:\/\/buressa.com\/wp-content\/uploads\/2015\/06\/bures-sense-marge-marro_ok.png","width":141,"height":102,"caption":"BUR\u00c9S, S.A.U."},"image":{"@id":"https:\/\/buressa.com\/en\/#\/schema\/logo\/image\/"}}]}},"_links":{"self":[{"href":"https:\/\/buressa.com\/fr\/wp-json\/wp\/v2\/product\/143"}],"collection":[{"href":"https:\/\/buressa.com\/fr\/wp-json\/wp\/v2\/product"}],"about":[{"href":"https:\/\/buressa.com\/fr\/wp-json\/wp\/v2\/types\/product"}],"replies":[{"embeddable":true,"href":"https:\/\/buressa.com\/fr\/wp-json\/wp\/v2\/comments?post=143"}],"wp:featuredmedia":[{"embeddable":true,"href":"https:\/\/buressa.com\/fr\/wp-json\/wp\/v2\/media\/1032"}],"wp:attachment":[{"href":"https:\/\/buressa.com\/fr\/wp-json\/wp\/v2\/media?parent=143"}],"curies":[{"name":"wp","href":"https:\/\/api.w.org\/{rel}","templated":true}]}}