{"id":148,"date":"2015-07-10T13:23:27","date_gmt":"2015-07-10T13:23:27","guid":{"rendered":"http:\/\/buressa.com\/?post_type=product&#038;p=148"},"modified":"2023-02-10T16:45:17","modified_gmt":"2023-02-10T15:45:17","slug":"sustrato-para-plantas-acidofilas","status":"publish","type":"product","link":"https:\/\/buressa.com\/fr\/product\/terreau-pour-plantes-acidophiles-bio\/","title":{"rendered":"TERREAU POUR LES PLANTES ACIDOPHILES"},"content":{"rendered":"<p style=\"text-align: justify;\"><span style=\"font-size: 14px;\">Substrat sp\u00e9cifique pour les esp\u00e8ces qui requi\u00e8rent des moyens de culture aux caract\u00e9ristiques acides, pr\u00e9par\u00e9 \u00e0 base de tourbe blonde de <em>Sphagnum<\/em> et \u00e9corces de pin compost\u00e9es, et il est fertilis\u00e9.<\/span><\/p>\n<blockquote>\n<p style=\"text-align: justify;\"><span style=\"font-size: 14px;\">\u00b7Milieu aux caract\u00e9risrques acides (pH\u22455,5) qui \u00e9vite des carences en fer.<\/span><\/p>\n<p style=\"text-align: justify;\"><span style=\"font-size: 14px;\">\u00b7R\u00e9hydratation facile: bonne diffusion de l&#8217;eau.<\/span><\/p>\n<p style=\"text-align: justify;\"><span style=\"font-size: 14px;\">\u00b7Forte porosit\u00e9 et capacit\u00e9 de r\u00e9tention d&#8217;eau.<\/span><\/p>\n<\/blockquote>","protected":false},"excerpt":{"rendered":"<p>Substrat sp\u00e9cifique pour les esp\u00e8ces qui requi\u00e8rent des moyens de culture aux caract\u00e9ristiques acides, pr\u00e9par\u00e9 \u00e0 base de tourbe blonde de Sphagnum et \u00e9corces de pin compost\u00e9es, et il est fertilis\u00e9. \u00b7Milieu aux caract\u00e9risrques acides (pH\u22455,5) qui \u00e9vite des carences en fer. \u00b7R\u00e9hydratation facile: bonne diffusion de l&#8217;eau. \u00b7Forte porosit\u00e9 et capacit\u00e9 de r\u00e9tention d&#8217;eau.<\/p>\n","protected":false},"featured_media":1023,"comment_status":"open","ping_status":"closed","template":"","meta":[],"yoast_head":"<!-- This site is optimized with the Yoast SEO plugin v19.10 - https:\/\/yoast.com\/wordpress\/plugins\/seo\/ -->\n<title>Sustrato especial para plantas acid\u00f3filas: gardenias, azaleas y camelias.<\/title>\n<meta name=\"description\" content=\"El Sustrato para Plantas Acid\u00f3filas es un sustrato espec\u00edfico para especies que precisan de medios de cultivo de caracter\u00edsticas \u00e1cidas: pH entorno a 5,5.\" \/>\n<meta name=\"robots\" content=\"index, follow, max-snippet:-1, max-image-preview:large, max-video-preview:-1\" \/>\n<link rel=\"canonical\" href=\"https:\/\/buressa.com\/es\/producto\/sustrato-plantas-acidofilas-ecologico\/\" \/>\n<meta property=\"og:locale\" content=\"fr_FR\" \/>\n<meta property=\"og:type\" content=\"article\" \/>\n<meta property=\"og:title\" content=\"Sustrato especial para plantas acid\u00f3filas: gardenias, azaleas y camelias.\" \/>\n<meta property=\"og:description\" content=\"El Sustrato para Plantas Acid\u00f3filas es un sustrato espec\u00edfico para especies que precisan de medios de cultivo de caracter\u00edsticas \u00e1cidas: pH entorno a 5,5.\" \/>\n<meta property=\"og:url\" content=\"https:\/\/buressa.com\/es\/producto\/sustrato-plantas-acidofilas-ecologico\/\" \/>\n<meta property=\"og:site_name\" content=\"Bur\u00e9s S.A.U.\" \/>\n<meta property=\"article:modified_time\" content=\"2023-02-10T15:45:17+00:00\" \/>\n<meta property=\"og:image\" content=\"https:\/\/buressa.com\/wp-content\/uploads\/2015\/07\/Sac-acid\u00f2files-15L_nansa.png\" \/>\n\t<meta property=\"og:image:width\" content=\"700\" \/>\n\t<meta property=\"og:image:height\" content=\"450\" \/>\n\t<meta property=\"og:image:type\" content=\"image\/png\" \/>\n<meta name=\"twitter:card\" content=\"summary_large_image\" \/>\n<meta name=\"twitter:label1\" content=\"Dur\u00e9e de lecture estim\u00e9e\" \/>\n\t<meta name=\"twitter:data1\" content=\"1 minute\" \/>\n<script type=\"application\/ld+json\" class=\"yoast-schema-graph\">{\"@context\":\"https:\/\/schema.org\",\"@graph\":[{\"@type\":\"WebPage\",\"@id\":\"https:\/\/buressa.com\/es\/producto\/sustrato-plantas-acidofilas-ecologico\/\",\"url\":\"https:\/\/buressa.com\/es\/producto\/sustrato-plantas-acidofilas-ecologico\/\",\"name\":\"Sustrato especial para plantas acid\u00f3filas: gardenias, azaleas y camelias.\",\"isPartOf\":{\"@id\":\"https:\/\/buressa.com\/en\/#website\"},\"datePublished\":\"2015-07-10T13:23:27+00:00\",\"dateModified\":\"2023-02-10T15:45:17+00:00\",\"description\":\"El Sustrato para Plantas Acid\u00f3filas es un sustrato espec\u00edfico para especies que precisan de medios de cultivo de caracter\u00edsticas \u00e1cidas: pH entorno a 5,5.\",\"breadcrumb\":{\"@id\":\"https:\/\/buressa.com\/es\/producto\/sustrato-plantas-acidofilas-ecologico\/#breadcrumb\"},\"inLanguage\":\"fr-FR\",\"potentialAction\":[{\"@type\":\"ReadAction\",\"target\":[\"https:\/\/buressa.com\/es\/producto\/sustrato-plantas-acidofilas-ecologico\/\"]}]},{\"@type\":\"BreadcrumbList\",\"@id\":\"https:\/\/buressa.com\/es\/producto\/sustrato-plantas-acidofilas-ecologico\/#breadcrumb\",\"itemListElement\":[{\"@type\":\"ListItem\",\"position\":1,\"name\":\"Portada\",\"item\":\"https:\/\/buressa.com\/en\/\"},{\"@type\":\"ListItem\",\"position\":2,\"name\":\"Productos\",\"item\":\"https:\/\/buressa.com\/es\/shop\/\"},{\"@type\":\"ListItem\",\"position\":3,\"name\":\"Sustrato Plantas Acid\u00f3filas Ecol\u00f3gico\"}]},{\"@type\":\"WebSite\",\"@id\":\"https:\/\/buressa.com\/en\/#website\",\"url\":\"https:\/\/buressa.com\/en\/\",\"name\":\"Bur\u00e9s S.A.U.\",\"description\":\"Bur\u00e9s, la buena tierra. Fabricantes de tierras y sustratos para jardiner\u00eda.\",\"publisher\":{\"@id\":\"https:\/\/buressa.com\/en\/#organization\"},\"potentialAction\":[{\"@type\":\"SearchAction\",\"target\":{\"@type\":\"EntryPoint\",\"urlTemplate\":\"https:\/\/buressa.com\/en\/?s={search_term_string}\"},\"query-input\":\"required name=search_term_string\"}],\"inLanguage\":\"fr-FR\"},{\"@type\":\"Organization\",\"@id\":\"https:\/\/buressa.com\/en\/#organization\",\"name\":\"BUR\u00c9S, S.A.U.\",\"url\":\"https:\/\/buressa.com\/en\/\",\"logo\":{\"@type\":\"ImageObject\",\"inLanguage\":\"fr-FR\",\"@id\":\"https:\/\/buressa.com\/en\/#\/schema\/logo\/image\/\",\"url\":\"https:\/\/buressa.com\/wp-content\/uploads\/2015\/06\/bures-sense-marge-marro_ok.png\",\"contentUrl\":\"https:\/\/buressa.com\/wp-content\/uploads\/2015\/06\/bures-sense-marge-marro_ok.png\",\"width\":141,\"height\":102,\"caption\":\"BUR\u00c9S, S.A.U.\"},\"image\":{\"@id\":\"https:\/\/buressa.com\/en\/#\/schema\/logo\/image\/\"}}]}<\/script>\n<!-- \/ Yoast SEO plugin. -->","yoast_head_json":{"title":"Sustrato especial para plantas acid\u00f3filas: gardenias, azaleas y camelias.","description":"El Sustrato para Plantas Acid\u00f3filas es un sustrato espec\u00edfico para especies que precisan de medios de cultivo de caracter\u00edsticas \u00e1cidas: pH entorno a 5,5.","robots":{"index":"index","follow":"follow","max-snippet":"max-snippet:-1","max-image-preview":"max-image-preview:large","max-video-preview":"max-video-preview:-1"},"canonical":"https:\/\/buressa.com\/es\/producto\/sustrato-plantas-acidofilas-ecologico\/","og_locale":"fr_FR","og_type":"article","og_title":"Sustrato especial para plantas acid\u00f3filas: gardenias, azaleas y camelias.","og_description":"El Sustrato para Plantas Acid\u00f3filas es un sustrato espec\u00edfico para especies que precisan de medios de cultivo de caracter\u00edsticas \u00e1cidas: pH entorno a 5,5.","og_url":"https:\/\/buressa.com\/es\/producto\/sustrato-plantas-acidofilas-ecologico\/","og_site_name":"Bur\u00e9s S.A.U.","article_modified_time":"2023-02-10T15:45:17+00:00","og_image":[{"width":700,"height":450,"url":"https:\/\/buressa.com\/wp-content\/uploads\/2015\/07\/Sac-acid\u00f2files-15L_nansa.png","type":"image\/png"}],"twitter_card":"summary_large_image","twitter_misc":{"Dur\u00e9e de lecture estim\u00e9e":"1 minute"},"schema":{"@context":"https:\/\/schema.org","@graph":[{"@type":"WebPage","@id":"https:\/\/buressa.com\/es\/producto\/sustrato-plantas-acidofilas-ecologico\/","url":"https:\/\/buressa.com\/es\/producto\/sustrato-plantas-acidofilas-ecologico\/","name":"Sustrato especial para plantas acid\u00f3filas: gardenias, azaleas y camelias.","isPartOf":{"@id":"https:\/\/buressa.com\/en\/#website"},"datePublished":"2015-07-10T13:23:27+00:00","dateModified":"2023-02-10T15:45:17+00:00","description":"El Sustrato para Plantas Acid\u00f3filas es un sustrato espec\u00edfico para especies que precisan de medios de cultivo de caracter\u00edsticas \u00e1cidas: pH entorno a 5,5.","breadcrumb":{"@id":"https:\/\/buressa.com\/es\/producto\/sustrato-plantas-acidofilas-ecologico\/#breadcrumb"},"inLanguage":"fr-FR","potentialAction":[{"@type":"ReadAction","target":["https:\/\/buressa.com\/es\/producto\/sustrato-plantas-acidofilas-ecologico\/"]}]},{"@type":"BreadcrumbList","@id":"https:\/\/buressa.com\/es\/producto\/sustrato-plantas-acidofilas-ecologico\/#breadcrumb","itemListElement":[{"@type":"ListItem","position":1,"name":"Portada","item":"https:\/\/buressa.com\/en\/"},{"@type":"ListItem","position":2,"name":"Productos","item":"https:\/\/buressa.com\/es\/shop\/"},{"@type":"ListItem","position":3,"name":"Sustrato Plantas Acid\u00f3filas Ecol\u00f3gico"}]},{"@type":"WebSite","@id":"https:\/\/buressa.com\/en\/#website","url":"https:\/\/buressa.com\/en\/","name":"Bur\u00e9s S.A.U.","description":"Bur\u00e9s, la buena tierra. Fabricantes de tierras y sustratos para jardiner\u00eda.","publisher":{"@id":"https:\/\/buressa.com\/en\/#organization"},"potentialAction":[{"@type":"SearchAction","target":{"@type":"EntryPoint","urlTemplate":"https:\/\/buressa.com\/en\/?s={search_term_string}"},"query-input":"required name=search_term_string"}],"inLanguage":"fr-FR"},{"@type":"Organization","@id":"https:\/\/buressa.com\/en\/#organization","name":"BUR\u00c9S, S.A.U.","url":"https:\/\/buressa.com\/en\/","logo":{"@type":"ImageObject","inLanguage":"fr-FR","@id":"https:\/\/buressa.com\/en\/#\/schema\/logo\/image\/","url":"https:\/\/buressa.com\/wp-content\/uploads\/2015\/06\/bures-sense-marge-marro_ok.png","contentUrl":"https:\/\/buressa.com\/wp-content\/uploads\/2015\/06\/bures-sense-marge-marro_ok.png","width":141,"height":102,"caption":"BUR\u00c9S, S.A.U."},"image":{"@id":"https:\/\/buressa.com\/en\/#\/schema\/logo\/image\/"}}]}},"_links":{"self":[{"href":"https:\/\/buressa.com\/fr\/wp-json\/wp\/v2\/product\/148"}],"collection":[{"href":"https:\/\/buressa.com\/fr\/wp-json\/wp\/v2\/product"}],"about":[{"href":"https:\/\/buressa.com\/fr\/wp-json\/wp\/v2\/types\/product"}],"replies":[{"embeddable":true,"href":"https:\/\/buressa.com\/fr\/wp-json\/wp\/v2\/comments?post=148"}],"wp:featuredmedia":[{"embeddable":true,"href":"https:\/\/buressa.com\/fr\/wp-json\/wp\/v2\/media\/1023"}],"wp:attachment":[{"href":"https:\/\/buressa.com\/fr\/wp-json\/wp\/v2\/media?parent=148"}],"curies":[{"name":"wp","href":"https:\/\/api.w.org\/{rel}","templated":true}]}}