{"id":154,"date":"2015-07-10T13:33:09","date_gmt":"2015-07-10T11:33:09","guid":{"rendered":"http:\/\/buressa.com\/?post_type=product&#038;p=154"},"modified":"2021-06-07T14:38:21","modified_gmt":"2021-06-07T12:38:21","slug":"tierra-cactus","status":"publish","type":"product","link":"https:\/\/buressa.com\/fr\/product\/es-sustrato-para-cactus\/","title":{"rendered":"Terreau Pour Cactus"},"content":{"rendered":"Substrat sp\u00e9cifique pour cactus et tout type de plantes grasses, pr\u00e9par\u00e9 \u00e0 base de sables et pouzzolane volcanique. Substrat avec engrais.<\/p>\n<ul>\n<li>Il est tr\u00e8s poreux et drainant et garantit une bonne pouss\u00e9e des cactus en corrigeant les exc\u00e8s d&#8217;humidit\u00e9.<\/li>\n<li>R\u00e9hydratation facile: il retient l&#8217;eau suffisante.<\/li>\n<li>Milieu tr\u00e8s a\u00e9r\u00e9 qui r\u00e9duit les maladies de la tige des racines.<\/li>\n<\/ul>","protected":false},"excerpt":{"rendered":"<p>Substrat sp\u00e9cifique pour cactus et tout type de plantes grasses, pr\u00e9par\u00e9 \u00e0 base de sables et pouzzolane volcanique. Substrat avec engrais. Il est tr\u00e8s poreux et drainant et garantit une bonne pouss\u00e9e des cactus en corrigeant les exc\u00e8s d&#8217;humidit\u00e9. R\u00e9hydratation facile: il retient l&#8217;eau suffisante. Milieu tr\u00e8s a\u00e9r\u00e9 qui r\u00e9duit les maladies de la tige&#8230;<\/p>\n","protected":false},"featured_media":453,"comment_status":"open","ping_status":"closed","template":"","meta":[],"yoast_head":"<!-- This site is optimized with the Yoast SEO plugin v19.10 - https:\/\/yoast.com\/wordpress\/plugins\/seo\/ -->\n<title>Sustrato para Cactus, ideal para cact\u00e1ceas y planta crasa.<\/title>\n<meta name=\"description\" content=\"\u00bfQuieres que tus cactus crezcan sanos? El Sustrato para cactus de Bur\u00e9s garantiza una buena aireaci\u00f3n del medio y retiene el agua justa.\" \/>\n<meta name=\"robots\" content=\"index, follow, max-snippet:-1, max-image-preview:large, max-video-preview:-1\" \/>\n<link rel=\"canonical\" href=\"https:\/\/buressa.com\/ca\/producte\/substrat-per-cactus\/\" \/>\n<meta property=\"og:locale\" content=\"fr_FR\" \/>\n<meta property=\"og:type\" content=\"article\" \/>\n<meta property=\"og:title\" content=\"Sustrato para Cactus, ideal para cact\u00e1ceas y planta crasa.\" \/>\n<meta property=\"og:description\" content=\"\u00bfQuieres que tus cactus crezcan sanos? El Sustrato para cactus de Bur\u00e9s garantiza una buena aireaci\u00f3n del medio y retiene el agua justa.\" \/>\n<meta property=\"og:url\" content=\"https:\/\/buressa.com\/ca\/producte\/substrat-per-cactus\/\" \/>\n<meta property=\"og:site_name\" content=\"Bur\u00e9s S.A.U.\" \/>\n<meta property=\"article:modified_time\" content=\"2021-06-07T12:38:21+00:00\" \/>\n<meta property=\"og:image\" content=\"https:\/\/buressa.com\/wp-content\/uploads\/2015\/07\/sac_3D_cactus-10L.png\" \/>\n\t<meta property=\"og:image:width\" content=\"700\" \/>\n\t<meta property=\"og:image:height\" content=\"450\" \/>\n\t<meta property=\"og:image:type\" content=\"image\/png\" \/>\n<meta name=\"twitter:card\" content=\"summary_large_image\" \/>\n<meta name=\"twitter:label1\" content=\"Dur\u00e9e de lecture estim\u00e9e\" \/>\n\t<meta name=\"twitter:data1\" content=\"2 minutes\" \/>\n<script type=\"application\/ld+json\" class=\"yoast-schema-graph\">{\"@context\":\"https:\/\/schema.org\",\"@graph\":[{\"@type\":\"WebPage\",\"@id\":\"https:\/\/buressa.com\/ca\/producte\/substrat-per-cactus\/\",\"url\":\"https:\/\/buressa.com\/ca\/producte\/substrat-per-cactus\/\",\"name\":\"Sustrato para Cactus, ideal para cact\u00e1ceas y planta crasa.\",\"isPartOf\":{\"@id\":\"https:\/\/buressa.com\/en\/#website\"},\"datePublished\":\"2015-07-10T11:33:09+00:00\",\"dateModified\":\"2021-06-07T12:38:21+00:00\",\"description\":\"\u00bfQuieres que tus cactus crezcan sanos? El Sustrato para cactus de Bur\u00e9s garantiza una buena aireaci\u00f3n del medio y retiene el agua justa.\",\"breadcrumb\":{\"@id\":\"https:\/\/buressa.com\/ca\/producte\/substrat-per-cactus\/#breadcrumb\"},\"inLanguage\":\"fr-FR\",\"potentialAction\":[{\"@type\":\"ReadAction\",\"target\":[\"https:\/\/buressa.com\/ca\/producte\/substrat-per-cactus\/\"]}]},{\"@type\":\"BreadcrumbList\",\"@id\":\"https:\/\/buressa.com\/ca\/producte\/substrat-per-cactus\/#breadcrumb\",\"itemListElement\":[{\"@type\":\"ListItem\",\"position\":1,\"name\":\"Portada\",\"item\":\"https:\/\/buressa.com\/en\/\"},{\"@type\":\"ListItem\",\"position\":2,\"name\":\"Productos\",\"item\":\"https:\/\/buressa.com\/es\/shop\/\"},{\"@type\":\"ListItem\",\"position\":3,\"name\":\"Substrat per a Cactus\"}]},{\"@type\":\"WebSite\",\"@id\":\"https:\/\/buressa.com\/en\/#website\",\"url\":\"https:\/\/buressa.com\/en\/\",\"name\":\"Bur\u00e9s S.A.U.\",\"description\":\"Bur\u00e9s, la buena tierra. Fabricantes de tierras y sustratos para jardiner\u00eda.\",\"publisher\":{\"@id\":\"https:\/\/buressa.com\/en\/#organization\"},\"potentialAction\":[{\"@type\":\"SearchAction\",\"target\":{\"@type\":\"EntryPoint\",\"urlTemplate\":\"https:\/\/buressa.com\/en\/?s={search_term_string}\"},\"query-input\":\"required name=search_term_string\"}],\"inLanguage\":\"fr-FR\"},{\"@type\":\"Organization\",\"@id\":\"https:\/\/buressa.com\/en\/#organization\",\"name\":\"BUR\u00c9S, S.A.U.\",\"url\":\"https:\/\/buressa.com\/en\/\",\"logo\":{\"@type\":\"ImageObject\",\"inLanguage\":\"fr-FR\",\"@id\":\"https:\/\/buressa.com\/en\/#\/schema\/logo\/image\/\",\"url\":\"https:\/\/buressa.com\/wp-content\/uploads\/2015\/06\/bures-sense-marge-marro_ok.png\",\"contentUrl\":\"https:\/\/buressa.com\/wp-content\/uploads\/2015\/06\/bures-sense-marge-marro_ok.png\",\"width\":141,\"height\":102,\"caption\":\"BUR\u00c9S, S.A.U.\"},\"image\":{\"@id\":\"https:\/\/buressa.com\/en\/#\/schema\/logo\/image\/\"}}]}<\/script>\n<!-- \/ Yoast SEO plugin. -->","yoast_head_json":{"title":"Sustrato para Cactus, ideal para cact\u00e1ceas y planta crasa.","description":"\u00bfQuieres que tus cactus crezcan sanos? El Sustrato para cactus de Bur\u00e9s garantiza una buena aireaci\u00f3n del medio y retiene el agua justa.","robots":{"index":"index","follow":"follow","max-snippet":"max-snippet:-1","max-image-preview":"max-image-preview:large","max-video-preview":"max-video-preview:-1"},"canonical":"https:\/\/buressa.com\/ca\/producte\/substrat-per-cactus\/","og_locale":"fr_FR","og_type":"article","og_title":"Sustrato para Cactus, ideal para cact\u00e1ceas y planta crasa.","og_description":"\u00bfQuieres que tus cactus crezcan sanos? El Sustrato para cactus de Bur\u00e9s garantiza una buena aireaci\u00f3n del medio y retiene el agua justa.","og_url":"https:\/\/buressa.com\/ca\/producte\/substrat-per-cactus\/","og_site_name":"Bur\u00e9s S.A.U.","article_modified_time":"2021-06-07T12:38:21+00:00","og_image":[{"width":700,"height":450,"url":"https:\/\/buressa.com\/wp-content\/uploads\/2015\/07\/sac_3D_cactus-10L.png","type":"image\/png"}],"twitter_card":"summary_large_image","twitter_misc":{"Dur\u00e9e de lecture estim\u00e9e":"2 minutes"},"schema":{"@context":"https:\/\/schema.org","@graph":[{"@type":"WebPage","@id":"https:\/\/buressa.com\/ca\/producte\/substrat-per-cactus\/","url":"https:\/\/buressa.com\/ca\/producte\/substrat-per-cactus\/","name":"Sustrato para Cactus, ideal para cact\u00e1ceas y planta crasa.","isPartOf":{"@id":"https:\/\/buressa.com\/en\/#website"},"datePublished":"2015-07-10T11:33:09+00:00","dateModified":"2021-06-07T12:38:21+00:00","description":"\u00bfQuieres que tus cactus crezcan sanos? El Sustrato para cactus de Bur\u00e9s garantiza una buena aireaci\u00f3n del medio y retiene el agua justa.","breadcrumb":{"@id":"https:\/\/buressa.com\/ca\/producte\/substrat-per-cactus\/#breadcrumb"},"inLanguage":"fr-FR","potentialAction":[{"@type":"ReadAction","target":["https:\/\/buressa.com\/ca\/producte\/substrat-per-cactus\/"]}]},{"@type":"BreadcrumbList","@id":"https:\/\/buressa.com\/ca\/producte\/substrat-per-cactus\/#breadcrumb","itemListElement":[{"@type":"ListItem","position":1,"name":"Portada","item":"https:\/\/buressa.com\/en\/"},{"@type":"ListItem","position":2,"name":"Productos","item":"https:\/\/buressa.com\/es\/shop\/"},{"@type":"ListItem","position":3,"name":"Substrat per a Cactus"}]},{"@type":"WebSite","@id":"https:\/\/buressa.com\/en\/#website","url":"https:\/\/buressa.com\/en\/","name":"Bur\u00e9s S.A.U.","description":"Bur\u00e9s, la buena tierra. Fabricantes de tierras y sustratos para jardiner\u00eda.","publisher":{"@id":"https:\/\/buressa.com\/en\/#organization"},"potentialAction":[{"@type":"SearchAction","target":{"@type":"EntryPoint","urlTemplate":"https:\/\/buressa.com\/en\/?s={search_term_string}"},"query-input":"required name=search_term_string"}],"inLanguage":"fr-FR"},{"@type":"Organization","@id":"https:\/\/buressa.com\/en\/#organization","name":"BUR\u00c9S, S.A.U.","url":"https:\/\/buressa.com\/en\/","logo":{"@type":"ImageObject","inLanguage":"fr-FR","@id":"https:\/\/buressa.com\/en\/#\/schema\/logo\/image\/","url":"https:\/\/buressa.com\/wp-content\/uploads\/2015\/06\/bures-sense-marge-marro_ok.png","contentUrl":"https:\/\/buressa.com\/wp-content\/uploads\/2015\/06\/bures-sense-marge-marro_ok.png","width":141,"height":102,"caption":"BUR\u00c9S, S.A.U."},"image":{"@id":"https:\/\/buressa.com\/en\/#\/schema\/logo\/image\/"}}]}},"_links":{"self":[{"href":"https:\/\/buressa.com\/fr\/wp-json\/wp\/v2\/product\/154"}],"collection":[{"href":"https:\/\/buressa.com\/fr\/wp-json\/wp\/v2\/product"}],"about":[{"href":"https:\/\/buressa.com\/fr\/wp-json\/wp\/v2\/types\/product"}],"replies":[{"embeddable":true,"href":"https:\/\/buressa.com\/fr\/wp-json\/wp\/v2\/comments?post=154"}],"wp:featuredmedia":[{"embeddable":true,"href":"https:\/\/buressa.com\/fr\/wp-json\/wp\/v2\/media\/453"}],"wp:attachment":[{"href":"https:\/\/buressa.com\/fr\/wp-json\/wp\/v2\/media?parent=154"}],"curies":[{"name":"wp","href":"https:\/\/api.w.org\/{rel}","templated":true}]}}