{"id":1648,"date":"2020-07-24T11:10:15","date_gmt":"2020-07-24T09:10:15","guid":{"rendered":"https:\/\/buressa.com\/es\/?post_type=product&#038;p=1648"},"modified":"2023-02-10T15:47:25","modified_gmt":"2023-02-10T14:47:25","slug":"mantillo-granel","status":"publish","type":"product","link":"https:\/\/buressa.com\/fr\/product\/es-mantillo-ecologico-2\/","title":{"rendered":"(ES) Mantillo Ecol\u00f3gico"},"content":{"rendered":"<p class=\"qtranxs-available-languages-message qtranxs-available-languages-message-fr\">D\u00e9sol\u00e9, cet article est seulement disponible en <a href=\"https:\/\/buressa.com\/es\/wp-json\/wp\/v2\/product\/1648\" class=\"qtranxs-available-language-link qtranxs-available-language-link-es\" title=\"ES\">Espagnol Europ\u00e9en<\/a> et <a href=\"https:\/\/buressa.com\/ca\/wp-json\/wp\/v2\/product\/1648\" class=\"qtranxs-available-language-link qtranxs-available-language-link-ca\" title=\"CA\">Catalan<\/a>.<\/p>","protected":false},"excerpt":{"rendered":"<p>D\u00e9sol\u00e9, cet article est seulement disponible en Espagnol Europ\u00e9en et Catalan.<\/p>\n","protected":false},"featured_media":1650,"comment_status":"open","ping_status":"closed","template":"","meta":[],"yoast_head":"<!-- This site is optimized with the Yoast SEO plugin v19.10 - https:\/\/yoast.com\/wordpress\/plugins\/seo\/ -->\n<title>Mantillo, compost vegetal para el huerto y jardin. Con certificado ecol\u00f3gico.<\/title>\n<meta name=\"description\" content=\"El mantillo es un producto procedente de compostaje de fibras vegetales que incorporado al suelo de cultivo lo mejora y aporta nutrientes naturales.\" \/>\n<meta name=\"robots\" content=\"index, follow, max-snippet:-1, max-image-preview:large, max-video-preview:-1\" \/>\n<link rel=\"canonical\" href=\"https:\/\/buressa.com\/es\/producto\/mantillo-ecologico-2\/\" \/>\n<meta property=\"og:locale\" content=\"fr_FR\" \/>\n<meta property=\"og:type\" content=\"article\" \/>\n<meta property=\"og:title\" content=\"Mantillo, compost vegetal para el huerto y jardin. Con certificado ecol\u00f3gico.\" \/>\n<meta property=\"og:description\" content=\"El mantillo es un producto procedente de compostaje de fibras vegetales que incorporado al suelo de cultivo lo mejora y aporta nutrientes naturales.\" \/>\n<meta property=\"og:url\" content=\"https:\/\/buressa.com\/es\/producto\/mantillo-ecologico-2\/\" \/>\n<meta property=\"og:site_name\" content=\"Bur\u00e9s S.A.U.\" \/>\n<meta property=\"article:modified_time\" content=\"2023-02-10T14:47:25+00:00\" \/>\n<meta property=\"og:image\" content=\"https:\/\/buressa.com\/wp-content\/uploads\/2020\/07\/Mantillo-BR.jpg\" \/>\n\t<meta property=\"og:image:width\" content=\"640\" \/>\n\t<meta property=\"og:image:height\" content=\"480\" \/>\n\t<meta property=\"og:image:type\" content=\"image\/jpeg\" \/>\n<meta name=\"twitter:card\" content=\"summary_large_image\" \/>\n<meta name=\"twitter:label1\" content=\"Dur\u00e9e de lecture estim\u00e9e\" \/>\n\t<meta name=\"twitter:data1\" content=\"1 minute\" \/>\n<script type=\"application\/ld+json\" class=\"yoast-schema-graph\">{\"@context\":\"https:\/\/schema.org\",\"@graph\":[{\"@type\":\"WebPage\",\"@id\":\"https:\/\/buressa.com\/es\/producto\/mantillo-ecologico-2\/\",\"url\":\"https:\/\/buressa.com\/es\/producto\/mantillo-ecologico-2\/\",\"name\":\"Mantillo, compost vegetal para el huerto y jardin. Con certificado ecol\u00f3gico.\",\"isPartOf\":{\"@id\":\"https:\/\/buressa.com\/en\/#website\"},\"datePublished\":\"2020-07-24T09:10:15+00:00\",\"dateModified\":\"2023-02-10T14:47:25+00:00\",\"description\":\"El mantillo es un producto procedente de compostaje de fibras vegetales que incorporado al suelo de cultivo lo mejora y aporta nutrientes naturales.\",\"breadcrumb\":{\"@id\":\"https:\/\/buressa.com\/es\/producto\/mantillo-ecologico-2\/#breadcrumb\"},\"inLanguage\":\"fr-FR\",\"potentialAction\":[{\"@type\":\"ReadAction\",\"target\":[\"https:\/\/buressa.com\/es\/producto\/mantillo-ecologico-2\/\"]}]},{\"@type\":\"BreadcrumbList\",\"@id\":\"https:\/\/buressa.com\/es\/producto\/mantillo-ecologico-2\/#breadcrumb\",\"itemListElement\":[{\"@type\":\"ListItem\",\"position\":1,\"name\":\"Portada\",\"item\":\"https:\/\/buressa.com\/en\/\"},{\"@type\":\"ListItem\",\"position\":2,\"name\":\"Productos\",\"item\":\"https:\/\/buressa.com\/es\/shop\/\"},{\"@type\":\"ListItem\",\"position\":3,\"name\":\"Mantillo Ecol\u00f3gico\"}]},{\"@type\":\"WebSite\",\"@id\":\"https:\/\/buressa.com\/en\/#website\",\"url\":\"https:\/\/buressa.com\/en\/\",\"name\":\"Bur\u00e9s S.A.U.\",\"description\":\"Bur\u00e9s, la buena tierra. Fabricantes de tierras y sustratos para jardiner\u00eda.\",\"publisher\":{\"@id\":\"https:\/\/buressa.com\/en\/#organization\"},\"potentialAction\":[{\"@type\":\"SearchAction\",\"target\":{\"@type\":\"EntryPoint\",\"urlTemplate\":\"https:\/\/buressa.com\/en\/?s={search_term_string}\"},\"query-input\":\"required name=search_term_string\"}],\"inLanguage\":\"fr-FR\"},{\"@type\":\"Organization\",\"@id\":\"https:\/\/buressa.com\/en\/#organization\",\"name\":\"BUR\u00c9S, S.A.U.\",\"url\":\"https:\/\/buressa.com\/en\/\",\"logo\":{\"@type\":\"ImageObject\",\"inLanguage\":\"fr-FR\",\"@id\":\"https:\/\/buressa.com\/en\/#\/schema\/logo\/image\/\",\"url\":\"https:\/\/buressa.com\/wp-content\/uploads\/2015\/06\/bures-sense-marge-marro_ok.png\",\"contentUrl\":\"https:\/\/buressa.com\/wp-content\/uploads\/2015\/06\/bures-sense-marge-marro_ok.png\",\"width\":141,\"height\":102,\"caption\":\"BUR\u00c9S, S.A.U.\"},\"image\":{\"@id\":\"https:\/\/buressa.com\/en\/#\/schema\/logo\/image\/\"}}]}<\/script>\n<!-- \/ Yoast SEO plugin. -->","yoast_head_json":{"title":"Mantillo, compost vegetal para el huerto y jardin. Con certificado ecol\u00f3gico.","description":"El mantillo es un producto procedente de compostaje de fibras vegetales que incorporado al suelo de cultivo lo mejora y aporta nutrientes naturales.","robots":{"index":"index","follow":"follow","max-snippet":"max-snippet:-1","max-image-preview":"max-image-preview:large","max-video-preview":"max-video-preview:-1"},"canonical":"https:\/\/buressa.com\/es\/producto\/mantillo-ecologico-2\/","og_locale":"fr_FR","og_type":"article","og_title":"Mantillo, compost vegetal para el huerto y jardin. Con certificado ecol\u00f3gico.","og_description":"El mantillo es un producto procedente de compostaje de fibras vegetales que incorporado al suelo de cultivo lo mejora y aporta nutrientes naturales.","og_url":"https:\/\/buressa.com\/es\/producto\/mantillo-ecologico-2\/","og_site_name":"Bur\u00e9s S.A.U.","article_modified_time":"2023-02-10T14:47:25+00:00","og_image":[{"width":640,"height":480,"url":"https:\/\/buressa.com\/wp-content\/uploads\/2020\/07\/Mantillo-BR.jpg","type":"image\/jpeg"}],"twitter_card":"summary_large_image","twitter_misc":{"Dur\u00e9e de lecture estim\u00e9e":"1 minute"},"schema":{"@context":"https:\/\/schema.org","@graph":[{"@type":"WebPage","@id":"https:\/\/buressa.com\/es\/producto\/mantillo-ecologico-2\/","url":"https:\/\/buressa.com\/es\/producto\/mantillo-ecologico-2\/","name":"Mantillo, compost vegetal para el huerto y jardin. Con certificado ecol\u00f3gico.","isPartOf":{"@id":"https:\/\/buressa.com\/en\/#website"},"datePublished":"2020-07-24T09:10:15+00:00","dateModified":"2023-02-10T14:47:25+00:00","description":"El mantillo es un producto procedente de compostaje de fibras vegetales que incorporado al suelo de cultivo lo mejora y aporta nutrientes naturales.","breadcrumb":{"@id":"https:\/\/buressa.com\/es\/producto\/mantillo-ecologico-2\/#breadcrumb"},"inLanguage":"fr-FR","potentialAction":[{"@type":"ReadAction","target":["https:\/\/buressa.com\/es\/producto\/mantillo-ecologico-2\/"]}]},{"@type":"BreadcrumbList","@id":"https:\/\/buressa.com\/es\/producto\/mantillo-ecologico-2\/#breadcrumb","itemListElement":[{"@type":"ListItem","position":1,"name":"Portada","item":"https:\/\/buressa.com\/en\/"},{"@type":"ListItem","position":2,"name":"Productos","item":"https:\/\/buressa.com\/es\/shop\/"},{"@type":"ListItem","position":3,"name":"Mantillo Ecol\u00f3gico"}]},{"@type":"WebSite","@id":"https:\/\/buressa.com\/en\/#website","url":"https:\/\/buressa.com\/en\/","name":"Bur\u00e9s S.A.U.","description":"Bur\u00e9s, la buena tierra. Fabricantes de tierras y sustratos para jardiner\u00eda.","publisher":{"@id":"https:\/\/buressa.com\/en\/#organization"},"potentialAction":[{"@type":"SearchAction","target":{"@type":"EntryPoint","urlTemplate":"https:\/\/buressa.com\/en\/?s={search_term_string}"},"query-input":"required name=search_term_string"}],"inLanguage":"fr-FR"},{"@type":"Organization","@id":"https:\/\/buressa.com\/en\/#organization","name":"BUR\u00c9S, S.A.U.","url":"https:\/\/buressa.com\/en\/","logo":{"@type":"ImageObject","inLanguage":"fr-FR","@id":"https:\/\/buressa.com\/en\/#\/schema\/logo\/image\/","url":"https:\/\/buressa.com\/wp-content\/uploads\/2015\/06\/bures-sense-marge-marro_ok.png","contentUrl":"https:\/\/buressa.com\/wp-content\/uploads\/2015\/06\/bures-sense-marge-marro_ok.png","width":141,"height":102,"caption":"BUR\u00c9S, S.A.U."},"image":{"@id":"https:\/\/buressa.com\/en\/#\/schema\/logo\/image\/"}}]}},"_links":{"self":[{"href":"https:\/\/buressa.com\/fr\/wp-json\/wp\/v2\/product\/1648"}],"collection":[{"href":"https:\/\/buressa.com\/fr\/wp-json\/wp\/v2\/product"}],"about":[{"href":"https:\/\/buressa.com\/fr\/wp-json\/wp\/v2\/types\/product"}],"replies":[{"embeddable":true,"href":"https:\/\/buressa.com\/fr\/wp-json\/wp\/v2\/comments?post=1648"}],"wp:featuredmedia":[{"embeddable":true,"href":"https:\/\/buressa.com\/fr\/wp-json\/wp\/v2\/media\/1650"}],"wp:attachment":[{"href":"https:\/\/buressa.com\/fr\/wp-json\/wp\/v2\/media?parent=1648"}],"curies":[{"name":"wp","href":"https:\/\/api.w.org\/{rel}","templated":true}]}}