{"id":165,"date":"2015-07-10T15:21:44","date_gmt":"2015-07-10T15:21:44","guid":{"rendered":"http:\/\/buressa.com\/?post_type=product&#038;p=165"},"modified":"2021-06-08T08:43:12","modified_gmt":"2021-06-08T06:43:12","slug":"estiercol-de-caballo","status":"publish","type":"product","link":"https:\/\/buressa.com\/fr\/product\/es-estiercol-de-caballo\/","title":{"rendered":"(ES) Esti\u00e9rcol de Caballo"},"content":{"rendered":"Compost de fumier de cheval et fibres v\u00e9g\u00e9tales, m\u00fbri et tamis\u00e9, id\u00e9al pour les vergers et jardins. Produit\u00a0 hygi\u00e9nis\u00e9.<br \/>\n\u00b7 Incorpor\u00e9 au sol, il am\u00e9liore la capacit\u00e9 de r\u00e9tention d\u2019eau et nutriments.<br \/>\n\u00b7 Fort contenu en mati\u00e8re organique d\u2019origine animale.<\/p>\n<p>DOSE RECOMMAND\u00c9E: appliquer sur une \u00e9paisseur de 2 \u00e0 4 cm. Un sac de 50 L pour 2 m\u00b2.","protected":false},"excerpt":{"rendered":"<p>Compost de fumier de cheval et fibres v\u00e9g\u00e9tales, m\u00fbri et tamis\u00e9, id\u00e9al pour les vergers et jardins. Produit\u00a0 hygi\u00e9nis\u00e9. \u00b7 Incorpor\u00e9 au sol, il am\u00e9liore la capacit\u00e9 de r\u00e9tention d\u2019eau et nutriments. \u00b7 Fort contenu en mati\u00e8re organique d\u2019origine animale. DOSE RECOMMAND\u00c9E: appliquer sur une \u00e9paisseur de 2 \u00e0 4 cm. Un sac de 50&#8230;<\/p>\n","protected":false},"featured_media":1036,"comment_status":"open","ping_status":"closed","template":"","meta":[],"yoast_head":"<!-- This site is optimized with the Yoast SEO plugin v19.10 - https:\/\/yoast.com\/wordpress\/plugins\/seo\/ -->\n<title>Esti\u00e9rcol de caballo para mejorar huertos y jardines.<\/title>\n<meta name=\"description\" content=\"Compost de esti\u00e9rcol de caballo y fibras vegetales, madurado y cribado, adecuado para su aplicaci\u00f3n en la mejora del suelo de huertos y jardines.\" \/>\n<meta name=\"robots\" content=\"index, follow, max-snippet:-1, max-image-preview:large, max-video-preview:-1\" \/>\n<link rel=\"canonical\" href=\"https:\/\/buressa.com\/en\/product\/horse-manure\/\" \/>\n<meta property=\"og:locale\" content=\"fr_FR\" \/>\n<meta property=\"og:type\" content=\"article\" \/>\n<meta property=\"og:title\" content=\"Esti\u00e9rcol de caballo para mejorar huertos y jardines.\" \/>\n<meta property=\"og:description\" content=\"Compost de esti\u00e9rcol de caballo y fibras vegetales, madurado y cribado, adecuado para su aplicaci\u00f3n en la mejora del suelo de huertos y jardines.\" \/>\n<meta property=\"og:url\" content=\"https:\/\/buressa.com\/en\/product\/horse-manure\/\" \/>\n<meta property=\"og:site_name\" content=\"Bur\u00e9s S.A.U.\" \/>\n<meta property=\"article:modified_time\" content=\"2021-06-08T06:43:12+00:00\" \/>\n<meta property=\"og:image\" content=\"https:\/\/buressa.com\/wp-content\/uploads\/2015\/07\/Estiercol-de-Caballo-15L_nansa.png\" \/>\n\t<meta property=\"og:image:width\" content=\"700\" \/>\n\t<meta property=\"og:image:height\" content=\"450\" \/>\n\t<meta property=\"og:image:type\" content=\"image\/png\" \/>\n<meta name=\"twitter:card\" content=\"summary_large_image\" \/>\n<meta name=\"twitter:label1\" content=\"Dur\u00e9e de lecture estim\u00e9e\" \/>\n\t<meta name=\"twitter:data1\" content=\"1 minute\" \/>\n<script type=\"application\/ld+json\" class=\"yoast-schema-graph\">{\"@context\":\"https:\/\/schema.org\",\"@graph\":[{\"@type\":\"WebPage\",\"@id\":\"https:\/\/buressa.com\/en\/product\/horse-manure\/\",\"url\":\"https:\/\/buressa.com\/en\/product\/horse-manure\/\",\"name\":\"Esti\u00e9rcol de caballo para mejorar huertos y jardines.\",\"isPartOf\":{\"@id\":\"https:\/\/buressa.com\/en\/#website\"},\"datePublished\":\"2015-07-10T15:21:44+00:00\",\"dateModified\":\"2021-06-08T06:43:12+00:00\",\"description\":\"Compost de esti\u00e9rcol de caballo y fibras vegetales, madurado y cribado, adecuado para su aplicaci\u00f3n en la mejora del suelo de huertos y jardines.\",\"breadcrumb\":{\"@id\":\"https:\/\/buressa.com\/en\/product\/horse-manure\/#breadcrumb\"},\"inLanguage\":\"fr-FR\",\"potentialAction\":[{\"@type\":\"ReadAction\",\"target\":[\"https:\/\/buressa.com\/en\/product\/horse-manure\/\"]}]},{\"@type\":\"BreadcrumbList\",\"@id\":\"https:\/\/buressa.com\/en\/product\/horse-manure\/#breadcrumb\",\"itemListElement\":[{\"@type\":\"ListItem\",\"position\":1,\"name\":\"Portada\",\"item\":\"https:\/\/buressa.com\/en\/\"},{\"@type\":\"ListItem\",\"position\":2,\"name\":\"Productos\",\"item\":\"https:\/\/buressa.com\/es\/shop\/\"},{\"@type\":\"ListItem\",\"position\":3,\"name\":\"Horse Manure\"}]},{\"@type\":\"WebSite\",\"@id\":\"https:\/\/buressa.com\/en\/#website\",\"url\":\"https:\/\/buressa.com\/en\/\",\"name\":\"Bur\u00e9s S.A.U.\",\"description\":\"Bur\u00e9s, la buena tierra. Fabricantes de tierras y sustratos para jardiner\u00eda.\",\"publisher\":{\"@id\":\"https:\/\/buressa.com\/en\/#organization\"},\"potentialAction\":[{\"@type\":\"SearchAction\",\"target\":{\"@type\":\"EntryPoint\",\"urlTemplate\":\"https:\/\/buressa.com\/en\/?s={search_term_string}\"},\"query-input\":\"required name=search_term_string\"}],\"inLanguage\":\"fr-FR\"},{\"@type\":\"Organization\",\"@id\":\"https:\/\/buressa.com\/en\/#organization\",\"name\":\"BUR\u00c9S, S.A.U.\",\"url\":\"https:\/\/buressa.com\/en\/\",\"logo\":{\"@type\":\"ImageObject\",\"inLanguage\":\"fr-FR\",\"@id\":\"https:\/\/buressa.com\/en\/#\/schema\/logo\/image\/\",\"url\":\"https:\/\/buressa.com\/wp-content\/uploads\/2015\/06\/bures-sense-marge-marro_ok.png\",\"contentUrl\":\"https:\/\/buressa.com\/wp-content\/uploads\/2015\/06\/bures-sense-marge-marro_ok.png\",\"width\":141,\"height\":102,\"caption\":\"BUR\u00c9S, S.A.U.\"},\"image\":{\"@id\":\"https:\/\/buressa.com\/en\/#\/schema\/logo\/image\/\"}}]}<\/script>\n<!-- \/ Yoast SEO plugin. -->","yoast_head_json":{"title":"Esti\u00e9rcol de caballo para mejorar huertos y jardines.","description":"Compost de esti\u00e9rcol de caballo y fibras vegetales, madurado y cribado, adecuado para su aplicaci\u00f3n en la mejora del suelo de huertos y jardines.","robots":{"index":"index","follow":"follow","max-snippet":"max-snippet:-1","max-image-preview":"max-image-preview:large","max-video-preview":"max-video-preview:-1"},"canonical":"https:\/\/buressa.com\/en\/product\/horse-manure\/","og_locale":"fr_FR","og_type":"article","og_title":"Esti\u00e9rcol de caballo para mejorar huertos y jardines.","og_description":"Compost de esti\u00e9rcol de caballo y fibras vegetales, madurado y cribado, adecuado para su aplicaci\u00f3n en la mejora del suelo de huertos y jardines.","og_url":"https:\/\/buressa.com\/en\/product\/horse-manure\/","og_site_name":"Bur\u00e9s S.A.U.","article_modified_time":"2021-06-08T06:43:12+00:00","og_image":[{"width":700,"height":450,"url":"https:\/\/buressa.com\/wp-content\/uploads\/2015\/07\/Estiercol-de-Caballo-15L_nansa.png","type":"image\/png"}],"twitter_card":"summary_large_image","twitter_misc":{"Dur\u00e9e de lecture estim\u00e9e":"1 minute"},"schema":{"@context":"https:\/\/schema.org","@graph":[{"@type":"WebPage","@id":"https:\/\/buressa.com\/en\/product\/horse-manure\/","url":"https:\/\/buressa.com\/en\/product\/horse-manure\/","name":"Esti\u00e9rcol de caballo para mejorar huertos y jardines.","isPartOf":{"@id":"https:\/\/buressa.com\/en\/#website"},"datePublished":"2015-07-10T15:21:44+00:00","dateModified":"2021-06-08T06:43:12+00:00","description":"Compost de esti\u00e9rcol de caballo y fibras vegetales, madurado y cribado, adecuado para su aplicaci\u00f3n en la mejora del suelo de huertos y jardines.","breadcrumb":{"@id":"https:\/\/buressa.com\/en\/product\/horse-manure\/#breadcrumb"},"inLanguage":"fr-FR","potentialAction":[{"@type":"ReadAction","target":["https:\/\/buressa.com\/en\/product\/horse-manure\/"]}]},{"@type":"BreadcrumbList","@id":"https:\/\/buressa.com\/en\/product\/horse-manure\/#breadcrumb","itemListElement":[{"@type":"ListItem","position":1,"name":"Portada","item":"https:\/\/buressa.com\/en\/"},{"@type":"ListItem","position":2,"name":"Productos","item":"https:\/\/buressa.com\/es\/shop\/"},{"@type":"ListItem","position":3,"name":"Horse Manure"}]},{"@type":"WebSite","@id":"https:\/\/buressa.com\/en\/#website","url":"https:\/\/buressa.com\/en\/","name":"Bur\u00e9s S.A.U.","description":"Bur\u00e9s, la buena tierra. Fabricantes de tierras y sustratos para jardiner\u00eda.","publisher":{"@id":"https:\/\/buressa.com\/en\/#organization"},"potentialAction":[{"@type":"SearchAction","target":{"@type":"EntryPoint","urlTemplate":"https:\/\/buressa.com\/en\/?s={search_term_string}"},"query-input":"required name=search_term_string"}],"inLanguage":"fr-FR"},{"@type":"Organization","@id":"https:\/\/buressa.com\/en\/#organization","name":"BUR\u00c9S, S.A.U.","url":"https:\/\/buressa.com\/en\/","logo":{"@type":"ImageObject","inLanguage":"fr-FR","@id":"https:\/\/buressa.com\/en\/#\/schema\/logo\/image\/","url":"https:\/\/buressa.com\/wp-content\/uploads\/2015\/06\/bures-sense-marge-marro_ok.png","contentUrl":"https:\/\/buressa.com\/wp-content\/uploads\/2015\/06\/bures-sense-marge-marro_ok.png","width":141,"height":102,"caption":"BUR\u00c9S, S.A.U."},"image":{"@id":"https:\/\/buressa.com\/en\/#\/schema\/logo\/image\/"}}]}},"_links":{"self":[{"href":"https:\/\/buressa.com\/fr\/wp-json\/wp\/v2\/product\/165"}],"collection":[{"href":"https:\/\/buressa.com\/fr\/wp-json\/wp\/v2\/product"}],"about":[{"href":"https:\/\/buressa.com\/fr\/wp-json\/wp\/v2\/types\/product"}],"replies":[{"embeddable":true,"href":"https:\/\/buressa.com\/fr\/wp-json\/wp\/v2\/comments?post=165"}],"wp:featuredmedia":[{"embeddable":true,"href":"https:\/\/buressa.com\/fr\/wp-json\/wp\/v2\/media\/1036"}],"wp:attachment":[{"href":"https:\/\/buressa.com\/fr\/wp-json\/wp\/v2\/media?parent=165"}],"curies":[{"name":"wp","href":"https:\/\/api.w.org\/{rel}","templated":true}]}}