{"id":167,"date":"2015-07-10T15:26:08","date_gmt":"2015-07-10T15:26:08","guid":{"rendered":"http:\/\/buressa.com\/?post_type=product&#038;p=167"},"modified":"2021-06-22T15:49:30","modified_gmt":"2021-06-22T13:49:30","slug":"enervit-organico","status":"publish","type":"product","link":"https:\/\/buressa.com\/fr\/product\/es-enervit-organico\/","title":{"rendered":"(ES) Enervit Org\u00e1nico"},"content":{"rendered":"<p class=\"qtranxs-available-languages-message qtranxs-available-languages-message-fr\">D\u00e9sol\u00e9, cet article est seulement disponible en <a href=\"https:\/\/buressa.com\/es\/wp-json\/wp\/v2\/product\/167\" class=\"qtranxs-available-language-link qtranxs-available-language-link-es\" title=\"ES\">Espagnol Europ\u00e9en<\/a> et <a href=\"https:\/\/buressa.com\/ca\/wp-json\/wp\/v2\/product\/167\" class=\"qtranxs-available-language-link qtranxs-available-language-link-ca\" title=\"CA\">Catalan<\/a>.<\/p>","protected":false},"excerpt":{"rendered":"<p>D\u00e9sol\u00e9, cet article est seulement disponible en Espagnol Europ\u00e9en et Catalan.<\/p>\n","protected":false},"featured_media":1656,"comment_status":"open","ping_status":"closed","template":"","meta":[],"yoast_head":"<!-- This site is optimized with the Yoast SEO plugin v19.10 - https:\/\/yoast.com\/wordpress\/plugins\/seo\/ -->\n<title>Enervit org\u00e1nico, enmienda org\u00e1nica h\u00famica para la mejora de cultivos.<\/title>\n<meta name=\"description\" content=\"Producto alternativo a enmiendas org\u00e1nicas tradicionales. Obtenido a partir de productos vegetales y org\u00e1nicos sometidos a un proceso de compostaje aerobio.\" \/>\n<meta name=\"robots\" content=\"index, follow, max-snippet:-1, max-image-preview:large, max-video-preview:-1\" \/>\n<link rel=\"canonical\" href=\"https:\/\/buressa.com\/en\/product\/es-enervit-organico\/\" \/>\n<meta property=\"og:locale\" content=\"fr_FR\" \/>\n<meta property=\"og:type\" content=\"article\" \/>\n<meta property=\"og:title\" content=\"Enervit org\u00e1nico, enmienda org\u00e1nica h\u00famica para la mejora de cultivos.\" \/>\n<meta property=\"og:description\" content=\"Producto alternativo a enmiendas org\u00e1nicas tradicionales. Obtenido a partir de productos vegetales y org\u00e1nicos sometidos a un proceso de compostaje aerobio.\" \/>\n<meta property=\"og:url\" content=\"https:\/\/buressa.com\/en\/product\/es-enervit-organico\/\" \/>\n<meta property=\"og:site_name\" content=\"Bur\u00e9s S.A.U.\" \/>\n<meta property=\"article:modified_time\" content=\"2021-06-22T13:49:30+00:00\" \/>\n<meta property=\"og:image\" content=\"https:\/\/buressa.com\/wp-content\/uploads\/2015\/07\/ENERVIT-ORGANIC-BR.jpg\" \/>\n\t<meta property=\"og:image:width\" content=\"640\" \/>\n\t<meta property=\"og:image:height\" content=\"360\" \/>\n\t<meta property=\"og:image:type\" content=\"image\/jpeg\" \/>\n<meta name=\"twitter:card\" content=\"summary_large_image\" \/>\n<meta name=\"twitter:label1\" content=\"Dur\u00e9e de lecture estim\u00e9e\" \/>\n\t<meta name=\"twitter:data1\" content=\"1 minute\" \/>\n<script type=\"application\/ld+json\" class=\"yoast-schema-graph\">{\"@context\":\"https:\/\/schema.org\",\"@graph\":[{\"@type\":\"WebPage\",\"@id\":\"https:\/\/buressa.com\/en\/product\/es-enervit-organico\/\",\"url\":\"https:\/\/buressa.com\/en\/product\/es-enervit-organico\/\",\"name\":\"Enervit org\u00e1nico, enmienda org\u00e1nica h\u00famica para la mejora de cultivos.\",\"isPartOf\":{\"@id\":\"https:\/\/buressa.com\/en\/#website\"},\"datePublished\":\"2015-07-10T15:26:08+00:00\",\"dateModified\":\"2021-06-22T13:49:30+00:00\",\"description\":\"Producto alternativo a enmiendas org\u00e1nicas tradicionales. Obtenido a partir de productos vegetales y org\u00e1nicos sometidos a un proceso de compostaje aerobio.\",\"breadcrumb\":{\"@id\":\"https:\/\/buressa.com\/en\/product\/es-enervit-organico\/#breadcrumb\"},\"inLanguage\":\"fr-FR\",\"potentialAction\":[{\"@type\":\"ReadAction\",\"target\":[\"https:\/\/buressa.com\/en\/product\/es-enervit-organico\/\"]}]},{\"@type\":\"BreadcrumbList\",\"@id\":\"https:\/\/buressa.com\/en\/product\/es-enervit-organico\/#breadcrumb\",\"itemListElement\":[{\"@type\":\"ListItem\",\"position\":1,\"name\":\"Portada\",\"item\":\"https:\/\/buressa.com\/en\/\"},{\"@type\":\"ListItem\",\"position\":2,\"name\":\"Productos\",\"item\":\"https:\/\/buressa.com\/es\/shop\/\"},{\"@type\":\"ListItem\",\"position\":3,\"name\":\"(ES) Enervit Org\u00e1nico\"}]},{\"@type\":\"WebSite\",\"@id\":\"https:\/\/buressa.com\/en\/#website\",\"url\":\"https:\/\/buressa.com\/en\/\",\"name\":\"Bur\u00e9s S.A.U.\",\"description\":\"Bur\u00e9s, la buena tierra. Fabricantes de tierras y sustratos para jardiner\u00eda.\",\"publisher\":{\"@id\":\"https:\/\/buressa.com\/en\/#organization\"},\"potentialAction\":[{\"@type\":\"SearchAction\",\"target\":{\"@type\":\"EntryPoint\",\"urlTemplate\":\"https:\/\/buressa.com\/en\/?s={search_term_string}\"},\"query-input\":\"required name=search_term_string\"}],\"inLanguage\":\"fr-FR\"},{\"@type\":\"Organization\",\"@id\":\"https:\/\/buressa.com\/en\/#organization\",\"name\":\"BUR\u00c9S, S.A.U.\",\"url\":\"https:\/\/buressa.com\/en\/\",\"logo\":{\"@type\":\"ImageObject\",\"inLanguage\":\"fr-FR\",\"@id\":\"https:\/\/buressa.com\/en\/#\/schema\/logo\/image\/\",\"url\":\"https:\/\/buressa.com\/wp-content\/uploads\/2015\/06\/bures-sense-marge-marro_ok.png\",\"contentUrl\":\"https:\/\/buressa.com\/wp-content\/uploads\/2015\/06\/bures-sense-marge-marro_ok.png\",\"width\":141,\"height\":102,\"caption\":\"BUR\u00c9S, S.A.U.\"},\"image\":{\"@id\":\"https:\/\/buressa.com\/en\/#\/schema\/logo\/image\/\"}}]}<\/script>\n<!-- \/ Yoast SEO plugin. -->","yoast_head_json":{"title":"Enervit org\u00e1nico, enmienda org\u00e1nica h\u00famica para la mejora de cultivos.","description":"Producto alternativo a enmiendas org\u00e1nicas tradicionales. Obtenido a partir de productos vegetales y org\u00e1nicos sometidos a un proceso de compostaje aerobio.","robots":{"index":"index","follow":"follow","max-snippet":"max-snippet:-1","max-image-preview":"max-image-preview:large","max-video-preview":"max-video-preview:-1"},"canonical":"https:\/\/buressa.com\/en\/product\/es-enervit-organico\/","og_locale":"fr_FR","og_type":"article","og_title":"Enervit org\u00e1nico, enmienda org\u00e1nica h\u00famica para la mejora de cultivos.","og_description":"Producto alternativo a enmiendas org\u00e1nicas tradicionales. Obtenido a partir de productos vegetales y org\u00e1nicos sometidos a un proceso de compostaje aerobio.","og_url":"https:\/\/buressa.com\/en\/product\/es-enervit-organico\/","og_site_name":"Bur\u00e9s S.A.U.","article_modified_time":"2021-06-22T13:49:30+00:00","og_image":[{"width":640,"height":360,"url":"https:\/\/buressa.com\/wp-content\/uploads\/2015\/07\/ENERVIT-ORGANIC-BR.jpg","type":"image\/jpeg"}],"twitter_card":"summary_large_image","twitter_misc":{"Dur\u00e9e de lecture estim\u00e9e":"1 minute"},"schema":{"@context":"https:\/\/schema.org","@graph":[{"@type":"WebPage","@id":"https:\/\/buressa.com\/en\/product\/es-enervit-organico\/","url":"https:\/\/buressa.com\/en\/product\/es-enervit-organico\/","name":"Enervit org\u00e1nico, enmienda org\u00e1nica h\u00famica para la mejora de cultivos.","isPartOf":{"@id":"https:\/\/buressa.com\/en\/#website"},"datePublished":"2015-07-10T15:26:08+00:00","dateModified":"2021-06-22T13:49:30+00:00","description":"Producto alternativo a enmiendas org\u00e1nicas tradicionales. Obtenido a partir de productos vegetales y org\u00e1nicos sometidos a un proceso de compostaje aerobio.","breadcrumb":{"@id":"https:\/\/buressa.com\/en\/product\/es-enervit-organico\/#breadcrumb"},"inLanguage":"fr-FR","potentialAction":[{"@type":"ReadAction","target":["https:\/\/buressa.com\/en\/product\/es-enervit-organico\/"]}]},{"@type":"BreadcrumbList","@id":"https:\/\/buressa.com\/en\/product\/es-enervit-organico\/#breadcrumb","itemListElement":[{"@type":"ListItem","position":1,"name":"Portada","item":"https:\/\/buressa.com\/en\/"},{"@type":"ListItem","position":2,"name":"Productos","item":"https:\/\/buressa.com\/es\/shop\/"},{"@type":"ListItem","position":3,"name":"(ES) Enervit Org\u00e1nico"}]},{"@type":"WebSite","@id":"https:\/\/buressa.com\/en\/#website","url":"https:\/\/buressa.com\/en\/","name":"Bur\u00e9s S.A.U.","description":"Bur\u00e9s, la buena tierra. Fabricantes de tierras y sustratos para jardiner\u00eda.","publisher":{"@id":"https:\/\/buressa.com\/en\/#organization"},"potentialAction":[{"@type":"SearchAction","target":{"@type":"EntryPoint","urlTemplate":"https:\/\/buressa.com\/en\/?s={search_term_string}"},"query-input":"required name=search_term_string"}],"inLanguage":"fr-FR"},{"@type":"Organization","@id":"https:\/\/buressa.com\/en\/#organization","name":"BUR\u00c9S, S.A.U.","url":"https:\/\/buressa.com\/en\/","logo":{"@type":"ImageObject","inLanguage":"fr-FR","@id":"https:\/\/buressa.com\/en\/#\/schema\/logo\/image\/","url":"https:\/\/buressa.com\/wp-content\/uploads\/2015\/06\/bures-sense-marge-marro_ok.png","contentUrl":"https:\/\/buressa.com\/wp-content\/uploads\/2015\/06\/bures-sense-marge-marro_ok.png","width":141,"height":102,"caption":"BUR\u00c9S, S.A.U."},"image":{"@id":"https:\/\/buressa.com\/en\/#\/schema\/logo\/image\/"}}]}},"_links":{"self":[{"href":"https:\/\/buressa.com\/fr\/wp-json\/wp\/v2\/product\/167"}],"collection":[{"href":"https:\/\/buressa.com\/fr\/wp-json\/wp\/v2\/product"}],"about":[{"href":"https:\/\/buressa.com\/fr\/wp-json\/wp\/v2\/types\/product"}],"replies":[{"embeddable":true,"href":"https:\/\/buressa.com\/fr\/wp-json\/wp\/v2\/comments?post=167"}],"wp:featuredmedia":[{"embeddable":true,"href":"https:\/\/buressa.com\/fr\/wp-json\/wp\/v2\/media\/1656"}],"wp:attachment":[{"href":"https:\/\/buressa.com\/fr\/wp-json\/wp\/v2\/media?parent=167"}],"curies":[{"name":"wp","href":"https:\/\/api.w.org\/{rel}","templated":true}]}}