{"id":168,"date":"2015-07-10T15:29:42","date_gmt":"2015-07-10T15:29:42","guid":{"rendered":"http:\/\/buressa.com\/?post_type=product&#038;p=168"},"modified":"2021-06-14T10:29:06","modified_gmt":"2021-06-14T08:29:06","slug":"arcilla-expandida","status":"publish","type":"product","link":"https:\/\/buressa.com\/fr\/product\/es-arcilla-expandida\/","title":{"rendered":"(ES) Arcilla Expandida"},"content":{"rendered":"Argile expans\u00e9e par action thermique sp\u00e9ciale pour la culture et taille de particules de 8 \u00e0 16 mm, id\u00e9ale pour un usage en hydroponie, pr\u00e9paration de m\u00e9langes et drainages en jardini\u00e8res.<\/p>\n<ul>\n<li>Produit de tr\u00e8s faible densit\u00e9 (tr\u00e8s l\u00e9ger).<\/li>\n<li>Faible contenu en sels d\u00fb \u00e0 l\u2019origine des argiles.<\/li>\n<li>Id\u00e9ale pour augmenter la porosit\u00e9 et l\u2019a\u00e9ration dans les m\u00e9langes de substrats.<\/li>\n<\/ul>","protected":false},"excerpt":{"rendered":"<p>Argile expans\u00e9e par action thermique sp\u00e9ciale pour la culture et taille de particules de 8 \u00e0 16 mm, id\u00e9ale pour un usage en hydroponie, pr\u00e9paration de m\u00e9langes et drainages en jardini\u00e8res. Produit de tr\u00e8s faible densit\u00e9 (tr\u00e8s l\u00e9ger). Faible contenu en sels d\u00fb \u00e0 l\u2019origine des argiles. Id\u00e9ale pour augmenter la porosit\u00e9 et l\u2019a\u00e9ration dans&#8230;<\/p>\n","protected":false},"featured_media":1602,"comment_status":"open","ping_status":"closed","template":"","meta":[],"yoast_head":"<!-- This site is optimized with the Yoast SEO plugin v19.10 - https:\/\/yoast.com\/wordpress\/plugins\/seo\/ -->\n<title>Arcilla expandida, para un buen drenaje en hidrojardineras.<\/title>\n<meta name=\"description\" content=\"La Arcilla expandida es un producto ideal para utilizar en mezclas de sustratos, hidropon\u00eda, drenajes y como elemento decorativo.\" \/>\n<meta name=\"robots\" content=\"index, follow, max-snippet:-1, max-image-preview:large, max-video-preview:-1\" \/>\n<link rel=\"canonical\" href=\"https:\/\/buressa.com\/en\/product\/es-arcilla-expandida\/\" \/>\n<meta property=\"og:locale\" content=\"fr_FR\" \/>\n<meta property=\"og:type\" content=\"article\" \/>\n<meta property=\"og:title\" content=\"Arcilla expandida, para un buen drenaje en hidrojardineras.\" \/>\n<meta property=\"og:description\" content=\"La Arcilla expandida es un producto ideal para utilizar en mezclas de sustratos, hidropon\u00eda, drenajes y como elemento decorativo.\" \/>\n<meta property=\"og:url\" content=\"https:\/\/buressa.com\/en\/product\/es-arcilla-expandida\/\" \/>\n<meta property=\"og:site_name\" content=\"Bur\u00e9s S.A.U.\" \/>\n<meta property=\"article:modified_time\" content=\"2021-06-14T08:29:06+00:00\" \/>\n<meta property=\"og:image\" content=\"https:\/\/buressa.com\/wp-content\/uploads\/2015\/07\/arcilla-expandida-1.jpg\" \/>\n\t<meta property=\"og:image:width\" content=\"350\" \/>\n\t<meta property=\"og:image:height\" content=\"225\" \/>\n\t<meta property=\"og:image:type\" content=\"image\/jpeg\" \/>\n<meta name=\"twitter:card\" content=\"summary_large_image\" \/>\n<meta name=\"twitter:label1\" content=\"Dur\u00e9e de lecture estim\u00e9e\" \/>\n\t<meta name=\"twitter:data1\" content=\"2 minutes\" \/>\n<script type=\"application\/ld+json\" class=\"yoast-schema-graph\">{\"@context\":\"https:\/\/schema.org\",\"@graph\":[{\"@type\":\"WebPage\",\"@id\":\"https:\/\/buressa.com\/en\/product\/es-arcilla-expandida\/\",\"url\":\"https:\/\/buressa.com\/en\/product\/es-arcilla-expandida\/\",\"name\":\"Arcilla expandida, para un buen drenaje en hidrojardineras.\",\"isPartOf\":{\"@id\":\"https:\/\/buressa.com\/en\/#website\"},\"datePublished\":\"2015-07-10T15:29:42+00:00\",\"dateModified\":\"2021-06-14T08:29:06+00:00\",\"description\":\"La Arcilla expandida es un producto ideal para utilizar en mezclas de sustratos, hidropon\u00eda, drenajes y como elemento decorativo.\",\"breadcrumb\":{\"@id\":\"https:\/\/buressa.com\/en\/product\/es-arcilla-expandida\/#breadcrumb\"},\"inLanguage\":\"fr-FR\",\"potentialAction\":[{\"@type\":\"ReadAction\",\"target\":[\"https:\/\/buressa.com\/en\/product\/es-arcilla-expandida\/\"]}]},{\"@type\":\"BreadcrumbList\",\"@id\":\"https:\/\/buressa.com\/en\/product\/es-arcilla-expandida\/#breadcrumb\",\"itemListElement\":[{\"@type\":\"ListItem\",\"position\":1,\"name\":\"Portada\",\"item\":\"https:\/\/buressa.com\/en\/\"},{\"@type\":\"ListItem\",\"position\":2,\"name\":\"Productos\",\"item\":\"https:\/\/buressa.com\/es\/shop\/\"},{\"@type\":\"ListItem\",\"position\":3,\"name\":\"(ES) Arcilla Expandida\"}]},{\"@type\":\"WebSite\",\"@id\":\"https:\/\/buressa.com\/en\/#website\",\"url\":\"https:\/\/buressa.com\/en\/\",\"name\":\"Bur\u00e9s S.A.U.\",\"description\":\"Bur\u00e9s, la buena tierra. Fabricantes de tierras y sustratos para jardiner\u00eda.\",\"publisher\":{\"@id\":\"https:\/\/buressa.com\/en\/#organization\"},\"potentialAction\":[{\"@type\":\"SearchAction\",\"target\":{\"@type\":\"EntryPoint\",\"urlTemplate\":\"https:\/\/buressa.com\/en\/?s={search_term_string}\"},\"query-input\":\"required name=search_term_string\"}],\"inLanguage\":\"fr-FR\"},{\"@type\":\"Organization\",\"@id\":\"https:\/\/buressa.com\/en\/#organization\",\"name\":\"BUR\u00c9S, S.A.U.\",\"url\":\"https:\/\/buressa.com\/en\/\",\"logo\":{\"@type\":\"ImageObject\",\"inLanguage\":\"fr-FR\",\"@id\":\"https:\/\/buressa.com\/en\/#\/schema\/logo\/image\/\",\"url\":\"https:\/\/buressa.com\/wp-content\/uploads\/2015\/06\/bures-sense-marge-marro_ok.png\",\"contentUrl\":\"https:\/\/buressa.com\/wp-content\/uploads\/2015\/06\/bures-sense-marge-marro_ok.png\",\"width\":141,\"height\":102,\"caption\":\"BUR\u00c9S, S.A.U.\"},\"image\":{\"@id\":\"https:\/\/buressa.com\/en\/#\/schema\/logo\/image\/\"}}]}<\/script>\n<!-- \/ Yoast SEO plugin. -->","yoast_head_json":{"title":"Arcilla expandida, para un buen drenaje en hidrojardineras.","description":"La Arcilla expandida es un producto ideal para utilizar en mezclas de sustratos, hidropon\u00eda, drenajes y como elemento decorativo.","robots":{"index":"index","follow":"follow","max-snippet":"max-snippet:-1","max-image-preview":"max-image-preview:large","max-video-preview":"max-video-preview:-1"},"canonical":"https:\/\/buressa.com\/en\/product\/es-arcilla-expandida\/","og_locale":"fr_FR","og_type":"article","og_title":"Arcilla expandida, para un buen drenaje en hidrojardineras.","og_description":"La Arcilla expandida es un producto ideal para utilizar en mezclas de sustratos, hidropon\u00eda, drenajes y como elemento decorativo.","og_url":"https:\/\/buressa.com\/en\/product\/es-arcilla-expandida\/","og_site_name":"Bur\u00e9s S.A.U.","article_modified_time":"2021-06-14T08:29:06+00:00","og_image":[{"width":350,"height":225,"url":"https:\/\/buressa.com\/wp-content\/uploads\/2015\/07\/arcilla-expandida-1.jpg","type":"image\/jpeg"}],"twitter_card":"summary_large_image","twitter_misc":{"Dur\u00e9e de lecture estim\u00e9e":"2 minutes"},"schema":{"@context":"https:\/\/schema.org","@graph":[{"@type":"WebPage","@id":"https:\/\/buressa.com\/en\/product\/es-arcilla-expandida\/","url":"https:\/\/buressa.com\/en\/product\/es-arcilla-expandida\/","name":"Arcilla expandida, para un buen drenaje en hidrojardineras.","isPartOf":{"@id":"https:\/\/buressa.com\/en\/#website"},"datePublished":"2015-07-10T15:29:42+00:00","dateModified":"2021-06-14T08:29:06+00:00","description":"La Arcilla expandida es un producto ideal para utilizar en mezclas de sustratos, hidropon\u00eda, drenajes y como elemento decorativo.","breadcrumb":{"@id":"https:\/\/buressa.com\/en\/product\/es-arcilla-expandida\/#breadcrumb"},"inLanguage":"fr-FR","potentialAction":[{"@type":"ReadAction","target":["https:\/\/buressa.com\/en\/product\/es-arcilla-expandida\/"]}]},{"@type":"BreadcrumbList","@id":"https:\/\/buressa.com\/en\/product\/es-arcilla-expandida\/#breadcrumb","itemListElement":[{"@type":"ListItem","position":1,"name":"Portada","item":"https:\/\/buressa.com\/en\/"},{"@type":"ListItem","position":2,"name":"Productos","item":"https:\/\/buressa.com\/es\/shop\/"},{"@type":"ListItem","position":3,"name":"(ES) Arcilla Expandida"}]},{"@type":"WebSite","@id":"https:\/\/buressa.com\/en\/#website","url":"https:\/\/buressa.com\/en\/","name":"Bur\u00e9s S.A.U.","description":"Bur\u00e9s, la buena tierra. Fabricantes de tierras y sustratos para jardiner\u00eda.","publisher":{"@id":"https:\/\/buressa.com\/en\/#organization"},"potentialAction":[{"@type":"SearchAction","target":{"@type":"EntryPoint","urlTemplate":"https:\/\/buressa.com\/en\/?s={search_term_string}"},"query-input":"required name=search_term_string"}],"inLanguage":"fr-FR"},{"@type":"Organization","@id":"https:\/\/buressa.com\/en\/#organization","name":"BUR\u00c9S, S.A.U.","url":"https:\/\/buressa.com\/en\/","logo":{"@type":"ImageObject","inLanguage":"fr-FR","@id":"https:\/\/buressa.com\/en\/#\/schema\/logo\/image\/","url":"https:\/\/buressa.com\/wp-content\/uploads\/2015\/06\/bures-sense-marge-marro_ok.png","contentUrl":"https:\/\/buressa.com\/wp-content\/uploads\/2015\/06\/bures-sense-marge-marro_ok.png","width":141,"height":102,"caption":"BUR\u00c9S, S.A.U."},"image":{"@id":"https:\/\/buressa.com\/en\/#\/schema\/logo\/image\/"}}]}},"_links":{"self":[{"href":"https:\/\/buressa.com\/fr\/wp-json\/wp\/v2\/product\/168"}],"collection":[{"href":"https:\/\/buressa.com\/fr\/wp-json\/wp\/v2\/product"}],"about":[{"href":"https:\/\/buressa.com\/fr\/wp-json\/wp\/v2\/types\/product"}],"replies":[{"embeddable":true,"href":"https:\/\/buressa.com\/fr\/wp-json\/wp\/v2\/comments?post=168"}],"wp:featuredmedia":[{"embeddable":true,"href":"https:\/\/buressa.com\/fr\/wp-json\/wp\/v2\/media\/1602"}],"wp:attachment":[{"href":"https:\/\/buressa.com\/fr\/wp-json\/wp\/v2\/media?parent=168"}],"curies":[{"name":"wp","href":"https:\/\/api.w.org\/{rel}","templated":true}]}}